{"id":211,"date":"2022-03-07T16:00:03","date_gmt":"2022-03-07T15:00:03","guid":{"rendered":"http:\/\/alquilerdeinstrumentos.com\/?page_id=211"},"modified":"2025-10-13T19:56:36","modified_gmt":"2025-10-13T17:56:36","slug":"percusion","status":"publish","type":"page","link":"https:\/\/alquilerdeinstrumentos.com\/index.php\/percusion\/","title":{"rendered":"PERCUSI\u00d3N"},"content":{"rendered":"<div class='content-column one_half'><div style=\"padding-right:5px;padding-left:5px;\"><strong><span style=\"font-family: Arial;\">TIMBALES\u00a0<\/span>Majestic\u00a0 Harmonic<\/strong><\/p>\n<p>Timbal de concierto con caldera de fibra y sistema de afinaci\u00f3n autom\u00e1tico mediante pedal. Patas plegables para facilitar el transporte. Incorpora un indicador de afinaci\u00f3n. Parche Remo. 23, 26, 29, 32 pulgadas.<\/p>\n<p style=\"text-align: center;\"><a href=\"http:\/\/alquilerdeinstrumentos.com\/wp-content\/uploads\/2022\/03\/majestic-harmonic.jpg\"><img loading=\"lazy\" decoding=\"async\" class=\"alignnone wp-image-173\" src=\"http:\/\/alquilerdeinstrumentos.com\/wp-content\/uploads\/2022\/03\/majestic-harmonic-150x150.jpg\" alt=\"\" width=\"100\" height=\"110\" srcset=\"https:\/\/alquilerdeinstrumentos.com\/wp-content\/uploads\/2022\/03\/majestic-harmonic-272x300.jpg 272w, https:\/\/alquilerdeinstrumentos.com\/wp-content\/uploads\/2022\/03\/majestic-harmonic-768x846.jpg 768w, https:\/\/alquilerdeinstrumentos.com\/wp-content\/uploads\/2022\/03\/majestic-harmonic.jpg 871w\" sizes=\"auto, (max-width: 100px) 100vw, 100px\" \/><\/a>\u00a0 \u00a0 <span style=\"color: #000000;\"><span style=\"font-family: Arial;\">Precio de alquiler : 50 euros cada uno.<\/span><\/span><\/p><\/div><\/div>\n<div class='content-column one_half last_column'><div style=\"padding-right:5px;padding-left:5px;\"><span style=\"font-family: Arial;\"><strong>BOMBO CONCIERTO MAJESTIC<\/strong><\/span><\/p>\n<p>Mcb3622. 36&#8243;X 22&#8243;. Serie Concert.<\/p>\n<p style=\"text-align: center;\"><a href=\"http:\/\/alquilerdeinstrumentos.com\/wp-content\/uploads\/2022\/04\/WhatsApp-Image-2022-04-23-at-3.26.21-PM.jpeg\"><img loading=\"lazy\" decoding=\"async\" class=\"alignnone wp-image-774\" src=\"http:\/\/alquilerdeinstrumentos.com\/wp-content\/uploads\/2022\/04\/WhatsApp-Image-2022-04-23-at-3.26.21-PM-300x292.jpeg\" alt=\"\" width=\"156\" height=\"152\" srcset=\"https:\/\/alquilerdeinstrumentos.com\/wp-content\/uploads\/2022\/04\/WhatsApp-Image-2022-04-23-at-3.26.21-PM-300x292.jpeg 300w, https:\/\/alquilerdeinstrumentos.com\/wp-content\/uploads\/2022\/04\/WhatsApp-Image-2022-04-23-at-3.26.21-PM.jpeg 504w\" sizes=\"auto, (max-width: 156px) 100vw, 156px\" \/><\/a>\u00a0 \u00a0 <span style=\"color: #000000;\"><span style=\"font-family: Arial;\">Precio de alquiler : 60 euros.<\/span><\/span><\/p><\/div><\/div><div class='clear_column'><\/div>\n<div class='content-column one_half'><div style=\"padding-right:5px;padding-left:5px;\"><span style=\"color: #000000;\"><span style=\"font-family: Arial;\"><strong>BOMBO DE BANDA 22 X 12<\/strong><b>\u00a0<\/b><\/span><\/span><\/p>\n<p><span style=\"color: #000000;\"><span style=\"font-family: Arial;\">Incluye soporte.<\/span><\/span><\/p>\n<p style=\"text-align: center;\"><a href=\"http:\/\/alquilerdeinstrumentos.com\/wp-content\/uploads\/2022\/03\/bombo.jpg\"><img loading=\"lazy\" decoding=\"async\" class=\"alignnone wp-image-176\" src=\"http:\/\/alquilerdeinstrumentos.com\/wp-content\/uploads\/2022\/03\/bombo.jpg\" alt=\"\" width=\"100\" height=\"122\" \/><\/a>\u00a0 \u00a0 <span style=\"color: #000000;\"><span style=\"font-family: Arial;\">Precio de alquiler : 30 euros.<\/span><\/span><\/p><\/div><\/div>\n<div class='content-column one_half last_column'><div style=\"padding-right:5px;padding-left:5px;\"><span style=\"font-family: Arial;\"><strong>CAMPAN\u00d3LOGO BERGERAULT<\/strong>\u00a0<\/span><\/p>\n<p><span style=\"font-family: Arial;\">Campan\u00f3logo Tubular &#8211; C18. Do 05 to Fa 06. Apagador sistema Bergerault. Paro instant\u00e1neo.<\/span><\/p>\n<p style=\"text-align: center;\"><a href=\"http:\/\/alquilerdeinstrumentos.com\/wp-content\/uploads\/2022\/03\/campanas-berge.jpg\"><img loading=\"lazy\" decoding=\"async\" class=\"alignnone wp-image-177\" src=\"http:\/\/alquilerdeinstrumentos.com\/wp-content\/uploads\/2022\/03\/campanas-berge-300x300.jpg\" alt=\"\" width=\"100\" height=\"100\" srcset=\"https:\/\/alquilerdeinstrumentos.com\/wp-content\/uploads\/2022\/03\/campanas-berge-300x300.jpg 300w, https:\/\/alquilerdeinstrumentos.com\/wp-content\/uploads\/2022\/03\/campanas-berge-150x150.jpg 150w, https:\/\/alquilerdeinstrumentos.com\/wp-content\/uploads\/2022\/03\/campanas-berge.jpg 400w\" sizes=\"auto, (max-width: 100px) 100vw, 100px\" \/><\/a><span style=\"color: #000000;\"><span style=\"font-family: Arial;\">Precio de alquiler : 120 euros.<\/span><\/span><\/p><\/div><\/div><div class='clear_column'><\/div>\n<div class='content-column one_half'><div style=\"padding-right:5px;padding-left:5px;\"><span style=\"font-family: Arial;\"><strong>PLATOS DE CHOQUE: Zildjian Concert-Stage \u00a018`<\/strong><\/span><\/p>\n<p><span style=\"font-family: Arial;\">Una mezcla perfecta de matices, capacidad de respuesta en un espectro amplio de sonidos, ideal para la composici\u00f3n contempor\u00e1nea.<\/span><\/p>\n<p style=\"text-align: center;\"><a href=\"http:\/\/alquilerdeinstrumentos.com\/wp-content\/uploads\/2022\/03\/18-A-Zildjian-Concert-Stage-Pairs.png\"><img loading=\"lazy\" decoding=\"async\" class=\"alignnone wp-image-179\" src=\"http:\/\/alquilerdeinstrumentos.com\/wp-content\/uploads\/2022\/03\/18-A-Zildjian-Concert-Stage-Pairs.png\" alt=\"\" width=\"100\" height=\"100\" \/><\/a>\u00a0 \u00a0 <span style=\"color: #000000;\"><span style=\"font-family: Arial;\">Precio de alquiler : 25 euros.<\/span><\/span><\/p><\/div><\/div>\n<div class='content-column one_half last_column'><div style=\"padding-right:5px;padding-left:5px;\"><strong>VIBR\u00c1FONO BERGERAULT VPS , <\/strong><span lang=\"PT\"><strong>3.5 octavas<\/strong><\/span><\/p>\n<p><span lang=\"PT\">Do1 a Fa42 L\u00e1minas\u00a0 doradas Laminas larg: 70-40 mm, espesor. <\/span>15 mm Instrumento regulable en altura.<\/p>\n<p style=\"text-align: center;\"><a href=\"http:\/\/alquilerdeinstrumentos.com\/wp-content\/uploads\/2022\/03\/29082008102.jpg\"><img loading=\"lazy\" decoding=\"async\" class=\"alignnone wp-image-180\" src=\"http:\/\/alquilerdeinstrumentos.com\/wp-content\/uploads\/2022\/03\/29082008102-300x173.jpg\" alt=\"\" width=\"136\" height=\"79\" srcset=\"https:\/\/alquilerdeinstrumentos.com\/wp-content\/uploads\/2022\/03\/29082008102-300x173.jpg 300w, https:\/\/alquilerdeinstrumentos.com\/wp-content\/uploads\/2022\/03\/29082008102.jpg 360w\" sizes=\"auto, (max-width: 136px) 100vw, 136px\" \/><\/a>\u00a0 \u00a0 \u00a0 \u00a0 <span style=\"color: #000000;\"><span style=\"font-family: Arial;\">Precio de alquiler : 120 euros.<\/span><\/span><\/p><\/div><\/div><div class='clear_column'><\/div>\n<p><span style=\"font-family: Arial;\"><div class='content-column one_half'><div style=\"padding-right:5px;padding-left:5px;\"><\/span><strong><span style=\"font-family: Arial;\">LIRA BERGERAULT\u00a0 GV <\/span><span lang=\"pt\">2<\/span><\/strong><span lang=\"PT\"><strong>.5 Octavas<\/strong><\/span><\/p>\n<p><span lang=\"PT\">Lira F-C 2.5 octaves Fa a Do L\u00e1minas de acero cromado mate antirreflejo L\u00e1minas de 30&#215;8 mm Longitud: 750 mm Anchura: 970 &#8211; 470 mm.<\/span><\/p>\n<p style=\"text-align: center;\"><a href=\"http:\/\/alquilerdeinstrumentos.com\/wp-content\/uploads\/2022\/03\/lira.jpg\"><img loading=\"lazy\" decoding=\"async\" class=\"alignnone wp-image-184\" src=\"http:\/\/alquilerdeinstrumentos.com\/wp-content\/uploads\/2022\/03\/lira-289x300.jpg\" alt=\"\" width=\"110\" height=\"114\" srcset=\"https:\/\/alquilerdeinstrumentos.com\/wp-content\/uploads\/2022\/03\/lira-289x300.jpg 289w, https:\/\/alquilerdeinstrumentos.com\/wp-content\/uploads\/2022\/03\/lira.jpg 577w\" sizes=\"auto, (max-width: 110px) 100vw, 110px\" \/><\/a>\u00a0 \u00a0 \u00a0 \u00a0 <span style=\"color: #000000;\"><span style=\"font-family: Arial;\">Precio de alquiler : 50 euros.<\/span><\/span><\/p><\/div><\/div>\n<p>&nbsp;<\/p>\n<div class='content-column one_half'><div style=\"padding-right:5px;padding-left:5px;\"><strong style=\"font-family: Arial;\">CAJAS 14 x 3,5, 14 x 4, 14 x 6<\/strong><\/p>\n<p><span style=\"font-family: Arial;\">Con soporte<\/span><\/p>\n<p style=\"text-align: center;\"><a href=\"http:\/\/alquilerdeinstrumentos.com\/wp-content\/uploads\/2022\/03\/442986.jpg\"><img loading=\"lazy\" decoding=\"async\" class=\"alignnone wp-image-186\" src=\"http:\/\/alquilerdeinstrumentos.com\/wp-content\/uploads\/2022\/03\/442986-150x150.jpg\" alt=\"\" width=\"100\" height=\"88\" \/><\/a>\u00a0<span style=\"color: #000000;\"><span style=\"font-family: Arial;\">Precio de alquiler : 20 euros.<\/span><\/span><\/p>\n<p>&nbsp;<\/p><\/div><\/div>\n<p>&nbsp;<\/p>\n<div class='content-column one_half'><div style=\"padding-right:5px;padding-left:5px;\"><strong style=\"font-family: Arial;\">PEQUE\u00d1A PERCUSI\u00d3N<\/strong><\/p>\n<p><span style=\"font-family: Arial;\">Cencerro, pandereta, tri\u00e1ngulo, casta\u00f1uelas, cajas chinas, maracas etc&#8230;<\/span><\/p>\n<p style=\"text-align: center;\"><a href=\"http:\/\/alquilerdeinstrumentos.com\/wp-content\/uploads\/2022\/03\/170200.jpg\"><img loading=\"lazy\" decoding=\"async\" class=\"alignnone wp-image-187\" src=\"http:\/\/alquilerdeinstrumentos.com\/wp-content\/uploads\/2022\/03\/170200-150x150.jpg\" alt=\"\" width=\"112\" height=\"112\" \/><\/a>\u00a0 \u00a0 \u00a0 \u00a0 <span style=\"color: #000000;\"><span style=\"font-family: Arial;\">Precio de alquiler : 5 euros.<\/span><\/span><\/p><\/div><\/div>\n<div class='content-column one_half last_column'><div style=\"padding-right:5px;padding-left:5px;\"><strong>MESA DE PERCUSI\u00d3N<\/strong><span style=\"color: #0000ff; font-family: Arial;\">\u00a0<\/span><\/p>\n<p style=\"text-align: center;\"><a href=\"http:\/\/alquilerdeinstrumentos.com\/wp-content\/uploads\/2022\/03\/mesa-percu.jpg\"><img loading=\"lazy\" decoding=\"async\" class=\"alignnone wp-image-220 size-full\" src=\"http:\/\/alquilerdeinstrumentos.com\/wp-content\/uploads\/2022\/03\/mesa-percu.jpg\" alt=\"\" width=\"55\" height=\"82\" \/><\/a>\u00a0 \u00a0 \u00a0 \u00a0 \u00a0 \u00a0 \u00a0 <span style=\"color: #000000;\"><span style=\"font-family: Arial;\">Precio de alquiler : 10 euros.<\/span><\/span><\/p><\/div><\/div><div class='clear_column'><\/div>\n<p>&nbsp;<\/p>\n<div class='content-column one_half'><div style=\"padding-right:5px;padding-left:5px;\"><strong>GONG<\/strong><\/p>\n<p>18 pulgadas:\u00a0\u00a0Precio\u00a0\u00a020 euros.<\/p>\n<p>22 pulgadas: Precio 30 euros.<\/p>\n<p>26 pulgadas: Precio 45 euros.<\/p>\n<p><a href=\"http:\/\/alquilerdeinstrumentos.com\/wp-content\/uploads\/2022\/03\/238707.jpg\"><img loading=\"lazy\" decoding=\"async\" class=\"aligncenter wp-image-188\" src=\"http:\/\/alquilerdeinstrumentos.com\/wp-content\/uploads\/2022\/03\/238707-150x150.jpg\" alt=\"\" width=\"98\" height=\"98\" \/><\/a><\/p><\/div><\/div>\n<div class='content-column one_half last_column'><div style=\"padding-right:5px;padding-left:5px;\"><strong><span style=\"font-family: Arial;\">TEMPLE BLOCK <\/span>LUDWIG<\/strong><\/p>\n<p>Juego de cinco con soporte.<\/p>\n<p style=\"text-align: center;\"><a href=\"http:\/\/alquilerdeinstrumentos.com\/wp-content\/uploads\/2022\/03\/318T1TRQP8L__SL500_AA300_.jpg\"><img loading=\"lazy\" decoding=\"async\" class=\"alignnone wp-image-189\" src=\"http:\/\/alquilerdeinstrumentos.com\/wp-content\/uploads\/2022\/03\/318T1TRQP8L__SL500_AA300_.jpg\" alt=\"\" width=\"100\" height=\"100\" srcset=\"https:\/\/alquilerdeinstrumentos.com\/wp-content\/uploads\/2022\/03\/318T1TRQP8L__SL500_AA300_.jpg 300w, https:\/\/alquilerdeinstrumentos.com\/wp-content\/uploads\/2022\/03\/318T1TRQP8L__SL500_AA300_-150x150.jpg 150w\" sizes=\"auto, (max-width: 100px) 100vw, 100px\" \/><\/a>\u00a0<span style=\"color: #000000;\"><span style=\"font-family: Arial;\">Precio de alquiler : 30 euros.<\/span><\/span><\/p>\n<p>&nbsp;<\/p><\/div><\/div><div class='clear_column'><\/div>\n<p>&nbsp;<\/p>\n","protected":false},"excerpt":{"rendered":"<p>&nbsp; &nbsp; &nbsp; &nbsp;<\/p>\n","protected":false},"author":1,"featured_media":0,"parent":0,"menu_order":0,"comment_status":"closed","ping_status":"closed","template":"","meta":{"spay_email":"","footnotes":""},"class_list":["post-211","page","type-page","status-publish","hentry"],"_links":{"self":[{"href":"https:\/\/alquilerdeinstrumentos.com\/index.php\/wp-json\/wp\/v2\/pages\/211","targetHints":{"allow":["GET"]}}],"collection":[{"href":"https:\/\/alquilerdeinstrumentos.com\/index.php\/wp-json\/wp\/v2\/pages"}],"about":[{"href":"https:\/\/alquilerdeinstrumentos.com\/index.php\/wp-json\/wp\/v2\/types\/page"}],"author":[{"embeddable":true,"href":"https:\/\/alquilerdeinstrumentos.com\/index.php\/wp-json\/wp\/v2\/users\/1"}],"replies":[{"embeddable":true,"href":"https:\/\/alquilerdeinstrumentos.com\/index.php\/wp-json\/wp\/v2\/comments?post=211"}],"version-history":[{"count":16,"href":"https:\/\/alquilerdeinstrumentos.com\/index.php\/wp-json\/wp\/v2\/pages\/211\/revisions"}],"predecessor-version":[{"id":1435,"href":"https:\/\/alquilerdeinstrumentos.com\/index.php\/wp-json\/wp\/v2\/pages\/211\/revisions\/1435"}],"wp:attachment":[{"href":"https:\/\/alquilerdeinstrumentos.com\/index.php\/wp-json\/wp\/v2\/media?parent=211"}],"curies":[{"name":"wp","href":"https:\/\/api.w.org\/{rel}","templated":true}]}}