{"id":255,"date":"2022-03-07T20:53:27","date_gmt":"2022-03-07T19:53:27","guid":{"rendered":"http:\/\/alquilerdeinstrumentos.com\/?page_id=255"},"modified":"2025-01-20T10:48:24","modified_gmt":"2025-01-20T09:48:24","slug":"focos-led","status":"publish","type":"page","link":"https:\/\/alquilerdeinstrumentos.com\/index.php\/focos-led\/","title":{"rendered":"FOCOS LED"},"content":{"rendered":"<div class='content-column one_half'><div style=\"padding-right:5px;padding-left:5px;\"><strong>Stairville Z100M Par 64 LED 3000K 100W<\/strong><\/p>\n<p>Con zoom manual continuo. Construcci\u00f3n estable de peso ligero. Ideal para usar en el escenario como luz contraria o frontal. Distribuci\u00f3n uniforme de la luz a trav\u00e9s de \u00f3pticas de alta calidad. Entrada y salida DMX: XLR de 3 pines. Entrada y salida de alimentaci\u00f3n: Power Twist. Consumo de corriente: 115W.<\/p>\n<p style=\"text-align: center;\"><a href=\"http:\/\/alquilerdeinstrumentos.com\/wp-content\/uploads\/2022\/03\/luzblanca.jpg\"><img loading=\"lazy\" decoding=\"async\" class=\"alignnone wp-image-256 size-full\" src=\"http:\/\/alquilerdeinstrumentos.com\/wp-content\/uploads\/2022\/03\/luzblanca.jpg\" alt=\"\" width=\"150\" height=\"150\" \/><\/a>\u00a0 \u00a0 \u00a0 Precio de alquiler : 20 euros.<\/p><\/div><\/div>\n<div class='content-column one_half last_column'><div style=\"padding-right:5px;padding-left:5px;\"><strong>Audibax Dallas 180<\/strong><\/p>\n<p>Foco LED RGBWA + UV 18x10w 6 in 1. Los 18 LEDs de 10 W de alta eficiencia permiten obtener una amplia gama de colores RGBWAUV, desde suaves tonos pastel hasta tonos c\u00e1lidos y muy saturados, con un \u00e1ngulo de proyecci\u00f3n de 30 g . Su funcionamiento es muy silencioso gracias a la ventilaci\u00f3pn que incorpora el foco.<\/p>\n<p style=\"text-align: center;\"><a href=\"http:\/\/alquilerdeinstrumentos.com\/wp-content\/uploads\/2022\/03\/audibax-dallas-180-uv.jpg\"><img loading=\"lazy\" decoding=\"async\" class=\"alignnone wp-image-257\" src=\"http:\/\/alquilerdeinstrumentos.com\/wp-content\/uploads\/2022\/03\/audibax-dallas-180-uv-150x150.jpg\" alt=\"\" width=\"121\" height=\"121\" srcset=\"https:\/\/alquilerdeinstrumentos.com\/wp-content\/uploads\/2022\/03\/audibax-dallas-180-uv-150x150.jpg 150w, https:\/\/alquilerdeinstrumentos.com\/wp-content\/uploads\/2022\/03\/audibax-dallas-180-uv.jpg 493w\" sizes=\"auto, (max-width: 121px) 100vw, 121px\" \/><\/a>\u00a0 \u00a0 Precio de alquiler : 15 euros.<\/p><\/div><\/div><div class='clear_column'><\/div>\n<div class='content-column one_half'><div style=\"padding-right:5px;padding-left:5px;\"><strong>Stairville Quad Par Profile.\u00a0Foco PAR de LEDs plano<\/strong><\/p>\n<p style=\"text-align: center;\"><a href=\"http:\/\/alquilerdeinstrumentos.com\/wp-content\/uploads\/2022\/03\/7417516_800.jpg\"><img loading=\"lazy\" decoding=\"async\" class=\"alignnone wp-image-260\" src=\"http:\/\/alquilerdeinstrumentos.com\/wp-content\/uploads\/2022\/03\/7417516_800-150x150.jpg\" alt=\"\" width=\"103\" height=\"103\" \/><\/a>\u00a0 \u00a0 Precio de alquiler : 10 euros.<\/p><\/div><\/div>\n<div class='content-column one_half last_column'><div style=\"padding-right:5px;padding-left:5px;\"><strong>Stairville LED PAR 56 Black Floor<\/strong><\/p>\n<p>Mezcla de color RGB,\u00a0 consumo de energ\u00eda muy reducido, 151 LED (51x rojo, 49x verde, 51x azul), Se puede controlar sobre 5 canales DMX, Posibilidad de programas autom\u00e1ticos y Sound-to-Light. Doble soporte para su colocaci\u00f3n sencilla sobre el suelo.<\/p>\n<p style=\"text-align: center;\"><a href=\"http:\/\/alquilerdeinstrumentos.com\/wp-content\/uploads\/2022\/03\/par-56-led.jpg\"><img loading=\"lazy\" decoding=\"async\" class=\"alignnone wp-image-261\" src=\"http:\/\/alquilerdeinstrumentos.com\/wp-content\/uploads\/2022\/03\/par-56-led-150x150.jpg\" alt=\"\" width=\"92\" height=\"92\" \/><\/a>\u00a0 \u00a0 Precio de alquiler : 10 euros.<\/p><\/div><\/div><div class='clear_column'><\/div>\n<div class='content-column one_half'><div style=\"padding-right:5px;padding-left:5px;\"><strong>Beamz TP46 Foco Par<\/strong><\/p>\n<p style=\"text-align: center;\"><a href=\"http:\/\/alquilerdeinstrumentos.com\/wp-content\/uploads\/2022\/03\/Beamz-TP46.jpg\"><img loading=\"lazy\" decoding=\"async\" class=\"alignnone wp-image-262\" src=\"http:\/\/alquilerdeinstrumentos.com\/wp-content\/uploads\/2022\/03\/Beamz-TP46-150x150.jpg\" alt=\"\" width=\"108\" height=\"108\" \/><\/a>\u00a0 \u00a0 \u00a0 Precio de alquiler : 10 euros.<\/p><\/div><\/div>\n<div class='content-column one_half last_column'><div style=\"padding-right:5px;padding-left:5px;\"><strong>Audibax Event 90<\/strong><\/p>\n<p>Foco con Bater\u00eda de iluminaci\u00f3n estructural WiFi. Foco wash arquitectural con bater\u00eda. 6 leds de 15W. RGBW+A+UV. Control WiFi. DMX 6\/10 Canales Funcionamiento Autom\u00e1tico, Controlado por Sonido, Maestro\/Esclavo, DMX. Carcasa de metal. Duraci\u00f3n Bater\u00eda: 4-5 horas<\/p>\n<p style=\"text-align: center;\"><a href=\"http:\/\/alquilerdeinstrumentos.com\/wp-content\/uploads\/2024\/02\/Audibax-Event-90-Foco-con-Bateria-de-iluminacion-estructural-WiFi-1-verde.jpg\"><img loading=\"lazy\" decoding=\"async\" class=\"alignnone wp-image-1195 size-thumbnail\" src=\"http:\/\/alquilerdeinstrumentos.com\/wp-content\/uploads\/2024\/02\/Audibax-Event-90-Foco-con-Bateria-de-iluminacion-estructural-WiFi-1-verde-150x150.jpg\" alt=\"\" width=\"150\" height=\"150\" srcset=\"https:\/\/alquilerdeinstrumentos.com\/wp-content\/uploads\/2024\/02\/Audibax-Event-90-Foco-con-Bateria-de-iluminacion-estructural-WiFi-1-verde-150x150.jpg 150w, https:\/\/alquilerdeinstrumentos.com\/wp-content\/uploads\/2024\/02\/Audibax-Event-90-Foco-con-Bateria-de-iluminacion-estructural-WiFi-1-verde-300x300.jpg 300w, https:\/\/alquilerdeinstrumentos.com\/wp-content\/uploads\/2024\/02\/Audibax-Event-90-Foco-con-Bateria-de-iluminacion-estructural-WiFi-1-verde-100x100.jpg 100w, https:\/\/alquilerdeinstrumentos.com\/wp-content\/uploads\/2024\/02\/Audibax-Event-90-Foco-con-Bateria-de-iluminacion-estructural-WiFi-1-verde.jpg 350w\" sizes=\"auto, (max-width: 150px) 100vw, 150px\" \/><\/a>\u00a0 \u00a0 \u00a0 Precio de alquiler : 20 euros.<\/p><\/div><\/div><div class='clear_column'><\/div>\n<div class='content-column one_half'><div style=\"padding-right:5px;padding-left:5px;\"><strong>CAMEO Thunder Wash 100RGB Estrobo, Cegadora y Washer<\/strong><\/p>\n<p>Strobo, cegadora y washer todo en uno. 132 LED RGB SMD. De 1 a 30 destellos por segundo. Dispone de control DMX, por sonido y manual. Modo maestro, esclavo y aut\u00f3nomo. Carcasa met\u00e1lica robusta con soporte de montaje universal. Bajo consumo. Colores: RGB. Tipo de LEDs: 0,2 W. Dispersi\u00f3n: 80\u00b0. Frecuencia de refresco: 1 &#8211; 30Hz. Entrada DMX: XLR macho de 3 pines. Salida DMX: XLR hembra de 3 pines. Modo DMX: 2 canales 1, 6 canales, 4 canales, 1 canales, 3 canales 2, 3 canales 3, 3 canales 1, 2 canales 2<\/p>\n<p style=\"text-align: center;\"><a href=\"http:\/\/alquilerdeinstrumentos.com\/wp-content\/uploads\/2024\/02\/comprar-strobo-CLTW100RGB.jpg\"><img loading=\"lazy\" decoding=\"async\" class=\"alignnone wp-image-1196 size-medium\" src=\"http:\/\/alquilerdeinstrumentos.com\/wp-content\/uploads\/2024\/02\/comprar-strobo-CLTW100RGB-300x153.jpg\" alt=\"\" width=\"300\" height=\"153\" srcset=\"https:\/\/alquilerdeinstrumentos.com\/wp-content\/uploads\/2024\/02\/comprar-strobo-CLTW100RGB-300x153.jpg 300w, https:\/\/alquilerdeinstrumentos.com\/wp-content\/uploads\/2024\/02\/comprar-strobo-CLTW100RGB.jpg 350w\" sizes=\"auto, (max-width: 300px) 100vw, 300px\" \/><\/a>\u00a0 \u00a0 \u00a0 Precio de alquiler : 10 euros.<\/p><\/div><\/div>\n<div class='content-column one_half last_column'><div style=\"padding-right:5px;padding-left:5px;\"><strong><span style=\"font-family: Arial;\">Barra de 4 luces:\u00a0<\/span><\/strong><span style=\"font-family: Arial;\"><strong>LED KLS-200 RGB DMX<\/strong><\/span><\/p>\n<p><span style=\"font-family: Arial;\">Conjunto completo con 4 puntos, los puntos individuales controlados v\u00eda DMX, tama\u00f1o compacto para facilitar el transporte,\u00a0 controlado por el sonido a trav\u00e9s del micr\u00f3fono integrado, efecto de luz estrobosc\u00f3pica, modo autom\u00e1tico, los programas internos, master \/ slave funci\u00f3n, ideal para las bandas, escenarios o artistas solistas.<\/span><\/p>\n<p style=\"text-align: center;\"><a href=\"http:\/\/alquilerdeinstrumentos.com\/wp-content\/uploads\/2022\/03\/Eurolite-LED-KLS-200-RGB-DMX.jpg\"><img loading=\"lazy\" decoding=\"async\" class=\"alignnone wp-image-264 size-thumbnail\" src=\"http:\/\/alquilerdeinstrumentos.com\/wp-content\/uploads\/2022\/03\/Eurolite-LED-KLS-200-RGB-DMX-150x150.jpg\" alt=\"\" width=\"150\" height=\"150\" srcset=\"https:\/\/alquilerdeinstrumentos.com\/wp-content\/uploads\/2022\/03\/Eurolite-LED-KLS-200-RGB-DMX-150x150.jpg 150w, https:\/\/alquilerdeinstrumentos.com\/wp-content\/uploads\/2022\/03\/Eurolite-LED-KLS-200-RGB-DMX.jpg 225w\" sizes=\"auto, (max-width: 150px) 100vw, 150px\" \/><\/a>\u00a0 \u00a0 Precio de alquiler : 30 euros.<\/p><\/div><\/div><div class='clear_column'><\/div>\n<div class='content-column one_half last_column'><div style=\"padding-right:5px;padding-left:5px;\"><strong>Focos Led a bater\u00eda<\/strong><\/p>\n<p><span class=\"fx-text fx-text--plus\">Funciones Auto, Sound, Master\/Slave y modo DMX. <\/span><span class=\"fx-text fx-text--plus\">Indicador de estado de la bater\u00eda. <\/span><span class=\"fx-text fx-text--plus\">Tiempo de carga en el aparato: cerca de 3 horas. <\/span><span class=\"fx-text fx-text--plus\">Tiempo de carga con cargador r\u00e1pido: cerca de 1 hora. <\/span><span class=\"fx-text fx-text--plus\">Fuente luminosa: 6x 8 W RGBWA x-in-1 LEDs. <\/span><span class=\"fx-text fx-text--plus\">\u00c1ngulo de difusi\u00f3n: 25\u00b0. <\/span><span class=\"fx-text fx-text--plus\">Funcionamiento: DMX 512 (1, 5, 7, 8 canales). <\/span><span class=\"fx-text fx-text--plus\">DMX 3-pol. XLR In\/Output.<\/span><\/p>\n<p style=\"text-align: center;\"><a href=\"http:\/\/alquilerdeinstrumentos.com\/wp-content\/uploads\/2022\/03\/foco-a-bateria.jpg\"><img loading=\"lazy\" decoding=\"async\" class=\"alignnone wp-image-310\" src=\"http:\/\/alquilerdeinstrumentos.com\/wp-content\/uploads\/2022\/03\/foco-a-bateria-150x150.jpg\" alt=\"\" width=\"113\" height=\"113\" srcset=\"https:\/\/alquilerdeinstrumentos.com\/wp-content\/uploads\/2022\/03\/foco-a-bateria-150x150.jpg 150w, https:\/\/alquilerdeinstrumentos.com\/wp-content\/uploads\/2022\/03\/foco-a-bateria.jpg 225w\" sizes=\"auto, (max-width: 113px) 100vw, 113px\" \/><\/a>\u00a0 \u00a0 Precio de alquiler : 20 euros.<\/p><\/div><\/div><div class='clear_column'><\/div>\n","protected":false},"excerpt":{"rendered":"","protected":false},"author":1,"featured_media":0,"parent":0,"menu_order":0,"comment_status":"closed","ping_status":"closed","template":"","meta":{"spay_email":"","footnotes":""},"class_list":["post-255","page","type-page","status-publish","hentry"],"_links":{"self":[{"href":"https:\/\/alquilerdeinstrumentos.com\/index.php\/wp-json\/wp\/v2\/pages\/255","targetHints":{"allow":["GET"]}}],"collection":[{"href":"https:\/\/alquilerdeinstrumentos.com\/index.php\/wp-json\/wp\/v2\/pages"}],"about":[{"href":"https:\/\/alquilerdeinstrumentos.com\/index.php\/wp-json\/wp\/v2\/types\/page"}],"author":[{"embeddable":true,"href":"https:\/\/alquilerdeinstrumentos.com\/index.php\/wp-json\/wp\/v2\/users\/1"}],"replies":[{"embeddable":true,"href":"https:\/\/alquilerdeinstrumentos.com\/index.php\/wp-json\/wp\/v2\/comments?post=255"}],"version-history":[{"count":10,"href":"https:\/\/alquilerdeinstrumentos.com\/index.php\/wp-json\/wp\/v2\/pages\/255\/revisions"}],"predecessor-version":[{"id":1298,"href":"https:\/\/alquilerdeinstrumentos.com\/index.php\/wp-json\/wp\/v2\/pages\/255\/revisions\/1298"}],"wp:attachment":[{"href":"https:\/\/alquilerdeinstrumentos.com\/index.php\/wp-json\/wp\/v2\/media?parent=255"}],"curies":[{"name":"wp","href":"https:\/\/api.w.org\/{rel}","templated":true}]}}