{"id":272,"date":"2022-03-07T21:28:40","date_gmt":"2022-03-07T20:28:40","guid":{"rendered":"http:\/\/alquilerdeinstrumentos.com\/?page_id=272"},"modified":"2025-01-20T10:46:21","modified_gmt":"2025-01-20T09:46:21","slug":"cabezas-moviles","status":"publish","type":"page","link":"https:\/\/alquilerdeinstrumentos.com\/index.php\/cabezas-moviles\/","title":{"rendered":"CABEZAS MOVILES"},"content":{"rendered":"<div class='content-column one_half'><div style=\"padding-right:5px;padding-left:5px;\"><strong>BeamZ MHL74 Mini Cabeza M\u00f3vil Wash 7X 10W DMX 12 Canales Quad LED<\/strong><\/p>\n<p>Cabeza m\u00f3vil wash muy compacta para uso profesional en teatros, escenarios, conciertos , estudios de TV, disco, etc. Incorpora 7x 10W Quad LEDs con alta salida lum\u00ednica que produce un show de luces espectaculares asi como una mezcla de color homog\u00e9nea. Genera un rayo de 15 grados y puede funcionar con 7 o 12 canales DMX, strobo de color, dimmer electr\u00f3nico, etc.<\/p>\n<p style=\"text-align: center;\"><a href=\"http:\/\/alquilerdeinstrumentos.com\/wp-content\/uploads\/2022\/03\/beamz-mhl74-mini-cabeza-movil-wash-7x-10w-dmx-12-canales-quad-led.jpg\"><img loading=\"lazy\" decoding=\"async\" class=\"alignnone wp-image-649\" src=\"http:\/\/alquilerdeinstrumentos.com\/wp-content\/uploads\/2022\/03\/beamz-mhl74-mini-cabeza-movil-wash-7x-10w-dmx-12-canales-quad-led-232x300.jpg\" alt=\"\" width=\"111\" height=\"143\" srcset=\"https:\/\/alquilerdeinstrumentos.com\/wp-content\/uploads\/2022\/03\/beamz-mhl74-mini-cabeza-movil-wash-7x-10w-dmx-12-canales-quad-led-232x300.jpg 232w, https:\/\/alquilerdeinstrumentos.com\/wp-content\/uploads\/2022\/03\/beamz-mhl74-mini-cabeza-movil-wash-7x-10w-dmx-12-canales-quad-led.jpg 381w\" sizes=\"auto, (max-width: 111px) 100vw, 111px\" \/><\/a>\u00a0 \u00a0 Precio de alquiler : 25 euros.<\/p><\/div><\/div>\n<div class='content-column one_half last_column'><div style=\"padding-right:5px;padding-left:5px;\"><strong>Pro Light LT LED 120w Spot Cabeza m\u00f3vil<\/strong><\/p>\n<p style=\"text-align: center;\"><a href=\"http:\/\/alquilerdeinstrumentos.com\/wp-content\/uploads\/2022\/03\/pro-light-lt-led-120w-spot.jpg\"><img loading=\"lazy\" decoding=\"async\" class=\"alignnone wp-image-275\" src=\"http:\/\/alquilerdeinstrumentos.com\/wp-content\/uploads\/2022\/03\/pro-light-lt-led-120w-spot-150x150.jpg\" alt=\"\" width=\"116\" height=\"116\" srcset=\"https:\/\/alquilerdeinstrumentos.com\/wp-content\/uploads\/2022\/03\/pro-light-lt-led-120w-spot-150x150.jpg 150w, https:\/\/alquilerdeinstrumentos.com\/wp-content\/uploads\/2022\/03\/pro-light-lt-led-120w-spot-300x300.jpg 300w, https:\/\/alquilerdeinstrumentos.com\/wp-content\/uploads\/2022\/03\/pro-light-lt-led-120w-spot.jpg 600w\" sizes=\"auto, (max-width: 116px) 100vw, 116px\" \/><\/a>\u00a0 \u00a0 Precio de alquiler : 50 euros.<\/p><\/div><\/div><div class='clear_column'><\/div>\n<div class='content-column one_half'><div style=\"padding-right:5px;padding-left:5px;\"><strong>Pro Light LT LED 120w Beam Cabeza m\u00f3vil<\/strong><\/p>\n<p style=\"text-align: center;\"><a href=\"http:\/\/alquilerdeinstrumentos.com\/wp-content\/uploads\/2022\/03\/pro-light-lt-led-120w-spot.jpg\"><img loading=\"lazy\" decoding=\"async\" class=\"alignnone wp-image-275\" src=\"http:\/\/alquilerdeinstrumentos.com\/wp-content\/uploads\/2022\/03\/pro-light-lt-led-120w-spot-150x150.jpg\" alt=\"\" width=\"116\" height=\"116\" srcset=\"https:\/\/alquilerdeinstrumentos.com\/wp-content\/uploads\/2022\/03\/pro-light-lt-led-120w-spot-150x150.jpg 150w, https:\/\/alquilerdeinstrumentos.com\/wp-content\/uploads\/2022\/03\/pro-light-lt-led-120w-spot-300x300.jpg 300w, https:\/\/alquilerdeinstrumentos.com\/wp-content\/uploads\/2022\/03\/pro-light-lt-led-120w-spot.jpg 600w\" sizes=\"auto, (max-width: 116px) 100vw, 116px\" \/><\/a> Precio de alquiler : 50 euros.<\/p><\/div><\/div>\n<div class='content-column one_half last_column'><div style=\"padding-right:5px;padding-left:5px;\"><strong>Audibax ARIZONA Beam 36x3w RGB<\/strong><\/p>\n<p><span style=\"font-family: Arial;\">Su funcionamiento preciso, ya sea sincronizado con la m\u00fasica a trav\u00e9s del micr\u00f3fono integrado, su modo autom\u00e1tico, o su conexi\u00f3n DMX, har\u00e1 las delicias de tus invitados. Desde este modo DMX, con 9 o 16 canales, podr\u00e1s controlar par\u00e1metros como intensidad, color, velocidad etc.<\/span><\/p>\n<p style=\"text-align: center;\"><a href=\"http:\/\/alquilerdeinstrumentos.com\/wp-content\/uploads\/2022\/03\/audibax-arizona-wash.jpg\"><img loading=\"lazy\" decoding=\"async\" class=\"alignnone wp-image-276\" src=\"http:\/\/alquilerdeinstrumentos.com\/wp-content\/uploads\/2022\/03\/audibax-arizona-wash-300x150.jpg\" alt=\"\" width=\"222\" height=\"111\" srcset=\"https:\/\/alquilerdeinstrumentos.com\/wp-content\/uploads\/2022\/03\/audibax-arizona-wash-300x150.jpg 300w, https:\/\/alquilerdeinstrumentos.com\/wp-content\/uploads\/2022\/03\/audibax-arizona-wash-768x384.jpg 768w, https:\/\/alquilerdeinstrumentos.com\/wp-content\/uploads\/2022\/03\/audibax-arizona-wash.jpg 1000w\" sizes=\"auto, (max-width: 222px) 100vw, 222px\" \/><\/a> Precio de alquiler :30 euros.<\/p><\/div><\/div><div class='clear_column'><\/div>\n<div class='content-column one_half last_column'><div style=\"padding-right:5px;padding-left:5px;\"><strong>Audibax Nebraska 90<\/strong><\/p>\n<p><span style=\"font-family: Arial;\">Dispone de siete colores, con tres prismas giratorios para los efectos y una \u00f3ptica de alta precisi\u00f3n, con zoom ajustable. Su \u00e1ngulo de rotaci\u00f3n es de 540g en horizontal y 220g en vertical, con una gran velocidad de giro y precisi\u00f3n de giro de<br \/>\nDispone de un minucioso control por DMX de 16 canales, desde donde podr\u00e1s controlar todos los par\u00e1metros, tales como color, gobo, inclinaci\u00f3n, rotaci\u00f3n, dimmer, enfoque, velocidad etc.<\/span><\/p>\n<p style=\"text-align: center;\"><a href=\"http:\/\/alquilerdeinstrumentos.com\/wp-content\/uploads\/2022\/03\/audibax-nebraska-90.jpg\"><img loading=\"lazy\" decoding=\"async\" class=\"alignnone wp-image-279\" src=\"http:\/\/alquilerdeinstrumentos.com\/wp-content\/uploads\/2022\/03\/audibax-nebraska-90-150x150.jpg\" alt=\"\" width=\"132\" height=\"132\" \/><\/a> Precio de alquiler : 50 euros.<\/p><\/div><\/div><div class='clear_column'><\/div>\n","protected":false},"excerpt":{"rendered":"","protected":false},"author":1,"featured_media":0,"parent":0,"menu_order":0,"comment_status":"closed","ping_status":"closed","template":"","meta":{"spay_email":"","footnotes":""},"class_list":["post-272","page","type-page","status-publish","hentry"],"_links":{"self":[{"href":"https:\/\/alquilerdeinstrumentos.com\/index.php\/wp-json\/wp\/v2\/pages\/272","targetHints":{"allow":["GET"]}}],"collection":[{"href":"https:\/\/alquilerdeinstrumentos.com\/index.php\/wp-json\/wp\/v2\/pages"}],"about":[{"href":"https:\/\/alquilerdeinstrumentos.com\/index.php\/wp-json\/wp\/v2\/types\/page"}],"author":[{"embeddable":true,"href":"https:\/\/alquilerdeinstrumentos.com\/index.php\/wp-json\/wp\/v2\/users\/1"}],"replies":[{"embeddable":true,"href":"https:\/\/alquilerdeinstrumentos.com\/index.php\/wp-json\/wp\/v2\/comments?post=272"}],"version-history":[{"count":8,"href":"https:\/\/alquilerdeinstrumentos.com\/index.php\/wp-json\/wp\/v2\/pages\/272\/revisions"}],"predecessor-version":[{"id":1297,"href":"https:\/\/alquilerdeinstrumentos.com\/index.php\/wp-json\/wp\/v2\/pages\/272\/revisions\/1297"}],"wp:attachment":[{"href":"https:\/\/alquilerdeinstrumentos.com\/index.php\/wp-json\/wp\/v2\/media?parent=272"}],"curies":[{"name":"wp","href":"https:\/\/api.w.org\/{rel}","templated":true}]}}