{"id":290,"date":"2022-03-07T22:22:01","date_gmt":"2022-03-07T21:22:01","guid":{"rendered":"http:\/\/alquilerdeinstrumentos.com\/?page_id=290"},"modified":"2025-12-17T12:52:30","modified_gmt":"2025-12-17T11:52:30","slug":"efectos-led","status":"publish","type":"page","link":"https:\/\/alquilerdeinstrumentos.com\/index.php\/efectos-led\/","title":{"rendered":"EFECTOS LED"},"content":{"rendered":"<div class='content-column one_half'><div style=\"padding-right:5px;padding-left:5px;\"><strong>Beamz PartyBar3 4 PAR 9 x 1W RGB<\/strong><\/p>\n<p>El Partybar3 es una soluci\u00f3n DJ completa que incluye 4 focos PAR de alta intensidad<br \/>\ncon Led RGB y Magic ball incorporada. El Partybar3 puede controlarse por DMX,<br \/>\nMando a distancia IR o auto y ritmo de la m\u00fasica con programas seleccionables desde<br \/>\nel panel de control. Incluye tr\u00edpode para una r\u00e1pida y f\u00e1cil colocaci\u00f3n. Dise\u00f1ado<br \/>\nespecialmente para escenario, fiestas, animadores y otros eventos especiales.<\/p>\n<p><img loading=\"lazy\" decoding=\"async\" class=\"sFlh5c FyHeAf iPVvYb aligncenter\" src=\"https:\/\/www.masquesonido.com\/276439-large_default\/beamz-partybar3-4x-par-con-magic-ball.jpg\" alt=\"beamZ PartyBar3 4x PAR con Magic Ball 153240\" width=\"206\" height=\"155\" \/><\/p>\n<p style=\"text-align: left;\">Precio de alquiler: 30 euros.<\/p><\/div><\/div>\n<div class='content-column one_half last_column'><div style=\"padding-right:5px;padding-left:5px;\"><strong>Eurolite LED KLS-120 Set de Luces<\/strong><\/p>\n<p>Para \u00e1reas de aplicaci\u00f3n tales como: Sala de fiesta; Boda\/gala\/eventos; sala de<br \/>\nensayo\/banda; Prestador; DJ m\u00f3vil\/animador; Escenario.<\/p>\n<p><img loading=\"lazy\" decoding=\"async\" class=\"sFlh5c FyHeAf iPVvYb aligncenter\" src=\"https:\/\/thumbs.static-thomann.de\/thumb\/padthumb600x600\/pics\/bdb\/_49\/498243\/16775934_800.jpg\" alt=\"Eurolite LED KLS-120 Compact Light Set\" width=\"152\" height=\"152\" \/><\/p>\n<p style=\"text-align: left;\">Precio de alquiler: 30 euros.<\/p><\/div><\/div><div class='clear_column'><\/div>\n<div class='content-column one_half'><div style=\"padding-right:5px;padding-left:5px;\"><strong>BEAMZ Nomia Doble Mini Sky RGBW<\/strong><\/p>\n<p>80x 5mm leds RGBW. Shows Pre programados. Ritmo de la m\u00fasica con ajuste de sensibilidad.\u00a0 Auto con ajuste de velocidad.<\/p>\n<p style=\"text-align: center;\"><a href=\"http:\/\/alquilerdeinstrumentos.com\/wp-content\/uploads\/2022\/03\/BEAMZ-Nomia.jpg\"><img loading=\"lazy\" decoding=\"async\" class=\"alignnone wp-image-268\" src=\"http:\/\/alquilerdeinstrumentos.com\/wp-content\/uploads\/2022\/03\/BEAMZ-Nomia-300x232.jpg\" alt=\"\" width=\"162\" height=\"125\" srcset=\"https:\/\/alquilerdeinstrumentos.com\/wp-content\/uploads\/2022\/03\/BEAMZ-Nomia-300x232.jpg 300w, https:\/\/alquilerdeinstrumentos.com\/wp-content\/uploads\/2022\/03\/BEAMZ-Nomia.jpg 620w\" sizes=\"auto, (max-width: 162px) 100vw, 162px\" \/><\/a><\/p>\n<p style=\"text-align: center;\">Precio de alquiler: 20 euros.<\/p><\/div><\/div>\n<div class='content-column one_half last_column'><div style=\"padding-right:5px;padding-left:5px;\"><strong>Audibax Kentucky 24 Doble barra\u00a0 m\u00f3vil<\/strong><\/p>\n<p style=\"text-align: center;\"><a href=\"http:\/\/alquilerdeinstrumentos.com\/wp-content\/uploads\/2022\/03\/audibax-kentucky-24-efecto-led.jpg\"><img loading=\"lazy\" decoding=\"async\" class=\"alignnone wp-image-267\" src=\"http:\/\/alquilerdeinstrumentos.com\/wp-content\/uploads\/2022\/03\/audibax-kentucky-24-efecto-led-300x165.jpg\" alt=\"\" width=\"185\" height=\"102\" srcset=\"https:\/\/alquilerdeinstrumentos.com\/wp-content\/uploads\/2022\/03\/audibax-kentucky-24-efecto-led-300x165.jpg 300w, https:\/\/alquilerdeinstrumentos.com\/wp-content\/uploads\/2022\/03\/audibax-kentucky-24-efecto-led.jpg 686w\" sizes=\"auto, (max-width: 185px) 100vw, 185px\" \/><\/a><\/p>\n<p style=\"text-align: center;\">Precio de alquiler: 20 euros.<\/p><\/div><\/div><div class='clear_column'><\/div>\n<div class='content-column one_half'><div style=\"padding-right:5px;padding-left:5px;\"><strong>Laser Beamz<\/strong><\/p>\n<p>Laser rojo y verde. Los patrones presentan colores variables con efectos rotativos, strobo, etc. Activado por sonido o Auto. F\u00e1cil de usar. Viene con asa para colgar. Ideal para disco m\u00f3vil, grupos musicales, disco, bar, y en cualquier fiesta.<\/p>\n<p style=\"text-align: center;\"><a href=\"http:\/\/alquilerdeinstrumentos.com\/wp-content\/uploads\/2022\/03\/laser1.png\"><img loading=\"lazy\" decoding=\"async\" class=\"alignnone wp-image-296\" src=\"http:\/\/alquilerdeinstrumentos.com\/wp-content\/uploads\/2022\/03\/laser1.png\" alt=\"\" width=\"100\" height=\"105\" \/><\/a><\/p>\n<p style=\"text-align: center;\">Precio de alquiler: 10 euros.<\/p><\/div><\/div>\n<div class='content-column one_half last_column'><div style=\"padding-right:5px;padding-left:5px;\"><strong>Pinball Led<\/strong><\/p>\n<p style=\"text-align: center;\"><a href=\"http:\/\/alquilerdeinstrumentos.com\/wp-content\/uploads\/2022\/03\/Showtec_Pinball_LED.jpg\"><img loading=\"lazy\" decoding=\"async\" class=\"alignnone wp-image-297\" src=\"http:\/\/alquilerdeinstrumentos.com\/wp-content\/uploads\/2022\/03\/Showtec_Pinball_LED-150x150.jpg\" alt=\"\" width=\"128\" height=\"128\" \/><\/a><\/p>\n<p style=\"text-align: center;\">Precio de alquiler: 10 euros.<\/p><\/div><\/div><div class='clear_column'><\/div>\n<div class='content-column one_half'><div style=\"padding-right:5px;padding-left:5px;\"><strong>Mushroom Led<\/strong><\/p>\n<p style=\"text-align: center;\"><a href=\"http:\/\/alquilerdeinstrumentos.com\/wp-content\/uploads\/2022\/03\/showtec-bumper-mushroom-led.jpg\"><img loading=\"lazy\" decoding=\"async\" class=\"alignnone wp-image-298\" src=\"http:\/\/alquilerdeinstrumentos.com\/wp-content\/uploads\/2022\/03\/showtec-bumper-mushroom-led-300x150.jpg\" alt=\"\" width=\"252\" height=\"126\" srcset=\"https:\/\/alquilerdeinstrumentos.com\/wp-content\/uploads\/2022\/03\/showtec-bumper-mushroom-led-300x150.jpg 300w, https:\/\/alquilerdeinstrumentos.com\/wp-content\/uploads\/2022\/03\/showtec-bumper-mushroom-led-768x384.jpg 768w, https:\/\/alquilerdeinstrumentos.com\/wp-content\/uploads\/2022\/03\/showtec-bumper-mushroom-led.jpg 1000w\" sizes=\"auto, (max-width: 252px) 100vw, 252px\" \/><\/a><\/p>\n<p style=\"text-align: center;\">Precio de alquiler: 10 euros.<\/p><\/div><\/div>\n<div class='content-column one_half last_column'><div style=\"padding-right:5px;padding-left:5px;\"><strong>Maquina de humo<\/strong><\/p>\n<p><a href=\"http:\/\/alquilerdeinstrumentos.com\/wp-content\/uploads\/2022\/03\/maquima-humo.jpg\"><img loading=\"lazy\" decoding=\"async\" class=\"alignnone wp-image-299 aligncenter\" src=\"http:\/\/alquilerdeinstrumentos.com\/wp-content\/uploads\/2022\/03\/maquima-humo-300x90.jpg\" alt=\"\" width=\"363\" height=\"109\" srcset=\"https:\/\/alquilerdeinstrumentos.com\/wp-content\/uploads\/2022\/03\/maquima-humo-300x90.jpg 300w, https:\/\/alquilerdeinstrumentos.com\/wp-content\/uploads\/2022\/03\/maquima-humo.jpg 500w\" sizes=\"auto, (max-width: 363px) 100vw, 363px\" \/><\/a><\/p>\n<p style=\"text-align: center;\">Precio de alquiler: 20 euros.<\/p><\/div><\/div><div class='clear_column'><\/div>\n<div class='content-column one_half'><div style=\"padding-right:5px;padding-left:5px;\"><strong>Audibax Thunder 350 RGB Strobo LED Cegadora Wash<\/strong><\/p>\n<p style=\"text-align: center;\">Compuesto por 18 bloques de luz controlados individualmente que pueden llegar a<br \/>\nhacer cientos de efectos especiales con diferentes colores con un \u00e1ngulo de haz de<br \/>\n120\u00ba.<br \/>\nTiene 8 modos DMX con dimmer, frecuencia y duraci\u00f3n de destellos y la capacidad de<br \/>\nfuncionar como maestro, esclavo o aut\u00f3nomo.<\/p>\n<p style=\"text-align: center;\"><img loading=\"lazy\" decoding=\"async\" id=\"plahover0\" src=\"https:\/\/encrypted-tbn2.gstatic.com\/shopping?q=tbn:ANd9GcTy7AHujF9Wf_U6yUZzRgRMnzPfhnV4s8KxZCNak5DrE5exvr8i-kcfsji5cDR0xQzLF64-ZYSo_p3AwG6OhBSix9grFdH0yo3Mjgg1lRMKsQql&amp;usqp=CAc\" alt=\"\" width=\"152\" height=\"122\" \/><\/p>\n<p style=\"text-align: center;\">Precio de alquiler: 15 euros.<\/p><\/div><\/div>\n","protected":false},"excerpt":{"rendered":"","protected":false},"author":1,"featured_media":0,"parent":0,"menu_order":0,"comment_status":"closed","ping_status":"closed","template":"","meta":{"spay_email":"","footnotes":""},"class_list":["post-290","page","type-page","status-publish","hentry"],"_links":{"self":[{"href":"https:\/\/alquilerdeinstrumentos.com\/index.php\/wp-json\/wp\/v2\/pages\/290","targetHints":{"allow":["GET"]}}],"collection":[{"href":"https:\/\/alquilerdeinstrumentos.com\/index.php\/wp-json\/wp\/v2\/pages"}],"about":[{"href":"https:\/\/alquilerdeinstrumentos.com\/index.php\/wp-json\/wp\/v2\/types\/page"}],"author":[{"embeddable":true,"href":"https:\/\/alquilerdeinstrumentos.com\/index.php\/wp-json\/wp\/v2\/users\/1"}],"replies":[{"embeddable":true,"href":"https:\/\/alquilerdeinstrumentos.com\/index.php\/wp-json\/wp\/v2\/comments?post=290"}],"version-history":[{"count":8,"href":"https:\/\/alquilerdeinstrumentos.com\/index.php\/wp-json\/wp\/v2\/pages\/290\/revisions"}],"predecessor-version":[{"id":1465,"href":"https:\/\/alquilerdeinstrumentos.com\/index.php\/wp-json\/wp\/v2\/pages\/290\/revisions\/1465"}],"wp:attachment":[{"href":"https:\/\/alquilerdeinstrumentos.com\/index.php\/wp-json\/wp\/v2\/media?parent=290"}],"curies":[{"name":"wp","href":"https:\/\/api.w.org\/{rel}","templated":true}]}}