{"id":322,"date":"2022-03-08T09:37:16","date_gmt":"2022-03-08T08:37:16","guid":{"rendered":"http:\/\/alquilerdeinstrumentos.com\/?page_id=322"},"modified":"2025-06-11T13:26:08","modified_gmt":"2025-06-11T11:26:08","slug":"controladoras","status":"publish","type":"page","link":"https:\/\/alquilerdeinstrumentos.com\/index.php\/controladoras\/","title":{"rendered":"CONTROLADORAS"},"content":{"rendered":"<div class='content-column one_half'><div style=\"padding-right:5px;padding-left:5px;\"><strong>Controladora Pioneer XDJ-RR<\/strong><\/p>\n<p>Sistema DJ Todo en uno, de 2 canales. Controla toda la informaci\u00f3n que necesitas gracias a la pantalla a todo color de 7 pulgadas y utiliza funciones de directo y efectos heredados de la configuraci\u00f3n NXS2, como Hot Cues, Slip Loop y Beat FX, para crear mezclas \u00fanicas sobre la marcha.<\/p>\n<p style=\"text-align: center;\"><a href=\"http:\/\/alquilerdeinstrumentos.com\/wp-content\/uploads\/2022\/03\/pioneer-xdj-rr.jpg\"><img loading=\"lazy\" decoding=\"async\" class=\"aligncenter wp-image-313\" src=\"http:\/\/alquilerdeinstrumentos.com\/wp-content\/uploads\/2022\/03\/pioneer-xdj-rr-300x150.jpg\" sizes=\"auto, (max-width: 230px) 100vw, 230px\" srcset=\"http:\/\/alquilerdeinstrumentos.com\/wp-content\/uploads\/2022\/03\/pioneer-xdj-rr-300x150.jpg 300w, http:\/\/alquilerdeinstrumentos.com\/wp-content\/uploads\/2022\/03\/pioneer-xdj-rr-768x384.jpg 768w, http:\/\/alquilerdeinstrumentos.com\/wp-content\/uploads\/2022\/03\/pioneer-xdj-rr.jpg 1000w\" alt=\"\" width=\"230\" height=\"115\" \/><\/a>\u00a0 Precio de alquiler: 80 euros.<\/p><\/div><\/div>\n<div class='content-column one_half last_column'><div style=\"padding-right:5px;padding-left:5px;\"><strong>Pioneer DJ XDJ XZ<\/strong><\/p>\n<p style=\"font-weight: 400;\">El modelo XDJ XZ de Pioneer Dj, se asienta como un referente en el sector de los Controladores Dj, que aporta todo lo que se pueda imaginar para un profesional de las mezclas. Su construcci\u00f3n es robusta a la par de ligera, con el toque distintivo de la firma en su dise\u00f1o profesional y es muy f\u00e1cil de transportar.<\/p>\n<p style=\"font-weight: 400;\">Gracias a sus numerosas funciones permite tener al alcance de tu mano un sinf\u00edn de opciones creativas y llevarlas al next level. Conecta una unidad de USB, sincroniza el audio y tendr\u00e1s toda la m\u00fasica disponible en el dispositivo.<\/p>\n<p style=\"font-weight: 400;\">Tiene m\u00faltiples ecualizadores a tres bandas integrados en cada uno de los canales lo que hace que las mezclas puedan ser perfectas.<\/p>\n<p style=\"text-align: center;\"><a href=\"http:\/\/alquilerdeinstrumentos.com\/wp-content\/uploads\/2024\/08\/Controlador-DJ-Pioneer-DJ-XDJ-XZ-Principal.jpg\"><img loading=\"lazy\" decoding=\"async\" class=\"alignnone wp-image-1261 \" src=\"http:\/\/alquilerdeinstrumentos.com\/wp-content\/uploads\/2024\/08\/Controlador-DJ-Pioneer-DJ-XDJ-XZ-Principal-300x300.jpg\" alt=\"\" width=\"206\" height=\"206\" srcset=\"https:\/\/alquilerdeinstrumentos.com\/wp-content\/uploads\/2024\/08\/Controlador-DJ-Pioneer-DJ-XDJ-XZ-Principal-300x300.jpg 300w, https:\/\/alquilerdeinstrumentos.com\/wp-content\/uploads\/2024\/08\/Controlador-DJ-Pioneer-DJ-XDJ-XZ-Principal-150x150.jpg 150w, https:\/\/alquilerdeinstrumentos.com\/wp-content\/uploads\/2024\/08\/Controlador-DJ-Pioneer-DJ-XDJ-XZ-Principal-768x768.jpg 768w, https:\/\/alquilerdeinstrumentos.com\/wp-content\/uploads\/2024\/08\/Controlador-DJ-Pioneer-DJ-XDJ-XZ-Principal-450x450.jpg 450w, https:\/\/alquilerdeinstrumentos.com\/wp-content\/uploads\/2024\/08\/Controlador-DJ-Pioneer-DJ-XDJ-XZ-Principal-600x600.jpg 600w, https:\/\/alquilerdeinstrumentos.com\/wp-content\/uploads\/2024\/08\/Controlador-DJ-Pioneer-DJ-XDJ-XZ-Principal-100x100.jpg 100w, https:\/\/alquilerdeinstrumentos.com\/wp-content\/uploads\/2024\/08\/Controlador-DJ-Pioneer-DJ-XDJ-XZ-Principal.jpg 800w\" sizes=\"auto, (max-width: 206px) 100vw, 206px\" \/><\/a><\/p>\n<p style=\"text-align: center;\">Precio de alquiler: 150 euros.<\/p>\n<p>&nbsp;<\/p><\/div><\/div><div class='clear_column'><\/div>\n<div class='content-column one_half last_column'><div style=\"padding-right:5px;padding-left:5px;\"><strong>PIONEER XDJ-RX2<\/strong><\/p>\n<p style=\"font-weight: 400;\">El XDJ-RX2 incorpora una gran pantalla t\u00e1ctil de 7 pulgadas con teclado QWERTY, adem\u00e1s de funciones heredadas del CDJ-2000NXS2 y de la DJM-9000NXS2, incluyendo el selector giratorio, filtro de pistas, short cuts, Sound Colour FX y Beat FX. Los 8 grandes Pads multicolor para directo, te ofrecen un control suave de Hot Cues, Beat Loop, Slip Loop y Beat Jump.<\/p>\n<p style=\"text-align: center;\"><a href=\"http:\/\/alquilerdeinstrumentos.com\/wp-content\/uploads\/2024\/08\/xdj-rx2-main.png\"><img loading=\"lazy\" decoding=\"async\" class=\"alignnone wp-image-1262 size-medium\" src=\"http:\/\/alquilerdeinstrumentos.com\/wp-content\/uploads\/2024\/08\/xdj-rx2-main-300x158.png\" alt=\"\" width=\"300\" height=\"158\" srcset=\"https:\/\/alquilerdeinstrumentos.com\/wp-content\/uploads\/2024\/08\/xdj-rx2-main-300x158.png 300w, https:\/\/alquilerdeinstrumentos.com\/wp-content\/uploads\/2024\/08\/xdj-rx2-main-1024x538.png 1024w, https:\/\/alquilerdeinstrumentos.com\/wp-content\/uploads\/2024\/08\/xdj-rx2-main-768x403.png 768w, https:\/\/alquilerdeinstrumentos.com\/wp-content\/uploads\/2024\/08\/xdj-rx2-main-600x315.png 600w, https:\/\/alquilerdeinstrumentos.com\/wp-content\/uploads\/2024\/08\/xdj-rx2-main.png 1200w\" sizes=\"auto, (max-width: 300px) 100vw, 300px\" \/><\/a><\/p>\n<p style=\"font-weight: 400; text-align: center;\">Precio de alquiler: 120 euros.<\/p><\/div><\/div><div class='clear_column'><\/div>\n<hr \/>\n<h2 style=\"text-align: center;\"><strong>ACCESORIOS<\/strong><\/h2>\n<div class='content-column one_half'><div style=\"padding-right:5px;padding-left:5px;\"><strong>Pro Event DJ<\/strong><\/p>\n<p>El Pro Event DJ de Audibax es un soporte de DJ plegable que es de gran utilizad para todo tipo de fiestas. Destaca principalmente por su r\u00e1pida y sencilla instalaci\u00f3n y montaje. Cuenta con una gran estabilidad gracias a su gran soporte de hierro fundido. Adem\u00e1s del soporte, se incluye la tela con la que recubrir el soporte que hace que tenga un dise\u00f1o m\u00e1s elegante, proporcionando un espacio privado para el DJ sin estar a la vista de los espectadores. Se incluye tambi\u00e9n una funda muy espaciosa para que el transporte del soporte sea sencillo.<\/p>\n<p style=\"text-align: center;\"><a href=\"http:\/\/alquilerdeinstrumentos.com\/wp-content\/uploads\/2024\/02\/audibax-pro-event-dj.jpg\"><img loading=\"lazy\" decoding=\"async\" class=\"alignnone wp-image-1198 size-thumbnail\" src=\"http:\/\/alquilerdeinstrumentos.com\/wp-content\/uploads\/2024\/02\/audibax-pro-event-dj-150x150.jpg\" alt=\"\" width=\"150\" height=\"150\" srcset=\"https:\/\/alquilerdeinstrumentos.com\/wp-content\/uploads\/2024\/02\/audibax-pro-event-dj-150x150.jpg 150w, https:\/\/alquilerdeinstrumentos.com\/wp-content\/uploads\/2024\/02\/audibax-pro-event-dj-300x300.jpg 300w, https:\/\/alquilerdeinstrumentos.com\/wp-content\/uploads\/2024\/02\/audibax-pro-event-dj-100x100.jpg 100w, https:\/\/alquilerdeinstrumentos.com\/wp-content\/uploads\/2024\/02\/audibax-pro-event-dj.jpg 350w\" sizes=\"auto, (max-width: 150px) 100vw, 150px\" \/><\/a><\/p>\n<p style=\"text-align: center;\">Precio de alquiler: 30 euros.<\/p><\/div><\/div>\n<div class='content-column one_half last_column'><div style=\"padding-right:5px;padding-left:5px;\"><strong>VONYX DB2<\/strong><\/p>\n<p>Pantalla DJ plegable 120 x 70 (4 Paneles). Dise\u00f1o ligero y plegable. Acabado en acero negro. Compacto y ligero. f\u00e1cil y r\u00e1pida instalaci\u00f3n. Puede iluminarse por detras con cualquier efecto. Perfecto para disco m\u00f3vil. Dimensiones 30 x 700 x 1200mm (cada panel)<\/p>\n<p style=\"text-align: center;\"><a href=\"http:\/\/alquilerdeinstrumentos.com\/wp-content\/uploads\/2024\/02\/Pantalla-DJ-plegable-VONYX-DB5.jpg\"><img loading=\"lazy\" decoding=\"async\" class=\"alignnone wp-image-1199 \" src=\"http:\/\/alquilerdeinstrumentos.com\/wp-content\/uploads\/2024\/02\/Pantalla-DJ-plegable-VONYX-DB5-300x229.jpg\" alt=\"\" width=\"183\" height=\"140\" srcset=\"https:\/\/alquilerdeinstrumentos.com\/wp-content\/uploads\/2024\/02\/Pantalla-DJ-plegable-VONYX-DB5-300x229.jpg 300w, https:\/\/alquilerdeinstrumentos.com\/wp-content\/uploads\/2024\/02\/Pantalla-DJ-plegable-VONYX-DB5.jpg 341w\" sizes=\"auto, (max-width: 183px) 100vw, 183px\" \/><\/a><\/p>\n<p style=\"text-align: center;\">Precio de alquiler: 15 euros.<\/p><\/div><\/div><div class='clear_column'><\/div>\n","protected":false},"excerpt":{"rendered":"<p>ACCESORIOS<\/p>\n","protected":false},"author":1,"featured_media":0,"parent":0,"menu_order":0,"comment_status":"closed","ping_status":"closed","template":"","meta":{"spay_email":"","footnotes":""},"class_list":["post-322","page","type-page","status-publish","hentry"],"_links":{"self":[{"href":"https:\/\/alquilerdeinstrumentos.com\/index.php\/wp-json\/wp\/v2\/pages\/322","targetHints":{"allow":["GET"]}}],"collection":[{"href":"https:\/\/alquilerdeinstrumentos.com\/index.php\/wp-json\/wp\/v2\/pages"}],"about":[{"href":"https:\/\/alquilerdeinstrumentos.com\/index.php\/wp-json\/wp\/v2\/types\/page"}],"author":[{"embeddable":true,"href":"https:\/\/alquilerdeinstrumentos.com\/index.php\/wp-json\/wp\/v2\/users\/1"}],"replies":[{"embeddable":true,"href":"https:\/\/alquilerdeinstrumentos.com\/index.php\/wp-json\/wp\/v2\/comments?post=322"}],"version-history":[{"count":11,"href":"https:\/\/alquilerdeinstrumentos.com\/index.php\/wp-json\/wp\/v2\/pages\/322\/revisions"}],"predecessor-version":[{"id":1390,"href":"https:\/\/alquilerdeinstrumentos.com\/index.php\/wp-json\/wp\/v2\/pages\/322\/revisions\/1390"}],"wp:attachment":[{"href":"https:\/\/alquilerdeinstrumentos.com\/index.php\/wp-json\/wp\/v2\/media?parent=322"}],"curies":[{"name":"wp","href":"https:\/\/api.w.org\/{rel}","templated":true}]}}