{"id":350,"date":"2022-03-08T10:32:24","date_gmt":"2022-03-08T09:32:24","guid":{"rendered":"http:\/\/alquilerdeinstrumentos.com\/?page_id=350"},"modified":"2025-01-16T22:17:43","modified_gmt":"2025-01-16T21:17:43","slug":"nexo","status":"publish","type":"page","link":"https:\/\/alquilerdeinstrumentos.com\/index.php\/nexo\/","title":{"rendered":"NEXO"},"content":{"rendered":"<div class='content-column one_half'><div style=\"padding-right:5px;padding-left:5px;\"><strong>PS10-R2 <\/strong>es un sistema de alta potencia capaz de producir 132dB SPL de pico y que puede amplificarse de forma segura con hasta 1250 vatios de potencia. Controlado mediante el nuevo controlador DTD Controller, el PS10-R2 alcanza altos niveles de presi\u00f3n sonora y un gran ancho de banda con s\u00f3lo la mitad de peso y tama\u00f1o de sistemas trapezoidales convencionales.<\/p>\n<p style=\"text-align: center;\"><a href=\"http:\/\/alquilerdeinstrumentos.com\/wp-content\/uploads\/2022\/03\/nexo_ps10r2.jpg\"><img loading=\"lazy\" decoding=\"async\" class=\"alignnone wp-image-351\" src=\"http:\/\/alquilerdeinstrumentos.com\/wp-content\/uploads\/2022\/03\/nexo_ps10r2-300x300.jpg\" alt=\"\" width=\"131\" height=\"131\" srcset=\"https:\/\/alquilerdeinstrumentos.com\/wp-content\/uploads\/2022\/03\/nexo_ps10r2-300x300.jpg 300w, https:\/\/alquilerdeinstrumentos.com\/wp-content\/uploads\/2022\/03\/nexo_ps10r2-150x150.jpg 150w, https:\/\/alquilerdeinstrumentos.com\/wp-content\/uploads\/2022\/03\/nexo_ps10r2-768x768.jpg 768w, https:\/\/alquilerdeinstrumentos.com\/wp-content\/uploads\/2022\/03\/nexo_ps10r2.jpg 900w\" sizes=\"auto, (max-width: 131px) 100vw, 131px\" \/><\/a> Precio de alquiler: 50 euros\u00a0 \u00a0c\/u.<\/p><\/div><\/div>\n<div class='content-column one_half last_column'><div style=\"padding-right:5px;padding-left:5px;\"><strong>PS15-R2 <\/strong>es un sistema de alta potencia capaz de producir 136dB SPL de pico y que puede amplificarse de forma segura con hasta 2000 vatios de potencia. Controlado mediante el nuevo controlador DTD Controller, el PS15-R2 alcanza altos niveles de presi\u00f3n sonora y un gran ancho de banda con s\u00f3lo la mitad de peso y tama\u00f1o de sistemas trapezoidales convencionales.<\/p>\n<p style=\"text-align: center;\"><a href=\"http:\/\/alquilerdeinstrumentos.com\/wp-content\/uploads\/2022\/03\/nexo-ps15-4.jpg\"><img loading=\"lazy\" decoding=\"async\" class=\"alignnone wp-image-352\" src=\"http:\/\/alquilerdeinstrumentos.com\/wp-content\/uploads\/2022\/03\/nexo-ps15-4-300x229.jpg\" alt=\"\" width=\"199\" height=\"152\" srcset=\"https:\/\/alquilerdeinstrumentos.com\/wp-content\/uploads\/2022\/03\/nexo-ps15-4-300x229.jpg 300w, https:\/\/alquilerdeinstrumentos.com\/wp-content\/uploads\/2022\/03\/nexo-ps15-4.jpg 461w\" sizes=\"auto, (max-width: 199px) 100vw, 199px\" \/><\/a>\u00a0 Precio de alquiler: 70 euros\u00a0 \u00a0c\/u.<\/p><\/div><\/div><div class='clear_column'><\/div>\n<div class='content-column one_half'><div style=\"padding-right:5px;padding-left:5px;\"><strong>LS600 <\/strong>extiende el margen de frecuencias del PS10-R2 hasta los 38Hz, ofreciendo un alto rendimiento y potencia de salida (138dB de pico) en un formato extremadamente compacto y ligero. Lo habitual es utilizar dos sub-bajos LS600 para dos cajas PS10-R2, pero se podr\u00eda aumentar esta proporci\u00f3n para conseguir un efecto m\u00e1s pronunciado. Los\u00a0<em>presets<\/em>\u00a0para PS10-R2 y LS600 del DTD Controller garantizan una implementaci\u00f3n sencilla y rentable del sistema, al tiempo que el controlador amplificado NXAMP ofrece conectividad total de red y la posibilidad de combinar configuraciones de PS10-R2\/LS600 con otras cajas NEXO.<\/p>\n<p style=\"text-align: center;\"><a href=\"http:\/\/alquilerdeinstrumentos.com\/wp-content\/uploads\/2022\/03\/ls600.jpg\"><img loading=\"lazy\" decoding=\"async\" class=\"alignnone wp-image-353\" src=\"http:\/\/alquilerdeinstrumentos.com\/wp-content\/uploads\/2022\/03\/ls600-300x202.jpg\" alt=\"\" width=\"151\" height=\"102\" srcset=\"https:\/\/alquilerdeinstrumentos.com\/wp-content\/uploads\/2022\/03\/ls600-300x202.jpg 300w, https:\/\/alquilerdeinstrumentos.com\/wp-content\/uploads\/2022\/03\/ls600-768x518.jpg 768w, https:\/\/alquilerdeinstrumentos.com\/wp-content\/uploads\/2022\/03\/ls600.jpg 964w\" sizes=\"auto, (max-width: 151px) 100vw, 151px\" \/><\/a>\u00a0 \u00a0 Precio de alquiler: 70 euros\u00a0 \u00a0c\/u.<\/p><\/div><\/div>\n<div class='content-column one_half last_column'><div style=\"padding-right:5px;padding-left:5px;\"><strong>L18<\/strong> Con unas dimensiones de 680 mm de anchura x 559 mm de altura x 775 mm de profundidad y un peso de 50 kg, la caja subgrave L18 integra un controlador de excursi\u00f3n de 18\u201d en una caja de abedul b\u00e1ltico\/contrachapado de \u00e1lamo con insertos roscados para accesorios de montaje y un adaptador de soporte M20. La caja L18, con un rango de frecuencias de 32 a 120 Hz y 140 dB de presi\u00f3n sonora m\u00e1xima.<\/p>\n<p><a href=\"http:\/\/alquilerdeinstrumentos.com\/wp-content\/uploads\/2022\/03\/L18.jpg\"><img loading=\"lazy\" decoding=\"async\" class=\"alignnone wp-image-354 size-medium\" src=\"http:\/\/alquilerdeinstrumentos.com\/wp-content\/uploads\/2022\/03\/L18-300x172.jpg\" alt=\"\" width=\"300\" height=\"172\" srcset=\"https:\/\/alquilerdeinstrumentos.com\/wp-content\/uploads\/2022\/03\/L18-300x172.jpg 300w, https:\/\/alquilerdeinstrumentos.com\/wp-content\/uploads\/2022\/03\/L18-1024x588.jpg 1024w, https:\/\/alquilerdeinstrumentos.com\/wp-content\/uploads\/2022\/03\/L18-768x441.jpg 768w, https:\/\/alquilerdeinstrumentos.com\/wp-content\/uploads\/2022\/03\/L18-1536x882.jpg 1536w, https:\/\/alquilerdeinstrumentos.com\/wp-content\/uploads\/2022\/03\/L18.jpg 1810w\" sizes=\"auto, (max-width: 300px) 100vw, 300px\" \/><\/a>\u00a0 \u00a0 Precio de alquiler: 100 euros\u00a0 \u00a0c\/u.<\/p><\/div><\/div><div class='clear_column'><\/div>\n<div class='content-column one_half'><div style=\"padding-right:5px;padding-left:5px;\"><strong>Equipo de sonido Nexo<\/strong>: <strong>4 x Ps 10\u00a0 amplificaci\u00f3n+ cables.<\/strong><\/p>\n<p style=\"text-align: center;\"><a href=\"http:\/\/alquilerdeinstrumentos.com\/wp-content\/uploads\/2022\/03\/kit-ps10.jpg\"><img loading=\"lazy\" decoding=\"async\" class=\"alignnone wp-image-364\" src=\"http:\/\/alquilerdeinstrumentos.com\/wp-content\/uploads\/2022\/03\/kit-ps10-300x240.jpg\" alt=\"\" width=\"174\" height=\"139\" srcset=\"https:\/\/alquilerdeinstrumentos.com\/wp-content\/uploads\/2022\/03\/kit-ps10-300x240.jpg 300w, https:\/\/alquilerdeinstrumentos.com\/wp-content\/uploads\/2022\/03\/kit-ps10.jpg 675w\" sizes=\"auto, (max-width: 174px) 100vw, 174px\" \/><\/a>\u00a0 \u00a0 \u00a0Precio de alquiler: consultar<\/p><\/div><\/div>\n<div class='content-column one_half last_column'><div style=\"padding-right:5px;padding-left:5px;\"><strong>Equipo de sonido Nexo: 2 x Ps 15 + amplificaci\u00f3n + cables.<\/strong><\/p>\n<p style=\"text-align: center;\"><a href=\"http:\/\/alquilerdeinstrumentos.com\/wp-content\/uploads\/2022\/03\/ps15nx.jpg\"><img loading=\"lazy\" decoding=\"async\" class=\"alignnone wp-image-365\" src=\"http:\/\/alquilerdeinstrumentos.com\/wp-content\/uploads\/2022\/03\/ps15nx-300x300.jpg\" alt=\"\" width=\"123\" height=\"123\" srcset=\"https:\/\/alquilerdeinstrumentos.com\/wp-content\/uploads\/2022\/03\/ps15nx-300x300.jpg 300w, https:\/\/alquilerdeinstrumentos.com\/wp-content\/uploads\/2022\/03\/ps15nx-150x150.jpg 150w, https:\/\/alquilerdeinstrumentos.com\/wp-content\/uploads\/2022\/03\/ps15nx.jpg 458w\" sizes=\"auto, (max-width: 123px) 100vw, 123px\" \/><\/a>\u00a0 Precio de alquiler: consultar<\/p><\/div><\/div><div class='clear_column'><\/div>\n<div class='content-column one_half'><div style=\"padding-right:5px;padding-left:5px;\"><strong>Equipo de sonido Nexo: 2 x Ps 10 + 2 x Ls 600\u00a0 +amplificaci\u00f3n\u00a0 + cables.<\/strong><\/p>\n<p style=\"text-align: center;\"><a href=\"http:\/\/alquilerdeinstrumentos.com\/wp-content\/uploads\/2022\/03\/PS10-LS600-ZM1.jpg\"><img loading=\"lazy\" decoding=\"async\" class=\"alignnone wp-image-358\" src=\"http:\/\/alquilerdeinstrumentos.com\/wp-content\/uploads\/2022\/03\/PS10-LS600-ZM1-300x300.jpg\" alt=\"\" width=\"136\" height=\"136\" srcset=\"https:\/\/alquilerdeinstrumentos.com\/wp-content\/uploads\/2022\/03\/PS10-LS600-ZM1-300x300.jpg 300w, https:\/\/alquilerdeinstrumentos.com\/wp-content\/uploads\/2022\/03\/PS10-LS600-ZM1-150x150.jpg 150w, https:\/\/alquilerdeinstrumentos.com\/wp-content\/uploads\/2022\/03\/PS10-LS600-ZM1.jpg 600w\" sizes=\"auto, (max-width: 136px) 100vw, 136px\" \/><\/a> Precio de alquiler: consultar.<\/p><\/div><\/div>\n<div class='content-column one_half last_column'><div style=\"padding-right:5px;padding-left:5px;\"><strong>Equipo de sonido Nexo: 2 x Ps 15 + 2 x L18\u00a0 +amplificaci\u00f3n\u00a0 + cables.<\/strong><\/p>\n<p style=\"text-align: center;\"><a href=\"http:\/\/alquilerdeinstrumentos.com\/wp-content\/uploads\/2022\/03\/PS15_2_x_LS18_1_medium.jpg\"><img loading=\"lazy\" decoding=\"async\" class=\"alignnone wp-image-367\" src=\"http:\/\/alquilerdeinstrumentos.com\/wp-content\/uploads\/2022\/03\/PS15_2_x_LS18_1_medium-300x300.jpg\" alt=\"\" width=\"129\" height=\"129\" srcset=\"https:\/\/alquilerdeinstrumentos.com\/wp-content\/uploads\/2022\/03\/PS15_2_x_LS18_1_medium-300x300.jpg 300w, https:\/\/alquilerdeinstrumentos.com\/wp-content\/uploads\/2022\/03\/PS15_2_x_LS18_1_medium-150x150.jpg 150w, https:\/\/alquilerdeinstrumentos.com\/wp-content\/uploads\/2022\/03\/PS15_2_x_LS18_1_medium.jpg 400w\" sizes=\"auto, (max-width: 129px) 100vw, 129px\" \/><\/a>\u00a0 \u00a0 Precio de alquiler: consultar.<\/p><\/div><\/div><div class='clear_column'><\/div>\n","protected":false},"excerpt":{"rendered":"","protected":false},"author":1,"featured_media":0,"parent":0,"menu_order":0,"comment_status":"closed","ping_status":"closed","template":"","meta":{"spay_email":"","footnotes":""},"class_list":["post-350","page","type-page","status-publish","hentry"],"_links":{"self":[{"href":"https:\/\/alquilerdeinstrumentos.com\/index.php\/wp-json\/wp\/v2\/pages\/350","targetHints":{"allow":["GET"]}}],"collection":[{"href":"https:\/\/alquilerdeinstrumentos.com\/index.php\/wp-json\/wp\/v2\/pages"}],"about":[{"href":"https:\/\/alquilerdeinstrumentos.com\/index.php\/wp-json\/wp\/v2\/types\/page"}],"author":[{"embeddable":true,"href":"https:\/\/alquilerdeinstrumentos.com\/index.php\/wp-json\/wp\/v2\/users\/1"}],"replies":[{"embeddable":true,"href":"https:\/\/alquilerdeinstrumentos.com\/index.php\/wp-json\/wp\/v2\/comments?post=350"}],"version-history":[{"count":6,"href":"https:\/\/alquilerdeinstrumentos.com\/index.php\/wp-json\/wp\/v2\/pages\/350\/revisions"}],"predecessor-version":[{"id":1284,"href":"https:\/\/alquilerdeinstrumentos.com\/index.php\/wp-json\/wp\/v2\/pages\/350\/revisions\/1284"}],"wp:attachment":[{"href":"https:\/\/alquilerdeinstrumentos.com\/index.php\/wp-json\/wp\/v2\/media?parent=350"}],"curies":[{"name":"wp","href":"https:\/\/api.w.org\/{rel}","templated":true}]}}