{"id":369,"date":"2022-03-08T11:01:52","date_gmt":"2022-03-08T10:01:52","guid":{"rendered":"http:\/\/alquilerdeinstrumentos.com\/?page_id=369"},"modified":"2025-06-11T13:20:47","modified_gmt":"2025-06-11T11:20:47","slug":"altavoces","status":"publish","type":"page","link":"https:\/\/alquilerdeinstrumentos.com\/index.php\/altavoces\/","title":{"rendered":"ALTAVOCES"},"content":{"rendered":"<div class='content-column one_half'><div style=\"padding-right:5px;padding-left:5px;\"><span style=\"font-family: Arial;\"><strong>EQUIPO\u00a0 dB TECHNOLOGIES\u00a0<\/strong> <\/span><\/p>\n<p><span style=\"font-family: Arial;\">1600 wts RMS.<span style=\"color: #0000ff;\">\u00a0<\/span><b>\u00a0<\/b>2 columnas a\u00e9reas Opera 710 + 2 subgraves\u00a0 sub 12D.<\/span><\/p>\n<p style=\"text-align: center;\"><a href=\"http:\/\/alquilerdeinstrumentos.com\/wp-content\/uploads\/2022\/03\/DB-PACK.jpg\"><img loading=\"lazy\" decoding=\"async\" class=\"alignnone wp-image-373\" src=\"http:\/\/alquilerdeinstrumentos.com\/wp-content\/uploads\/2022\/03\/DB-PACK-232x300.jpg\" alt=\"\" width=\"107\" height=\"138\" srcset=\"https:\/\/alquilerdeinstrumentos.com\/wp-content\/uploads\/2022\/03\/DB-PACK-232x300.jpg 232w, https:\/\/alquilerdeinstrumentos.com\/wp-content\/uploads\/2022\/03\/DB-PACK.jpg 500w\" sizes=\"auto, (max-width: 107px) 100vw, 107px\" \/><\/a>Precio de alquiler: 160 euros.<\/p><\/div><\/div>\n<div class='content-column one_half last_column'><div style=\"padding-right:5px;padding-left:5px;\"><span style=\"font-family: Arial;\"><strong>dB Technologies\u00a0 Opera 710 DX 10&#8243;\/1&#8243;\u00a0 400W rms<\/strong><\/span><\/p>\n<p><span style=\"font-family: Arial;\">Este modelo ha sido estudiado para proporcionar elevadas prestaciones en espacios reducidos, garantizando elevados niveles de presi\u00f3n sonora, excelente calidad audio y un incre\u00edble punch en las frecuencias bajas. DSP 24 bit\/48 kHz SPL 127 dB. Low 10&#8243;, High 1&#8243;.<b>\u00a0<\/b><\/span><\/p>\n<p style=\"text-align: center;\"><a href=\"http:\/\/alquilerdeinstrumentos.com\/wp-content\/uploads\/2022\/03\/OPERA915DX.jpg\"><img loading=\"lazy\" decoding=\"async\" class=\"alignnone wp-image-370\" src=\"http:\/\/alquilerdeinstrumentos.com\/wp-content\/uploads\/2022\/03\/OPERA915DX-300x300.jpg\" alt=\"\" width=\"140\" height=\"140\" srcset=\"https:\/\/alquilerdeinstrumentos.com\/wp-content\/uploads\/2022\/03\/OPERA915DX-300x300.jpg 300w, https:\/\/alquilerdeinstrumentos.com\/wp-content\/uploads\/2022\/03\/OPERA915DX-150x150.jpg 150w, https:\/\/alquilerdeinstrumentos.com\/wp-content\/uploads\/2022\/03\/OPERA915DX.jpg 450w\" sizes=\"auto, (max-width: 140px) 100vw, 140px\" \/><\/a>\u00a0 \u00a0 Precio de alquiler: 40 euros.<\/p><\/div><\/div><div class='clear_column'><\/div>\n<div class='content-column one_half'><div style=\"padding-right:5px;padding-left:5px;\"><span style=\"font-family: Arial;\"><strong>dB Technologies\u00a0 Opera 715,\u00a0 400W rms<\/strong>\u00a0<\/span><\/p>\n<p><span style=\"font-family: Arial;\">Es la elecci\u00f3n ideal para aplicaciones que exigen un fuerte impacto sonoro incluso en las bajas frecuencias, sin necesidad, por tanto, de a\u00f1adir un ulterior subwoofer. Gracias a la gran eficiencia en las frecuencias bajas, est\u00e1 particularmente indicada para DJ y m\u00fasica en directo, si bien se puede usar tambi\u00e9n como monitor de escenario.<\/span><\/p>\n<p style=\"text-align: center;\"><a href=\"http:\/\/alquilerdeinstrumentos.com\/wp-content\/uploads\/2022\/03\/OPERA915DX.jpg\"><img loading=\"lazy\" decoding=\"async\" class=\"alignnone wp-image-370\" src=\"http:\/\/alquilerdeinstrumentos.com\/wp-content\/uploads\/2022\/03\/OPERA915DX-300x300.jpg\" alt=\"\" width=\"131\" height=\"131\" srcset=\"https:\/\/alquilerdeinstrumentos.com\/wp-content\/uploads\/2022\/03\/OPERA915DX-300x300.jpg 300w, https:\/\/alquilerdeinstrumentos.com\/wp-content\/uploads\/2022\/03\/OPERA915DX-150x150.jpg 150w, https:\/\/alquilerdeinstrumentos.com\/wp-content\/uploads\/2022\/03\/OPERA915DX.jpg 450w\" sizes=\"auto, (max-width: 131px) 100vw, 131px\" \/><\/a> Precio de alquiler: 40 euros.<\/p><\/div><\/div>\n<div class='content-column one_half last_column'><div style=\"padding-right:5px;padding-left:5px;\"><strong>JBL PRX912<\/strong><\/p>\n<p>Altavoz Amplificado de dos V\u00edas 12. M\u00e1ximo SPL de 133dB.. Respuesta en frecuencia de 45 Hz a 20 kHz..<\/p>\n<p style=\"font-weight: 400;\">Control v\u00eda pantalla LCD a color y Wifi Connected PA.<\/p>\n<p style=\"font-weight: 400;\">Mezclador digital de 2 entradas Mic\/Line Entrada\/Salida XLR y 1 Entrada Minijack 3,5mm, con salida MIX por XLR.<\/p>\n<p style=\"font-weight: 400;\">1 woofer de ferrita 912G de 12&#8243;, y motor 2408H-2 de 1,5&#8243;.<\/p>\n<p style=\"font-weight: 400;\">\n<p style=\"font-weight: 400;\">\n<p style=\"font-weight: 400; text-align: center;\"><a href=\"http:\/\/alquilerdeinstrumentos.com\/wp-content\/uploads\/2024\/08\/JBL_PRX900_Series_PRX912_ExtremeAngle_1605x1605.jpg\"><img loading=\"lazy\" decoding=\"async\" class=\"alignnone wp-image-1252 \" src=\"http:\/\/alquilerdeinstrumentos.com\/wp-content\/uploads\/2024\/08\/JBL_PRX900_Series_PRX912_ExtremeAngle_1605x1605.jpg\" alt=\"\" width=\"156\" height=\"156\" srcset=\"https:\/\/alquilerdeinstrumentos.com\/wp-content\/uploads\/2024\/08\/JBL_PRX900_Series_PRX912_ExtremeAngle_1605x1605.jpg 270w, https:\/\/alquilerdeinstrumentos.com\/wp-content\/uploads\/2024\/08\/JBL_PRX900_Series_PRX912_ExtremeAngle_1605x1605-150x150.jpg 150w, https:\/\/alquilerdeinstrumentos.com\/wp-content\/uploads\/2024\/08\/JBL_PRX900_Series_PRX912_ExtremeAngle_1605x1605-100x100.jpg 100w\" sizes=\"auto, (max-width: 156px) 100vw, 156px\" \/><\/a>Precio de alquiler: 60 euros.<\/p><\/div><\/div><div class='clear_column'><\/div>\n<div class='content-column one_half last_column'><div style=\"padding-right:5px;padding-left:5px;\"><strong>RCF ART 915-A Altavoz Amplificado.<\/strong><\/p>\n<p style=\"font-weight: 400;\">RCF ART 915-A ha sido cuidadosamente dise\u00f1ado para ofrecer un rendimiento de audio excepcional y una gran versatilidad para aplicaciones de audio pesadas. Combina un controlador de compresi\u00f3n de 1,75 &#8220;, un woofer de 15&#8221;, un amplificador de doble canal de 2100 W y una gu\u00eda de onda de directividad constante True Resistive Waveguide que garantiza una cobertura uniforme de 100 \u00b0 x 60 \u00b0 para un sonido sin distorsiones, hasta 131 dB SPL.<\/p>\n<p style=\"font-weight: 400; text-align: center;\"><a href=\"http:\/\/alquilerdeinstrumentos.com\/wp-content\/uploads\/2024\/08\/images.jpeg\"><img loading=\"lazy\" decoding=\"async\" class=\"alignnone wp-image-1253 \" src=\"http:\/\/alquilerdeinstrumentos.com\/wp-content\/uploads\/2024\/08\/images.jpeg\" alt=\"\" width=\"142\" height=\"142\" srcset=\"https:\/\/alquilerdeinstrumentos.com\/wp-content\/uploads\/2024\/08\/images.jpeg 225w, https:\/\/alquilerdeinstrumentos.com\/wp-content\/uploads\/2024\/08\/images-150x150.jpeg 150w, https:\/\/alquilerdeinstrumentos.com\/wp-content\/uploads\/2024\/08\/images-100x100.jpeg 100w\" sizes=\"auto, (max-width: 142px) 100vw, 142px\" \/><\/a>Precio de alquiler: 60 euros.<\/p><\/div><\/div><div class='clear_column'><\/div>\n","protected":false},"excerpt":{"rendered":"","protected":false},"author":1,"featured_media":0,"parent":0,"menu_order":0,"comment_status":"closed","ping_status":"closed","template":"","meta":{"spay_email":"","footnotes":""},"class_list":["post-369","page","type-page","status-publish","hentry"],"_links":{"self":[{"href":"https:\/\/alquilerdeinstrumentos.com\/index.php\/wp-json\/wp\/v2\/pages\/369","targetHints":{"allow":["GET"]}}],"collection":[{"href":"https:\/\/alquilerdeinstrumentos.com\/index.php\/wp-json\/wp\/v2\/pages"}],"about":[{"href":"https:\/\/alquilerdeinstrumentos.com\/index.php\/wp-json\/wp\/v2\/types\/page"}],"author":[{"embeddable":true,"href":"https:\/\/alquilerdeinstrumentos.com\/index.php\/wp-json\/wp\/v2\/users\/1"}],"replies":[{"embeddable":true,"href":"https:\/\/alquilerdeinstrumentos.com\/index.php\/wp-json\/wp\/v2\/comments?post=369"}],"version-history":[{"count":16,"href":"https:\/\/alquilerdeinstrumentos.com\/index.php\/wp-json\/wp\/v2\/pages\/369\/revisions"}],"predecessor-version":[{"id":1388,"href":"https:\/\/alquilerdeinstrumentos.com\/index.php\/wp-json\/wp\/v2\/pages\/369\/revisions\/1388"}],"wp:attachment":[{"href":"https:\/\/alquilerdeinstrumentos.com\/index.php\/wp-json\/wp\/v2\/media?parent=369"}],"curies":[{"name":"wp","href":"https:\/\/api.w.org\/{rel}","templated":true}]}}