{"id":391,"date":"2022-03-08T14:59:52","date_gmt":"2022-03-08T13:59:52","guid":{"rendered":"http:\/\/alquilerdeinstrumentos.com\/?page_id=391"},"modified":"2025-02-09T00:49:55","modified_gmt":"2025-02-08T23:49:55","slug":"monitores","status":"publish","type":"page","link":"https:\/\/alquilerdeinstrumentos.com\/index.php\/monitores\/","title":{"rendered":"MONITORES"},"content":{"rendered":"<hr \/>\n<h2 style=\"text-align: center;\">DE PISO<\/h2>\n<div class='content-column one_half'><div style=\"padding-right:5px;padding-left:5px;\"><strong>Fbt X-PRO 112MA<\/strong><\/p>\n<p>Monitor Escenario Activo 1500 W. Bluetooth Caracter\u00edsticas Fbt XPRO 112MA Configuraci\u00f3n: 2 Vias Amplificador integrado LF \/ HF: 1200 \/ 300W<\/p>\n<p style=\"text-align: center;\"><a href=\"http:\/\/alquilerdeinstrumentos.com\/wp-content\/uploads\/2023\/01\/fbt-x-pro-112ma-monitor-activo.png\"><img loading=\"lazy\" decoding=\"async\" class=\"alignnone wp-image-1061 size-medium\" src=\"http:\/\/alquilerdeinstrumentos.com\/wp-content\/uploads\/2023\/01\/fbt-x-pro-112ma-monitor-activo-300x160.png\" alt=\"\" width=\"300\" height=\"160\" srcset=\"https:\/\/alquilerdeinstrumentos.com\/wp-content\/uploads\/2023\/01\/fbt-x-pro-112ma-monitor-activo-300x160.png 300w, https:\/\/alquilerdeinstrumentos.com\/wp-content\/uploads\/2023\/01\/fbt-x-pro-112ma-monitor-activo-1024x546.png 1024w, https:\/\/alquilerdeinstrumentos.com\/wp-content\/uploads\/2023\/01\/fbt-x-pro-112ma-monitor-activo-768x410.png 768w, https:\/\/alquilerdeinstrumentos.com\/wp-content\/uploads\/2023\/01\/fbt-x-pro-112ma-monitor-activo-1320x704.png 1320w, https:\/\/alquilerdeinstrumentos.com\/wp-content\/uploads\/2023\/01\/fbt-x-pro-112ma-monitor-activo-600x320.png 600w, https:\/\/alquilerdeinstrumentos.com\/wp-content\/uploads\/2023\/01\/fbt-x-pro-112ma-monitor-activo.png 1500w\" sizes=\"auto, (max-width: 300px) 100vw, 300px\" \/><\/a><\/p>\n<p style=\"text-align: center;\">Precio de alquiler: 50 euros.<\/p><\/div><\/div>\n<div class='content-column one_half last_column'><div style=\"padding-right:5px;padding-left:5px;\"><strong>dB Technologies Flexsys FMX 12 Monitor Activo<\/strong><\/p>\n<p>Caracter\u00e1sticas: Woofer de 12 &#8221; , 600 wts rms.<\/p>\n<p style=\"text-align: center;\"><a href=\"http:\/\/alquilerdeinstrumentos.com\/wp-content\/uploads\/2022\/03\/dbtechnologies-flexsys-fmx12.jpg\"><img loading=\"lazy\" decoding=\"async\" class=\"alignnone wp-image-392\" src=\"http:\/\/alquilerdeinstrumentos.com\/wp-content\/uploads\/2022\/03\/dbtechnologies-flexsys-fmx12-300x170.jpg\" alt=\"\" width=\"208\" height=\"118\" srcset=\"https:\/\/alquilerdeinstrumentos.com\/wp-content\/uploads\/2022\/03\/dbtechnologies-flexsys-fmx12-300x170.jpg 300w, https:\/\/alquilerdeinstrumentos.com\/wp-content\/uploads\/2022\/03\/dbtechnologies-flexsys-fmx12.jpg 527w\" sizes=\"auto, (max-width: 208px) 100vw, 208px\" \/><\/a>\u00a0 Precio de alquiler: 40 euros.<\/p><\/div><\/div><div class='clear_column'><\/div>\n<div class='content-column one_half'><div style=\"padding-right:5px;padding-left:5px;\"><strong>dB FLEXSYS FM12<\/strong><\/p>\n<p>Caracter\u00edsticas: Woofer de 12 &#8221; , 300 wts rms. Respuesta de frecuencia [+ \/ &#8211; 3 dB] 67 a 20.000 Hz. Max SPL 126 dB, Amplificador de Clase Clase D. Controlador DSP 24bit\/48kHz. Sistema de ajustes preestablecidos 8. Entrada de se\u00f1al 1x XLR.<\/p>\n<p style=\"text-align: center;\"><a href=\"http:\/\/alquilerdeinstrumentos.com\/wp-content\/uploads\/2022\/03\/FLEXSYSFM12.jpg\"><img loading=\"lazy\" decoding=\"async\" class=\"alignnone wp-image-393\" src=\"http:\/\/alquilerdeinstrumentos.com\/wp-content\/uploads\/2022\/03\/FLEXSYSFM12-300x300.jpg\" alt=\"\" width=\"226\" height=\"226\" srcset=\"https:\/\/alquilerdeinstrumentos.com\/wp-content\/uploads\/2022\/03\/FLEXSYSFM12-300x300.jpg 300w, https:\/\/alquilerdeinstrumentos.com\/wp-content\/uploads\/2022\/03\/FLEXSYSFM12-150x150.jpg 150w, https:\/\/alquilerdeinstrumentos.com\/wp-content\/uploads\/2022\/03\/FLEXSYSFM12.jpg 450w\" sizes=\"auto, (max-width: 226px) 100vw, 226px\" \/><\/a>\u00a0 \u00a0 \u00a0 Precio de alquiler: 30 euros.<\/p><\/div><\/div>\n<div class='content-column one_half last_column'><div style=\"padding-right:5px;padding-left:5px;\"><span style=\"font-family: Arial;\"><strong>dB FLEXSYS FM10<\/strong> <\/span><\/p>\n<p><span style=\"font-family: Arial;\">Amplificador Digipack 200 Watt. DSP con 8 memorias de ecualizaciones diferentes para cada uso. Woofer 10&#8243;, driver 1&#8243; (coaxiales). SPL 120 dB.<\/span><\/p>\n<p style=\"text-align: center;\"><a href=\"http:\/\/alquilerdeinstrumentos.com\/wp-content\/uploads\/2022\/03\/FM10.jpg\"><img loading=\"lazy\" decoding=\"async\" class=\"alignnone wp-image-394\" src=\"http:\/\/alquilerdeinstrumentos.com\/wp-content\/uploads\/2022\/03\/FM10-300x225.jpg\" alt=\"\" width=\"175\" height=\"131\" srcset=\"https:\/\/alquilerdeinstrumentos.com\/wp-content\/uploads\/2022\/03\/FM10-300x225.jpg 300w, https:\/\/alquilerdeinstrumentos.com\/wp-content\/uploads\/2022\/03\/FM10-768x575.jpg 768w, https:\/\/alquilerdeinstrumentos.com\/wp-content\/uploads\/2022\/03\/FM10.jpg 900w\" sizes=\"auto, (max-width: 175px) 100vw, 175px\" \/><\/a>\u00a0 \u00a0 Precio de alquiler: 30 euros.<\/p><\/div><\/div><div class='clear_column'><\/div>\n<hr \/>\n<h2 style=\"text-align: center;\">DE ESTUDIO<\/h2>\n<div class='content-column one_half'><div style=\"padding-right:5px;padding-left:5px;\"><strong>JBL 305P MKII Monitor Estudio Bi-amplificado<\/strong><\/p>\n<p>Sensibildad de Entrada (-10dBV INPUT) 92dB \/ 1m. Bi-amplificado. HF DRIVER POWER AMP 41W, clase D. LF DRIVER POWER AMP 41W, Clase-D. Respuesta de Frecuencia (\u00b1 3dB) 49Hz &#8211; 20kHz. Rango de Frecuencia (-10dB) 43Hz &#8211; 24kHz. SPL M\u00e1ximo Contnuo 94dB. M\u00e1ximo Pico SPL 108dB. Entradas Anal\u00f3gicas 1 x XLR hembra, 1 x TRS hembra Balanceada<\/p>\n<p style=\"text-align: center;\"><a href=\"http:\/\/alquilerdeinstrumentos.com\/wp-content\/uploads\/2024\/02\/Monitor-JBL-305p.jpg\"><img loading=\"lazy\" decoding=\"async\" class=\"alignnone wp-image-1187 size-thumbnail\" src=\"http:\/\/alquilerdeinstrumentos.com\/wp-content\/uploads\/2024\/02\/Monitor-JBL-305p-150x150.jpg\" alt=\"\" width=\"150\" height=\"150\" srcset=\"https:\/\/alquilerdeinstrumentos.com\/wp-content\/uploads\/2024\/02\/Monitor-JBL-305p-150x150.jpg 150w, https:\/\/alquilerdeinstrumentos.com\/wp-content\/uploads\/2024\/02\/Monitor-JBL-305p-300x300.jpg 300w, https:\/\/alquilerdeinstrumentos.com\/wp-content\/uploads\/2024\/02\/Monitor-JBL-305p-100x100.jpg 100w, https:\/\/alquilerdeinstrumentos.com\/wp-content\/uploads\/2024\/02\/Monitor-JBL-305p.jpg 350w\" sizes=\"auto, (max-width: 150px) 100vw, 150px\" \/><\/a>\u00a0 \u00a0 Precio de alquiler: 25 euros.<\/p><\/div><\/div>\n<div class='content-column one_half last_column'><div style=\"padding-right:5px;padding-left:5px;\"><strong>ESI nEar05<\/strong><\/p>\n<p>Monitores de campo cercano de 5&#8243;. Biamplificados. Respuesta en frecuencia: 60Hz &#8211; 20kHz. Blindados magn\u00e9ticamente. Graves: 42W (85&#8243;). Agudos: 33W (1&#8243;). Entradas XLR balanceadas de 6,3mm.<\/p>\n<p style=\"text-align: center;\"><a href=\"http:\/\/alquilerdeinstrumentos.com\/wp-content\/uploads\/2022\/03\/monitores-estudio.jpg\"><img loading=\"lazy\" decoding=\"async\" class=\"alignnone wp-image-396\" src=\"http:\/\/alquilerdeinstrumentos.com\/wp-content\/uploads\/2022\/03\/monitores-estudio-300x213.jpg\" alt=\"\" width=\"173\" height=\"123\" srcset=\"https:\/\/alquilerdeinstrumentos.com\/wp-content\/uploads\/2022\/03\/monitores-estudio-300x213.jpg 300w, https:\/\/alquilerdeinstrumentos.com\/wp-content\/uploads\/2022\/03\/monitores-estudio-768x545.jpg 768w, https:\/\/alquilerdeinstrumentos.com\/wp-content\/uploads\/2022\/03\/monitores-estudio.jpg 800w\" sizes=\"auto, (max-width: 173px) 100vw, 173px\" \/><\/a> Precio de alquiler: 20 euros.<\/p><\/div><\/div><div class='clear_column'><\/div>\n<hr \/>\n<h2 style=\"text-align: center;\"><strong>IN EARS<\/strong><\/h2>\n<div class='content-column one_half'><div style=\"padding-right:5px;padding-left:5px;\"><strong>Sennheiser XSW IEM<\/strong><\/p>\n<p>El set XS Wireless IEM incluye todo lo que necesitas para empezar f\u00e1cilmente con el monitoreo personal. Este sistema est\u00e1 dise\u00f1ado para ayudar a tu sonido a subir de nivel, sin importar tu experiencia t\u00e9cnica, y define nuevos est\u00e1ndares para un sencillo, flexible y confiable monitoreo personal inal\u00e1mbrico. Ya sea un ensayo o una presentaci\u00f3n en vivo, sobre el escenario en un club o para un servicio religioso: obt\u00e9n el beneficio del reconocido sonido Sennheiser y una s\u00f3lida confiabilidad de la tecnolog\u00eda inal\u00e1mbrica UHF de grado profesional en un sistema c\u00f3modo y resistente, que te permitir\u00e1 que te concentres en tocar de lo mejor.<\/p>\n<p style=\"text-align: center;\"><a href=\"http:\/\/alquilerdeinstrumentos.com\/wp-content\/uploads\/2022\/04\/sennheiser-xsw-iem-set.png\"><img loading=\"lazy\" decoding=\"async\" class=\"alignnone wp-image-776 size-medium\" src=\"http:\/\/alquilerdeinstrumentos.com\/wp-content\/uploads\/2022\/04\/sennheiser-xsw-iem-set-300x150.png\" alt=\"\" width=\"300\" height=\"150\" srcset=\"https:\/\/alquilerdeinstrumentos.com\/wp-content\/uploads\/2022\/04\/sennheiser-xsw-iem-set-300x150.png 300w, https:\/\/alquilerdeinstrumentos.com\/wp-content\/uploads\/2022\/04\/sennheiser-xsw-iem-set-768x384.png 768w, https:\/\/alquilerdeinstrumentos.com\/wp-content\/uploads\/2022\/04\/sennheiser-xsw-iem-set-600x300.png 600w, https:\/\/alquilerdeinstrumentos.com\/wp-content\/uploads\/2022\/04\/sennheiser-xsw-iem-set.png 1000w\" sizes=\"auto, (max-width: 300px) 100vw, 300px\" \/><\/a> Precio de alquiler: 40 euros.<\/p><\/div><\/div>\n<div class='content-column one_half last_column'><div style=\"padding-right:5px;padding-left:5px;\"><strong>Sennheiser AC41 Antenna Combiner<\/strong><\/p>\n<p>Combinador de antena activo. Adecuado para hasta 4 sistemas IEM. Incluye fuente de alimentaci\u00f3n NT3-1 y 4 cables BNC-. Sennheiser A1031 U Antena UHF Omnidireccional<\/p>\n<p style=\"text-align: center;\"><a href=\"http:\/\/alquilerdeinstrumentos.com\/wp-content\/uploads\/2024\/02\/1551781987AC_41_Set_RGB_red.jpg\"><img loading=\"lazy\" decoding=\"async\" class=\"alignnone wp-image-1202\" src=\"http:\/\/alquilerdeinstrumentos.com\/wp-content\/uploads\/2024\/02\/1551781987AC_41_Set_RGB_red-300x165.jpg\" alt=\"\" width=\"189\" height=\"104\" srcset=\"https:\/\/alquilerdeinstrumentos.com\/wp-content\/uploads\/2024\/02\/1551781987AC_41_Set_RGB_red-300x165.jpg 300w, https:\/\/alquilerdeinstrumentos.com\/wp-content\/uploads\/2024\/02\/1551781987AC_41_Set_RGB_red-1024x563.jpg 1024w, https:\/\/alquilerdeinstrumentos.com\/wp-content\/uploads\/2024\/02\/1551781987AC_41_Set_RGB_red-768x422.jpg 768w, https:\/\/alquilerdeinstrumentos.com\/wp-content\/uploads\/2024\/02\/1551781987AC_41_Set_RGB_red-1536x845.jpg 1536w, https:\/\/alquilerdeinstrumentos.com\/wp-content\/uploads\/2024\/02\/1551781987AC_41_Set_RGB_red-1320x726.jpg 1320w, https:\/\/alquilerdeinstrumentos.com\/wp-content\/uploads\/2024\/02\/1551781987AC_41_Set_RGB_red-600x330.jpg 600w, https:\/\/alquilerdeinstrumentos.com\/wp-content\/uploads\/2024\/02\/1551781987AC_41_Set_RGB_red.jpg 2000w\" sizes=\"auto, (max-width: 189px) 100vw, 189px\" \/><\/a><\/p>\n<p style=\"text-align: center;\">Precio de alquiler: 80 euros.<\/p><\/div><\/div><div class='clear_column'><\/div>\n<div class='content-column one_half'><div style=\"padding-right:5px;padding-left:5px;\"><strong>BEHRINGER POWERPLAY P1 Amplificador Auriculares<\/strong><\/p>\n<p>Amplificador monitor &#8220;in ear&#8221; para aplicaciones de monitor personal. Alta potencia, a prueba de bateristas, salida para auriculares. Permitan que dos entradas XLR para operaci\u00f3n mono o est\u00e9reo de dos canales. Operaci\u00f3n conmutable mono\/est\u00e9reo con funci\u00f3n de mezcla. Controles de nivel y Balance\/Mix. Funciona hasta 12 horas con una bater\u00eda de 9 V (no incluidas). Control de bater\u00eda con indicadores LED duales.<\/p>\n<p><a href=\"http:\/\/alquilerdeinstrumentos.com\/wp-content\/uploads\/2024\/02\/P1-behringer.png\"><img loading=\"lazy\" decoding=\"async\" class=\" wp-image-1205 aligncenter\" src=\"http:\/\/alquilerdeinstrumentos.com\/wp-content\/uploads\/2024\/02\/P1-behringer-300x209.png\" alt=\"\" width=\"174\" height=\"121\" srcset=\"https:\/\/alquilerdeinstrumentos.com\/wp-content\/uploads\/2024\/02\/P1-behringer-300x209.png 300w, https:\/\/alquilerdeinstrumentos.com\/wp-content\/uploads\/2024\/02\/P1-behringer.png 345w\" sizes=\"auto, (max-width: 174px) 100vw, 174px\" \/><\/a><\/p>\n<p style=\"text-align: center;\">Precio de alquiler: 10 euros.<\/p><\/div><\/div>\n<div class='content-column one_half last_column'><div style=\"padding-right:5px;padding-left:5px;\"><strong>Sennheiser EW IEM G4 TWIN Sistema In Ear<\/strong>:<\/p>\n<p>receptores de petaca UHF (EK IEM G4), transmisor de 9,5&#8243; (SR IEM G4)<br \/>\nModo Est\u00e9reo, Enfoque, Mono<br \/>\nSintonizaci\u00f3n autom\u00e1tica para encontrar frecuencias libres<br \/>\nConector jack est\u00e9reo de 3,5mm para auriculares<br \/>\nPotencia transmitida conmutable de 10\/30\/50mW<br \/>\nCompatible con WSM (conector Ethernet para gesti\u00f3n de frecuencia)<br \/>\nConector de auriculares de 6,3mm ajustable, en el receptor.<\/p>\n<p style=\"text-align: center;\"><a href=\"http:\/\/alquilerdeinstrumentos.com\/wp-content\/uploads\/2024\/03\/ew-iem-g4.png\"><img loading=\"lazy\" decoding=\"async\" class=\"alignnone wp-image-1214 \" src=\"http:\/\/alquilerdeinstrumentos.com\/wp-content\/uploads\/2024\/03\/ew-iem-g4-150x150.png\" alt=\"\" width=\"187\" height=\"187\" srcset=\"https:\/\/alquilerdeinstrumentos.com\/wp-content\/uploads\/2024\/03\/ew-iem-g4-150x150.png 150w, https:\/\/alquilerdeinstrumentos.com\/wp-content\/uploads\/2024\/03\/ew-iem-g4-450x450.png 450w, https:\/\/alquilerdeinstrumentos.com\/wp-content\/uploads\/2024\/03\/ew-iem-g4-100x100.png 100w\" sizes=\"auto, (max-width: 187px) 100vw, 187px\" \/><\/a>\u00a0 Precio de alquiler: 80 euros.<\/p><\/div><\/div><div class='clear_column'><\/div>\n<div class='content-column one_half last_column'><div style=\"padding-right:5px;padding-left:5px;\"><strong>Shure PSM 900 IN EAR<\/strong><\/p>\n<p>Rango de frecuencia G6E (470 &#8211; 506 MHz)<br \/>\nNuevos modos de escaneo y sincronizaci\u00f3n mejorados para escanear y enviar frecuencias y ajustes.Respuesta en frecuencia: 35 Hz &#8211; 15 kHz<br \/>\n20 frecuencias por banda de frecuencia en paralelo. Potencia HF conmutable (10 \/ 50 mW). Pantalla con nombre, frecuencia, canal y potencia HF<br \/>\nSalida de auriculares de 3,5 mm ajustable. Interruptor de sincronizaci\u00f3n<br \/>\nInterruptor de muteo HF<\/p>\n<p style=\"text-align: center;\"><a href=\"http:\/\/alquilerdeinstrumentos.com\/wp-content\/uploads\/2025\/02\/psm-900-personal-monitor-system.jpg\"><img loading=\"lazy\" decoding=\"async\" class=\"alignnone wp-image-1333 \" src=\"http:\/\/alquilerdeinstrumentos.com\/wp-content\/uploads\/2025\/02\/psm-900-personal-monitor-system-277x300.jpg\" alt=\"\" width=\"142\" height=\"154\" srcset=\"https:\/\/alquilerdeinstrumentos.com\/wp-content\/uploads\/2025\/02\/psm-900-personal-monitor-system-277x300.jpg 277w, https:\/\/alquilerdeinstrumentos.com\/wp-content\/uploads\/2025\/02\/psm-900-personal-monitor-system-768x833.jpg 768w, https:\/\/alquilerdeinstrumentos.com\/wp-content\/uploads\/2025\/02\/psm-900-personal-monitor-system-600x651.jpg 600w, https:\/\/alquilerdeinstrumentos.com\/wp-content\/uploads\/2025\/02\/psm-900-personal-monitor-system.jpg 922w\" sizes=\"auto, (max-width: 142px) 100vw, 142px\" \/><\/a><\/p>\n<p style=\"text-align: center;\">Precio de alquiler: 80 euros.<\/p><\/div><\/div><div class='clear_column'><\/div>\n<p>&nbsp;<\/p>\n<p>&nbsp;<\/p>\n","protected":false},"excerpt":{"rendered":"<p>DE PISO DE ESTUDIO IN EARS &nbsp; &nbsp;<\/p>\n","protected":false},"author":1,"featured_media":0,"parent":0,"menu_order":0,"comment_status":"closed","ping_status":"closed","template":"","meta":{"spay_email":"","footnotes":""},"class_list":["post-391","page","type-page","status-publish","hentry"],"_links":{"self":[{"href":"https:\/\/alquilerdeinstrumentos.com\/index.php\/wp-json\/wp\/v2\/pages\/391","targetHints":{"allow":["GET"]}}],"collection":[{"href":"https:\/\/alquilerdeinstrumentos.com\/index.php\/wp-json\/wp\/v2\/pages"}],"about":[{"href":"https:\/\/alquilerdeinstrumentos.com\/index.php\/wp-json\/wp\/v2\/types\/page"}],"author":[{"embeddable":true,"href":"https:\/\/alquilerdeinstrumentos.com\/index.php\/wp-json\/wp\/v2\/users\/1"}],"replies":[{"embeddable":true,"href":"https:\/\/alquilerdeinstrumentos.com\/index.php\/wp-json\/wp\/v2\/comments?post=391"}],"version-history":[{"count":17,"href":"https:\/\/alquilerdeinstrumentos.com\/index.php\/wp-json\/wp\/v2\/pages\/391\/revisions"}],"predecessor-version":[{"id":1334,"href":"https:\/\/alquilerdeinstrumentos.com\/index.php\/wp-json\/wp\/v2\/pages\/391\/revisions\/1334"}],"wp:attachment":[{"href":"https:\/\/alquilerdeinstrumentos.com\/index.php\/wp-json\/wp\/v2\/media?parent=391"}],"curies":[{"name":"wp","href":"https:\/\/api.w.org\/{rel}","templated":true}]}}