{"id":443,"date":"2022-03-08T16:59:53","date_gmt":"2022-03-08T15:59:53","guid":{"rendered":"http:\/\/alquilerdeinstrumentos.com\/?page_id=443"},"modified":"2025-12-17T13:00:56","modified_gmt":"2025-12-17T12:00:56","slug":"accesorios-sonido","status":"publish","type":"page","link":"https:\/\/alquilerdeinstrumentos.com\/index.php\/accesorios-sonido\/","title":{"rendered":"ACCESORIOS SONIDO"},"content":{"rendered":"<div class='content-column one_half'><div style=\"padding-right:5px;padding-left:5px;\"><strong>Work Pro EST 519\/2 Estabilizador de Tensi\u00f3n<\/strong><\/p>\n<p>Mantiene una alimentaci\u00f3n de salida constante. Alimentaci\u00f3n: 140 V &#8211; 250 V AC. Carga m\u00e1xima acoplada: 22 A . Corriente m\u00e1xima de salida: 23 A. Retardo conmutable: 3 &#8211; 6 segundos. Display incorporado. Formato rack<br \/>\nPrecisi\u00f3n de tensi\u00f3n de salida, conmutable: 1%. 3%. Protecci\u00f3n ante sobretemperatura . Nivel elevado de entrada (255 V). Nivel de corriente elevada (23 A). Dimensiones: 483 x 185 x 340 mm. Peso: 17 kg.<\/p>\n<p style=\"text-align: center;\"><a href=\"http:\/\/alquilerdeinstrumentos.com\/wp-content\/uploads\/2022\/03\/work-pro-est-519-2.jpg\"><img loading=\"lazy\" decoding=\"async\" class=\"alignnone wp-image-444\" src=\"http:\/\/alquilerdeinstrumentos.com\/wp-content\/uploads\/2022\/03\/work-pro-est-519-2-300x139.jpg\" alt=\"\" width=\"250\" height=\"116\" srcset=\"https:\/\/alquilerdeinstrumentos.com\/wp-content\/uploads\/2022\/03\/work-pro-est-519-2-300x139.jpg 300w, https:\/\/alquilerdeinstrumentos.com\/wp-content\/uploads\/2022\/03\/work-pro-est-519-2.jpg 686w\" sizes=\"auto, (max-width: 250px) 100vw, 250px\" \/><\/a><\/p>\n<p style=\"text-align: center;\">Precio de alquiler: 30 euros.<\/p><\/div><\/div>\n<div class='content-column one_half last_column'><div style=\"padding-right:5px;padding-left:5px;\"><strong>Rack de electricidad.<\/strong><\/p>\n<p style=\"text-align: center;\"><a href=\"http:\/\/alquilerdeinstrumentos.com\/wp-content\/uploads\/2024\/01\/Imagen-de-WhatsApp-2024-01-12-a-las-20.26.16_d904ce1e.jpg\"><img loading=\"lazy\" decoding=\"async\" class=\"alignnone wp-image-1177 \" src=\"http:\/\/alquilerdeinstrumentos.com\/wp-content\/uploads\/2024\/01\/Imagen-de-WhatsApp-2024-01-12-a-las-20.26.16_d904ce1e-300x225.jpg\" alt=\"\" width=\"175\" height=\"131\" srcset=\"https:\/\/alquilerdeinstrumentos.com\/wp-content\/uploads\/2024\/01\/Imagen-de-WhatsApp-2024-01-12-a-las-20.26.16_d904ce1e-300x225.jpg 300w, https:\/\/alquilerdeinstrumentos.com\/wp-content\/uploads\/2024\/01\/Imagen-de-WhatsApp-2024-01-12-a-las-20.26.16_d904ce1e-1024x768.jpg 1024w, https:\/\/alquilerdeinstrumentos.com\/wp-content\/uploads\/2024\/01\/Imagen-de-WhatsApp-2024-01-12-a-las-20.26.16_d904ce1e-768x576.jpg 768w, https:\/\/alquilerdeinstrumentos.com\/wp-content\/uploads\/2024\/01\/Imagen-de-WhatsApp-2024-01-12-a-las-20.26.16_d904ce1e-1536x1152.jpg 1536w, https:\/\/alquilerdeinstrumentos.com\/wp-content\/uploads\/2024\/01\/Imagen-de-WhatsApp-2024-01-12-a-las-20.26.16_d904ce1e-1320x990.jpg 1320w, https:\/\/alquilerdeinstrumentos.com\/wp-content\/uploads\/2024\/01\/Imagen-de-WhatsApp-2024-01-12-a-las-20.26.16_d904ce1e-600x450.jpg 600w, https:\/\/alquilerdeinstrumentos.com\/wp-content\/uploads\/2024\/01\/Imagen-de-WhatsApp-2024-01-12-a-las-20.26.16_d904ce1e.jpg 1600w\" sizes=\"auto, (max-width: 175px) 100vw, 175px\" \/><\/a><\/p>\n<p style=\"text-align: center;\">Precio de alquiler: 70 euros.<\/p><\/div><\/div><div class='clear_column'><\/div>\n<div class='content-column one_half'><div style=\"padding-right:5px;padding-left:5px;\"><strong>Work Pro EST 2K Estabilizador de Tensi\u00f3n<\/strong><\/p>\n<p><span style=\"font-family: Arial;\">EST 2K mantiene constante la alimentaci\u00f3n de salida en un valor prefijado, con una tensi\u00f3n de entrada que oscila entre 140 y 250 V AC. Permite as\u00ed el conexionado de una carga de 2000 VA. El dispositivo incorpora una serie de protecciones que aseguran la perfecta integridad de la tensi\u00f3n de salida : protecci\u00f3n ante sobrecargas, sobre tensi\u00f3n o cortocircuitos en la salida. Dispone tambi\u00e9n de un fusible con rearme en su parte trasera.<\/span><\/p>\n<p style=\"text-align: center;\"><a href=\"http:\/\/alquilerdeinstrumentos.com\/wp-content\/uploads\/2022\/03\/work-pro-est-2k.jpg\"><img loading=\"lazy\" decoding=\"async\" class=\"alignnone wp-image-445\" src=\"http:\/\/alquilerdeinstrumentos.com\/wp-content\/uploads\/2022\/03\/work-pro-est-2k.jpg\" alt=\"\" width=\"126\" height=\"132\" \/><\/a><\/p>\n<p style=\"text-align: center;\">Precio de alquiler: 20 euros.<\/p><\/div><\/div>\n<div class='content-column one_half last_column'><div style=\"padding-right:5px;padding-left:5px;\"><strong>Cajet\u00edn de escenario con 8 conectores<\/strong><\/p>\n<p>Longitud: 15m, Manguera de 8 canales.<\/p>\n<p style=\"text-align: center;\"><a href=\"http:\/\/alquilerdeinstrumentos.com\/wp-content\/uploads\/2022\/03\/multicore8.jpg\"><img loading=\"lazy\" decoding=\"async\" class=\"alignnone wp-image-446\" src=\"http:\/\/alquilerdeinstrumentos.com\/wp-content\/uploads\/2022\/03\/multicore8-300x162.jpg\" alt=\"\" width=\"170\" height=\"92\" srcset=\"https:\/\/alquilerdeinstrumentos.com\/wp-content\/uploads\/2022\/03\/multicore8-300x162.jpg 300w, https:\/\/alquilerdeinstrumentos.com\/wp-content\/uploads\/2022\/03\/multicore8.jpg 400w\" sizes=\"auto, (max-width: 170px) 100vw, 170px\" \/><\/a><\/p>\n<p style=\"text-align: center;\">Precio de alquiler: 20 euros.<\/p><\/div><\/div><div class='clear_column'><\/div>\n<div class='content-column one_half'><div style=\"padding-right:5px;padding-left:5px;\"><strong>D.I.\u00a0 Cajas de Inyecci\u00f3n.<\/strong><\/p>\n<p style=\"text-align: center;\"><a href=\"http:\/\/alquilerdeinstrumentos.com\/wp-content\/uploads\/2022\/03\/270sm010.jpg\"><img loading=\"lazy\" decoding=\"async\" class=\"alignnone wp-image-447\" src=\"http:\/\/alquilerdeinstrumentos.com\/wp-content\/uploads\/2022\/03\/270sm010.jpg\" alt=\"\" width=\"155\" height=\"117\" \/><\/a>\u00a0 \u00a0 \u00a0 <a href=\"http:\/\/alquilerdeinstrumentos.com\/wp-content\/uploads\/2022\/03\/AR133_RSM.png\"><img loading=\"lazy\" decoding=\"async\" class=\"alignnone wp-image-686\" src=\"http:\/\/alquilerdeinstrumentos.com\/wp-content\/uploads\/2022\/03\/AR133_RSM-300x240.png\" alt=\"\" width=\"149\" height=\"119\" srcset=\"https:\/\/alquilerdeinstrumentos.com\/wp-content\/uploads\/2022\/03\/AR133_RSM-300x240.png 300w, https:\/\/alquilerdeinstrumentos.com\/wp-content\/uploads\/2022\/03\/AR133_RSM.png 749w\" sizes=\"auto, (max-width: 149px) 100vw, 149px\" \/><\/a><\/p>\n<p style=\"text-align: center;\">Precio de alquiler: 10 euros.<\/p><\/div><\/div>\n<div class='content-column one_half last_column'><div style=\"padding-right:5px;padding-left:5px;\"><strong>Ecualizador DBX231<\/strong><\/p>\n<p><span style=\"font-family: Arial;\">Ecualizador Ecualizador gr\u00e1fico de dos canales de 31 bandas en formato de dos unidades de rack.<\/span><\/p>\n<p style=\"text-align: center;\"><a href=\"http:\/\/alquilerdeinstrumentos.com\/wp-content\/uploads\/2022\/03\/ecualizador-dbx231s.jpg\"><img loading=\"lazy\" decoding=\"async\" class=\"alignnone wp-image-448\" src=\"http:\/\/alquilerdeinstrumentos.com\/wp-content\/uploads\/2022\/03\/ecualizador-dbx231s-300x63.jpg\" alt=\"\" width=\"210\" height=\"44\" srcset=\"https:\/\/alquilerdeinstrumentos.com\/wp-content\/uploads\/2022\/03\/ecualizador-dbx231s-300x63.jpg 300w, https:\/\/alquilerdeinstrumentos.com\/wp-content\/uploads\/2022\/03\/ecualizador-dbx231s-768x161.jpg 768w, https:\/\/alquilerdeinstrumentos.com\/wp-content\/uploads\/2022\/03\/ecualizador-dbx231s.jpg 808w\" sizes=\"auto, (max-width: 210px) 100vw, 210px\" \/><\/a><\/p>\n<p style=\"text-align: center;\">\u00a0 Precio de alquiler: 10 euros.<\/p><\/div><\/div><div class='clear_column'><\/div>\n<div class='content-column one_half'><div style=\"padding-right:5px;padding-left:5px;\"><strong>Set de 2 soportes para altavoces<\/strong><b>\u00a0<\/b><\/p>\n<p>Altura regulable de 1,88m a 3,10m Largo de transporte plegado: 176 cm Carga max.: 50kg Color: negro Peso: 11,6 kg.<\/p>\n<p style=\"text-align: center;\"><a href=\"http:\/\/alquilerdeinstrumentos.com\/wp-content\/uploads\/2022\/03\/soporte210.jpg\"><img loading=\"lazy\" decoding=\"async\" class=\"alignnone wp-image-451\" src=\"http:\/\/alquilerdeinstrumentos.com\/wp-content\/uploads\/2022\/03\/soporte210-205x300.jpg\" alt=\"\" width=\"88\" height=\"129\" srcset=\"https:\/\/alquilerdeinstrumentos.com\/wp-content\/uploads\/2022\/03\/soporte210-205x300.jpg 205w, https:\/\/alquilerdeinstrumentos.com\/wp-content\/uploads\/2022\/03\/soporte210.jpg 409w\" sizes=\"auto, (max-width: 88px) 100vw, 88px\" \/><\/a><\/p>\n<p style=\"text-align: center;\">Precio de alquiler: 20 euros.<\/p><\/div><\/div>\n<div class='content-column one_half last_column'><div style=\"padding-right:5px;padding-left:5px;\"><strong>Set de 2 soportes para altavoces.<\/strong><\/p>\n<p style=\"text-align: center;\"><a href=\"http:\/\/alquilerdeinstrumentos.com\/wp-content\/uploads\/2022\/03\/267641.jpg\"><img loading=\"lazy\" decoding=\"async\" class=\"alignnone wp-image-452\" src=\"http:\/\/alquilerdeinstrumentos.com\/wp-content\/uploads\/2022\/03\/267641-291x300.jpg\" alt=\"\" width=\"129\" height=\"133\" srcset=\"https:\/\/alquilerdeinstrumentos.com\/wp-content\/uploads\/2022\/03\/267641-291x300.jpg 291w, https:\/\/alquilerdeinstrumentos.com\/wp-content\/uploads\/2022\/03\/267641.jpg 375w\" sizes=\"auto, (max-width: 129px) 100vw, 129px\" \/><\/a><\/p>\n<p style=\"text-align: center;\">Precio de alquiler: 20 euros.<\/p><\/div><\/div><div class='clear_column'><\/div>\n<div class='content-column one_half'><div style=\"padding-right:5px;padding-left:5px;\"><strong>Soporte de micr\u00f3fono jirafa &#8211; recto.<\/strong><\/p>\n<p style=\"text-align: center;\"><a href=\"http:\/\/alquilerdeinstrumentos.com\/wp-content\/uploads\/2022\/03\/SOPORTE-PIE-MICRO-JIRAFA.jpg\"><img loading=\"lazy\" decoding=\"async\" class=\"alignnone wp-image-453\" src=\"http:\/\/alquilerdeinstrumentos.com\/wp-content\/uploads\/2022\/03\/SOPORTE-PIE-MICRO-JIRAFA-300x300.jpg\" alt=\"\" width=\"142\" height=\"142\" srcset=\"https:\/\/alquilerdeinstrumentos.com\/wp-content\/uploads\/2022\/03\/SOPORTE-PIE-MICRO-JIRAFA-300x300.jpg 300w, https:\/\/alquilerdeinstrumentos.com\/wp-content\/uploads\/2022\/03\/SOPORTE-PIE-MICRO-JIRAFA-150x150.jpg 150w, https:\/\/alquilerdeinstrumentos.com\/wp-content\/uploads\/2022\/03\/SOPORTE-PIE-MICRO-JIRAFA.jpg 500w\" sizes=\"auto, (max-width: 142px) 100vw, 142px\" \/><\/a><\/p>\n<p style=\"text-align: center;\">Precio de alquiler: 5 euros.<\/p><\/div><\/div>\n<div class='content-column one_half last_column'><div style=\"padding-right:5px;padding-left:5px;\"><strong>Cables Variados. \u00a0xlr, jack etc..<\/strong><\/p>\n<p style=\"text-align: center;\"><a href=\"http:\/\/alquilerdeinstrumentos.com\/wp-content\/uploads\/2022\/03\/15.jpg\"><img loading=\"lazy\" decoding=\"async\" class=\"alignnone wp-image-454\" src=\"http:\/\/alquilerdeinstrumentos.com\/wp-content\/uploads\/2022\/03\/15-300x225.jpg\" alt=\"\" width=\"127\" height=\"95\" srcset=\"https:\/\/alquilerdeinstrumentos.com\/wp-content\/uploads\/2022\/03\/15-300x225.jpg 300w, https:\/\/alquilerdeinstrumentos.com\/wp-content\/uploads\/2022\/03\/15.jpg 400w\" sizes=\"auto, (max-width: 127px) 100vw, 127px\" \/><\/a> <a href=\"http:\/\/alquilerdeinstrumentos.com\/wp-content\/uploads\/2022\/03\/592.jpg\"><img loading=\"lazy\" decoding=\"async\" class=\"alignnone wp-image-455\" src=\"http:\/\/alquilerdeinstrumentos.com\/wp-content\/uploads\/2022\/03\/592-300x225.jpg\" alt=\"\" width=\"119\" height=\"89\" srcset=\"https:\/\/alquilerdeinstrumentos.com\/wp-content\/uploads\/2022\/03\/592-300x225.jpg 300w, https:\/\/alquilerdeinstrumentos.com\/wp-content\/uploads\/2022\/03\/592.jpg 420w\" sizes=\"auto, (max-width: 119px) 100vw, 119px\" \/><\/a><\/p>\n<p style=\"text-align: center;\">Precio de alquiler: 3 euros.<\/p><\/div><\/div><div class='clear_column'><\/div>\n<div class='content-column one_half'><div style=\"padding-right:5px;padding-left:5px;\"><strong>Audibax SPT 1057 Atril 2 Micr\u00f3fonos para Conferencias<\/strong><\/p>\n<p><img loading=\"lazy\" decoding=\"async\" class=\"sFlh5c FyHeAf iPVvYb aligncenter\" src=\"https:\/\/dolibarr-new-prod.madridhifi.com\/crm\/documents\/produit\/7\/9\/10305597\/photos\/detalle\/Audibax-SPT1057-Atril-Personalizado-2.png\" alt=\"Audibax SPT 1057 Atril 2 Micr\u00f3fonos Personalizable para Conferencias\" width=\"162\" height=\"162\" \/><\/p>\n<p style=\"text-align: center;\">Precio de alquiler: 50 euros.<\/p><\/div><\/div>\n","protected":false},"excerpt":{"rendered":"","protected":false},"author":1,"featured_media":0,"parent":0,"menu_order":0,"comment_status":"closed","ping_status":"closed","template":"","meta":{"spay_email":"","footnotes":""},"class_list":["post-443","page","type-page","status-publish","hentry"],"_links":{"self":[{"href":"https:\/\/alquilerdeinstrumentos.com\/index.php\/wp-json\/wp\/v2\/pages\/443","targetHints":{"allow":["GET"]}}],"collection":[{"href":"https:\/\/alquilerdeinstrumentos.com\/index.php\/wp-json\/wp\/v2\/pages"}],"about":[{"href":"https:\/\/alquilerdeinstrumentos.com\/index.php\/wp-json\/wp\/v2\/types\/page"}],"author":[{"embeddable":true,"href":"https:\/\/alquilerdeinstrumentos.com\/index.php\/wp-json\/wp\/v2\/users\/1"}],"replies":[{"embeddable":true,"href":"https:\/\/alquilerdeinstrumentos.com\/index.php\/wp-json\/wp\/v2\/comments?post=443"}],"version-history":[{"count":12,"href":"https:\/\/alquilerdeinstrumentos.com\/index.php\/wp-json\/wp\/v2\/pages\/443\/revisions"}],"predecessor-version":[{"id":1468,"href":"https:\/\/alquilerdeinstrumentos.com\/index.php\/wp-json\/wp\/v2\/pages\/443\/revisions\/1468"}],"wp:attachment":[{"href":"https:\/\/alquilerdeinstrumentos.com\/index.php\/wp-json\/wp\/v2\/media?parent=443"}],"curies":[{"name":"wp","href":"https:\/\/api.w.org\/{rel}","templated":true}]}}