{"id":553,"date":"2022-03-09T12:43:20","date_gmt":"2022-03-09T11:43:20","guid":{"rendered":"http:\/\/alquilerdeinstrumentos.com\/?page_id=553"},"modified":"2025-12-17T13:01:56","modified_gmt":"2025-12-17T12:01:56","slug":"teclados","status":"publish","type":"page","link":"https:\/\/alquilerdeinstrumentos.com\/index.php\/teclados\/","title":{"rendered":"TECLADOS"},"content":{"rendered":"<div class='content-column one_half'><div style=\"padding-right:5px;padding-left:5px;\"><strong>YAMAHA MODX8<\/strong><\/p>\n<p style=\"text-align: center;\">Dise\u00f1ado para pianistas profesionales, el sintetizador MODX M8 de 88 teclas ofrece<br \/>\nun sonido excepcional, control expresivo, un flujo de trabajo optimizado y un<br \/>\nmecanismo realista de martillo graduado en un dise\u00f1o compacto y liviano. Con tres<br \/>\nmotores que crean una impresionante variedad de sonidos, as\u00ed como el ADN<br \/>\ncompartido de nuestro ic\u00f3nico MONTAGE M, el MODX M eleva la expresi\u00f3n musical<br \/>\nen cualquier escenario.<\/p>\n<p style=\"text-align: center;\"><img loading=\"lazy\" decoding=\"async\" class=\"sFlh5c FyHeAf\" src=\"https:\/\/encrypted-tbn0.gstatic.com\/images?q=tbn:ANd9GcR4tRYZmosXgIk5E35S3xpVVkLTuT-3gd2whQ&amp;s\" alt=\"Yamaha MODX8+ Synthesizer Workstation | Bax Music\" width=\"212\" height=\"212\" data-ilt=\"1765886629668\" \/><\/p>\n<p style=\"text-align: center;\">Precio de alquiler: 80 euros.<\/p><\/div><\/div>\n<p>&nbsp;<\/p>\n<p>&nbsp;<\/p>\n<p>&nbsp;<\/p>\n<p>&nbsp;<\/p>\n<p>&nbsp;<\/p>\n<p>&nbsp;<\/p>\n<p>&nbsp;<\/p>\n<p>&nbsp;<\/p>\n<p>&nbsp;<\/p>\n<p>&nbsp;<\/p>\n<p>&nbsp;<\/p>\n<p>&nbsp;<\/p>\n<p>&nbsp;<\/p>\n<p>&nbsp;<\/p>\n<div class='content-column one_half'><div style=\"padding-right:5px;padding-left:5px;\"><strong>ROLAND RD 700 GX. <span style=\"color: #0000ff;\">\u00a0<\/span> <\/strong><\/p>\n<p>PIANO DIGITAL DE ESCENA. Impresionantes sonidos de piano multimuestreados, teclado con contrapeso de 88 teclas, pianos el\u00e9ctricos supernatural para un realismo sin precedentes. reproducci\u00f3n de audio de archivos wav, aiff y mp3 mediante memoria usb; control f\u00e1cil en el escenario con la funci\u00f3n audio key.<\/p>\n<p style=\"text-align: center;\"><a href=\"http:\/\/alquilerdeinstrumentos.com\/wp-content\/uploads\/2022\/03\/RD700GX-large.jpg\"><img loading=\"lazy\" decoding=\"async\" class=\"alignnone wp-image-554 size-medium\" src=\"http:\/\/alquilerdeinstrumentos.com\/wp-content\/uploads\/2022\/03\/RD700GX-large-300x70.jpg\" alt=\"\" width=\"300\" height=\"70\" srcset=\"https:\/\/alquilerdeinstrumentos.com\/wp-content\/uploads\/2022\/03\/RD700GX-large-300x70.jpg 300w, https:\/\/alquilerdeinstrumentos.com\/wp-content\/uploads\/2022\/03\/RD700GX-large.jpg 750w\" sizes=\"auto, (max-width: 300px) 100vw, 300px\" \/><\/a>\u00a0 \u00a0 \u00a0 Precio de alquiler: 100 euros.<\/p><\/div><\/div>\n<div class='content-column one_half last_column'><div style=\"padding-right:5px;padding-left:5px;\"><strong>Yamaha P155.<\/strong><\/p>\n<p>Te ofrece un sonido de calidad profesional con nuestro legendario toque de piano aut\u00e9ntico. Gracias a las tecnolog\u00edas de piano digital de \u00faltima generaci\u00f3n de Yamaha, como son los m\u00e9todos de muestreo avanzado y el teclado GH (martillo graduado) extremadamente expresivo, los m\u00fasicos no tienen que elegir entre portabilidad y calidad del instrumento.<\/p>\n<p style=\"text-align: center;\"><a href=\"http:\/\/alquilerdeinstrumentos.com\/wp-content\/uploads\/2022\/03\/yamah-p155.jpg\"><img loading=\"lazy\" decoding=\"async\" class=\"alignnone wp-image-555 size-medium\" src=\"http:\/\/alquilerdeinstrumentos.com\/wp-content\/uploads\/2022\/03\/yamah-p155-300x102.jpg\" alt=\"\" width=\"300\" height=\"102\" srcset=\"https:\/\/alquilerdeinstrumentos.com\/wp-content\/uploads\/2022\/03\/yamah-p155-300x102.jpg 300w, https:\/\/alquilerdeinstrumentos.com\/wp-content\/uploads\/2022\/03\/yamah-p155.jpg 375w\" sizes=\"auto, (max-width: 300px) 100vw, 300px\" \/><\/a>\u00a0 \u00a0 Precio de alquiler: 80 euros.<\/p><\/div><\/div><div class='clear_column'><\/div>\n<div class='content-column one_half'><div style=\"padding-right:5px;padding-left:5px;\"><strong>Yamaha P-125WH White.\u00a0<\/strong><\/p>\n<p><span style=\"font-family: Arial;\">N\u00famero de teclas: 88. Mec\u00e1nica de martillos. Voces de polifon\u00eda: 192. N\u00famero de sonidos: 24. Efectos: Altavoces: N\u00famero de salidas de auriculares: 2.\u00a0 Metr\u00f3nomo.<\/span><\/p>\n<p style=\"text-align: center;\"><span style=\"font-family: Arial;\"><a href=\"http:\/\/alquilerdeinstrumentos.com\/wp-content\/uploads\/2022\/03\/yamaha-p-125wh-white-p-27374.jpg\"><img loading=\"lazy\" decoding=\"async\" class=\"alignnone wp-image-556 size-medium\" src=\"http:\/\/alquilerdeinstrumentos.com\/wp-content\/uploads\/2022\/03\/yamaha-p-125wh-white-p-27374-300x93.jpg\" alt=\"\" width=\"300\" height=\"93\" srcset=\"https:\/\/alquilerdeinstrumentos.com\/wp-content\/uploads\/2022\/03\/yamaha-p-125wh-white-p-27374-300x93.jpg 300w, https:\/\/alquilerdeinstrumentos.com\/wp-content\/uploads\/2022\/03\/yamaha-p-125wh-white-p-27374.jpg 360w\" sizes=\"auto, (max-width: 300px) 100vw, 300px\" \/><\/a>.\u00a0 Precio de alquiler: 60 euros.<\/span><\/p><\/div><\/div>\n<div class='content-column one_half last_column'><div style=\"padding-right:5px;padding-left:5px;\"><strong>Yamaha P115.<\/strong><\/p>\n<p>Piano digital de escenario 88 teclas de acci\u00f3n martillo contrapesadas (Graded-Hammer-Standard, GHS) Motor de sonido Pure CF. Polifon\u00eda: 192 voces 14 presets Efectos integrados: Reverb\u00a0 y Chorus. Puerto USB a Host para conexi\u00f3n al ordenador o unidades iOS Metr\u00f3nomo incorporado Tempo\/Transposici\u00f3n y afinaci\u00f3n ajustables 2 amplificadores de 7W, pedal de sustain Incluye pedal de sustain, atril y fuente de alimentaci\u00f3n PA-150B Dimensiones: 1326 x 163 x 295 mm (ancho x alto x profundo) Peso: 11,8Kg.<\/p>\n<p style=\"text-align: center;\"><a href=\"http:\/\/alquilerdeinstrumentos.com\/wp-content\/uploads\/2022\/03\/yamah-p155-1.jpg\"><img loading=\"lazy\" decoding=\"async\" class=\"alignnone wp-image-559 size-medium\" src=\"http:\/\/alquilerdeinstrumentos.com\/wp-content\/uploads\/2022\/03\/yamah-p155-1-300x102.jpg\" alt=\"\" width=\"300\" height=\"102\" srcset=\"https:\/\/alquilerdeinstrumentos.com\/wp-content\/uploads\/2022\/03\/yamah-p155-1-300x102.jpg 300w, https:\/\/alquilerdeinstrumentos.com\/wp-content\/uploads\/2022\/03\/yamah-p155-1.jpg 375w\" sizes=\"auto, (max-width: 300px) 100vw, 300px\" \/><\/a>\u00a0 \u00a0 <span style=\"font-family: Arial;\">Precio de alquiler: 60 euros.<\/span><\/p><\/div><\/div><div class='clear_column'><\/div>\n<div class='content-column one_half'><div style=\"padding-right:5px;padding-left:5px;\"><strong>Clavia Nord Stage 88 revisi\u00f3n B.<\/strong><\/p>\n<p>El Nord Stage alberga tres secciones de instrumentos diferentes: \u00f3rgano, piano y sintetizador, adem\u00e1s de una amplia secci\u00f3n de efectos. Puede usar dos sonidos de cada secci\u00f3n simult\u00e1neamente, es decir, dos manuales de \u00f3rgano, dos sintetizadores y dos pianos. Estos se pueden combinar en cualquier configuraci\u00f3n dividida o en capas que necesite para su rendimiento. 88 teclas de acci\u00f3n de martillo de peso medio. Aftertouch Admite 3 zonas divididas con indicaci\u00f3n visual LED MASTER 4 salidas de audio independientes asignables Entrada \/ salida MIDI.<\/p>\n<p style=\"text-align: center;\"><a href=\"http:\/\/alquilerdeinstrumentos.com\/wp-content\/uploads\/2022\/03\/clavia-nord-stage-rev-b.jpg\"><img loading=\"lazy\" decoding=\"async\" class=\"alignnone wp-image-560 size-medium\" src=\"http:\/\/alquilerdeinstrumentos.com\/wp-content\/uploads\/2022\/03\/clavia-nord-stage-rev-b-300x76.jpg\" alt=\"\" width=\"300\" height=\"76\" srcset=\"https:\/\/alquilerdeinstrumentos.com\/wp-content\/uploads\/2022\/03\/clavia-nord-stage-rev-b-300x76.jpg 300w, https:\/\/alquilerdeinstrumentos.com\/wp-content\/uploads\/2022\/03\/clavia-nord-stage-rev-b-768x194.jpg 768w, https:\/\/alquilerdeinstrumentos.com\/wp-content\/uploads\/2022\/03\/clavia-nord-stage-rev-b.jpg 946w\" sizes=\"auto, (max-width: 300px) 100vw, 300px\" \/><\/a>\u00a0 \u00a0 <span style=\"font-family: Arial;\">Precio de alquiler: 80 euros.<\/span><\/p><\/div><\/div>\n<div class='content-column one_half last_column'><div style=\"padding-right:5px;padding-left:5px;\"><span style=\"font-family: Arial;\"><strong>Clavia Nord Electro 473.<\/strong><\/span><\/p>\n<p><span style=\"font-family: Arial;\"> T<\/span><span style=\"font-family: Arial;\">eclado de escenario de la serie de teclados Nord Electro. El Electro 4 ofrece una nueva secci\u00f3n de \u00f3rganos, nuevos pianos, una nueva secci\u00f3n de efectos. 73 teclas semi-contrapesadas. 2 salidas de audio. 1 entrada de monitor. 3 entradas para pedales. Conexi\u00f3n MIDI y USB.<\/span><\/p>\n<p style=\"text-align: center;\"><a href=\"http:\/\/alquilerdeinstrumentos.com\/wp-content\/uploads\/2022\/03\/nord-electro3.jpg\"><img loading=\"lazy\" decoding=\"async\" class=\"alignnone wp-image-561\" src=\"http:\/\/alquilerdeinstrumentos.com\/wp-content\/uploads\/2022\/03\/nord-electro3-300x208.jpg\" alt=\"\" width=\"139\" height=\"96\" srcset=\"https:\/\/alquilerdeinstrumentos.com\/wp-content\/uploads\/2022\/03\/nord-electro3-300x208.jpg 300w, https:\/\/alquilerdeinstrumentos.com\/wp-content\/uploads\/2022\/03\/nord-electro3.jpg 303w\" sizes=\"auto, (max-width: 139px) 100vw, 139px\" \/><\/a>\u00a0 <span style=\"font-family: Arial;\">Precio de alquiler: 80 euros.<\/span><\/p><\/div><\/div><div class='clear_column'><\/div>\n<div class='content-column one_half'><div style=\"padding-right:5px;padding-left:5px;\"><span style=\"font-family: Arial;\"><strong>Roland RD-300GX.<\/strong><\/span><\/p>\n<p><span style=\"font-family: Arial;\">\u00a0<\/span><span style=\"font-family: Arial;\">Es ideal para interpretaciones de escenario, con los mejores sonidos de pianos del mundo, adem\u00e1s de avanzadas funciones de teclado maestro y reproducci\u00f3n de audio. El RD-300 incorpora la fuente de sonido m\u00e1s innovadora de Roland para obtener una incre\u00edble calidad de sonido. Impresionantes sonidos de piano multimuestreados en est\u00e9reo de 88 teclas. Teclados con contrapeso de 88 teclas: PHA alpha II. Reproducci\u00f3n de audio de archivos WAV, AIFF y MP3 mediante memoria USB; control f\u00e1cil en el escenario con la funci\u00f3n\u00a0Audio Key.<\/span><\/p>\n<p style=\"text-align: center;\"><a href=\"http:\/\/alquilerdeinstrumentos.com\/wp-content\/uploads\/2022\/03\/ROLANDRD300GX.jpg\"><img loading=\"lazy\" decoding=\"async\" class=\"alignnone wp-image-562 size-medium\" src=\"http:\/\/alquilerdeinstrumentos.com\/wp-content\/uploads\/2022\/03\/ROLANDRD300GX-300x74.jpg\" alt=\"\" width=\"300\" height=\"74\" srcset=\"https:\/\/alquilerdeinstrumentos.com\/wp-content\/uploads\/2022\/03\/ROLANDRD300GX-300x74.jpg 300w, https:\/\/alquilerdeinstrumentos.com\/wp-content\/uploads\/2022\/03\/ROLANDRD300GX-768x188.jpg 768w, https:\/\/alquilerdeinstrumentos.com\/wp-content\/uploads\/2022\/03\/ROLANDRD300GX.jpg 800w\" sizes=\"auto, (max-width: 300px) 100vw, 300px\" \/><\/a> <span style=\"font-family: Arial;\">Precio de alquiler: 80 euros.<\/span><\/p><\/div><\/div>\n<div class='content-column one_half last_column'><div style=\"padding-right:5px;padding-left:5px;\"><span style=\"font-family: Arial;\"><strong>YAMAHA ARIUS YDP 140.<\/strong> <\/span><\/p>\n<p><span style=\"font-family: Arial;\">\u00a088 TECLAS.\u00a0 El teclado GHS con teclas recubiertas en negro mate y las voces de muestreo est\u00e9reo din\u00e1mico\u00a0AWM de tres niveles ofrecen un sonido\u00a0 real y una expresividad natural que convierten el tocar en un deleite, tanto para practicar como en interpretaciones.<\/span><\/p>\n<p style=\"text-align: center;\"><a href=\"http:\/\/alquilerdeinstrumentos.com\/wp-content\/uploads\/2022\/03\/ydp140.jpg\"><img loading=\"lazy\" decoding=\"async\" class=\"alignnone wp-image-563\" src=\"http:\/\/alquilerdeinstrumentos.com\/wp-content\/uploads\/2022\/03\/ydp140-300x200.jpg\" alt=\"\" width=\"177\" height=\"118\" srcset=\"https:\/\/alquilerdeinstrumentos.com\/wp-content\/uploads\/2022\/03\/ydp140-300x200.jpg 300w, https:\/\/alquilerdeinstrumentos.com\/wp-content\/uploads\/2022\/03\/ydp140-1024x683.jpg 1024w, https:\/\/alquilerdeinstrumentos.com\/wp-content\/uploads\/2022\/03\/ydp140-768x512.jpg 768w, https:\/\/alquilerdeinstrumentos.com\/wp-content\/uploads\/2022\/03\/ydp140.jpg 1200w\" sizes=\"auto, (max-width: 177px) 100vw, 177px\" \/><\/a> Precio de alquiler: 130 euros.<\/p><\/div><\/div><div class='clear_column'><\/div>\n<div class='content-column one_half'><div style=\"padding-right:5px;padding-left:5px;\"><span style=\"font-family: Arial;\"><strong>ROLAND XP 80.<\/strong> <\/span><\/p>\n<p><span style=\"font-family: Arial;\">SINTETIZADOR WORKSTATION. Worksation Roland de 76 teclas. Polifon\u00eda 64 voces, 4 entradas para pedales asignables, 4 salidas de audio, excelentes pianos ac\u00fasticos, 4 ranuras para tarjetas de expansi\u00f3n.<\/span><\/p>\n<p style=\"text-align: center;\"><a href=\"http:\/\/alquilerdeinstrumentos.com\/wp-content\/uploads\/2022\/03\/roland13xp80_l.jpg\"><img loading=\"lazy\" decoding=\"async\" class=\"alignnone wp-image-564\" src=\"http:\/\/alquilerdeinstrumentos.com\/wp-content\/uploads\/2022\/03\/roland13xp80_l-300x162.jpg\" alt=\"\" width=\"181\" height=\"98\" srcset=\"https:\/\/alquilerdeinstrumentos.com\/wp-content\/uploads\/2022\/03\/roland13xp80_l-300x162.jpg 300w, https:\/\/alquilerdeinstrumentos.com\/wp-content\/uploads\/2022\/03\/roland13xp80_l.jpg 700w\" sizes=\"auto, (max-width: 181px) 100vw, 181px\" \/><\/a>\u00a0 \u00a0 Precio de alquiler: 60 euros.<\/p><\/div><\/div>\n<div class='content-column one_half last_column'><div style=\"padding-right:5px;padding-left:5px;\"><strong><span lang=\"EN-GB\">YAMAHA MOTIF 8.<\/span><\/strong><\/p>\n<p><span style=\"font-family: Arial;\">SINTETIZADOR WORKSTATION<\/span>. 64 notas de polifon\u00eda. Balnced hammer action, 84 mb waveform rom. 348 preset, 48 kits + 128 user + 128 performance + 128 master.<\/p>\n<p style=\"text-align: center;\" align=\"left\"><a href=\"http:\/\/alquilerdeinstrumentos.com\/wp-content\/uploads\/2022\/03\/motif8.jpg\"><img loading=\"lazy\" decoding=\"async\" class=\"alignnone wp-image-565\" src=\"http:\/\/alquilerdeinstrumentos.com\/wp-content\/uploads\/2022\/03\/motif8-300x128.jpg\" alt=\"\" width=\"218\" height=\"93\" srcset=\"https:\/\/alquilerdeinstrumentos.com\/wp-content\/uploads\/2022\/03\/motif8-300x128.jpg 300w, https:\/\/alquilerdeinstrumentos.com\/wp-content\/uploads\/2022\/03\/motif8.jpg 322w\" sizes=\"auto, (max-width: 218px) 100vw, 218px\" \/><\/a>\u00a0 \u00a0 \u00a0 Precio de alquiler: 80 euros.<\/p><\/div><\/div><div class='clear_column'><\/div>\n<div class='content-column one_half'><div style=\"padding-right:5px;padding-left:5px;\"><span style=\"font-family: Arial;\"><strong>KORG TRITON.\u00a0<\/strong> <\/span><\/p>\n<p>Teclado<span style=\"color: #000000; font-family: Arial;\"> y sampler con 62 voces de polifon\u00eda y 61 teclas. Pantalla t\u00e1ctil de gran tama\u00f1o, secuenciador de 16 pistas con 100.000 eventos y 200 canciones compatible MIDI File. Patrones a tiempo real y arpegiador polif\u00f3nico doble. 32 Megas de formas de onda. 16 Megas de RAM para sampler ampliables hasta 64. Controlador de cinta sensible a la presi\u00f3n. 8 Efectos simult\u00e1neos. 6 salidas de audio.<\/span><\/p>\n<p style=\"text-align: center;\"><a href=\"http:\/\/alquilerdeinstrumentos.com\/wp-content\/uploads\/2022\/03\/TRITOn.jpg\"><img loading=\"lazy\" decoding=\"async\" class=\"alignnone wp-image-566\" src=\"http:\/\/alquilerdeinstrumentos.com\/wp-content\/uploads\/2022\/03\/TRITOn-300x103.jpg\" alt=\"\" width=\"236\" height=\"81\" srcset=\"https:\/\/alquilerdeinstrumentos.com\/wp-content\/uploads\/2022\/03\/TRITOn-300x103.jpg 300w, https:\/\/alquilerdeinstrumentos.com\/wp-content\/uploads\/2022\/03\/TRITOn.jpg 460w\" sizes=\"auto, (max-width: 236px) 100vw, 236px\" \/><\/a>\u00a0 \u00a0 Precio de alquiler: 60 euros.<\/p><\/div><\/div>\n<div class='content-column one_half last_column'><div style=\"padding-right:5px;padding-left:5px;\"><span style=\"font-family: Arial;\"><strong>KORG TRINITY<\/strong><\/span><\/p>\n<p><span style=\"font-family: Arial;\">Teclado con 32 voces de polifon\u00eda, 61 teclas. Pantalla t\u00e1ctil de gran tama\u00f1o, secuenciador de 16 pistas con 60.000 eventos compatible MIDI File. 24 Megas de formas de onda. Controlador de cinta sensible a la presi\u00f3n. 8 Efectos simult\u00e1neos.<\/span><\/p>\n<p style=\"text-align: center;\"><a href=\"http:\/\/alquilerdeinstrumentos.com\/wp-content\/uploads\/2022\/03\/trinlg.jpg\"><img loading=\"lazy\" decoding=\"async\" class=\"alignnone wp-image-567\" src=\"http:\/\/alquilerdeinstrumentos.com\/wp-content\/uploads\/2022\/03\/trinlg-300x103.jpg\" alt=\"\" width=\"225\" height=\"77\" srcset=\"https:\/\/alquilerdeinstrumentos.com\/wp-content\/uploads\/2022\/03\/trinlg-300x103.jpg 300w, https:\/\/alquilerdeinstrumentos.com\/wp-content\/uploads\/2022\/03\/trinlg.jpg 583w\" sizes=\"auto, (max-width: 225px) 100vw, 225px\" \/><\/a> Precio de alquiler: 60 euros.<\/p><\/div><\/div><div class='clear_column'><\/div>\n<div class='content-column one_half'><div style=\"padding-right:5px;padding-left:5px;\"><strong><span style=\"font-family: Arial;\">M-Audio AXIOM 61 MKII<\/span><\/strong><\/p>\n<p><span style=\"font-family: Arial;\">Controlador MIDI USB avanzado de 61 teclas semi-contrapesadas &#8211; Si necesita control e interpretaci\u00f3n MIDI integral en una soluci\u00f3n compacta, pruebe Axiom 61 MKII. Este controlador MIDI USB port\u00e1til de 61 teclas ofrece acci\u00f3n\u00a0semi-contrapesada y aftertouch asignable, adem\u00e1s de ocho pads de disparo fabricados con goma, muy \u00fatiles para programar e interpretar pistas de bater\u00eda.<\/span><\/p>\n<p style=\"text-align: center;\"><a href=\"http:\/\/alquilerdeinstrumentos.com\/wp-content\/uploads\/2022\/03\/maudio61.jpg\"><img loading=\"lazy\" decoding=\"async\" class=\"alignnone wp-image-568\" src=\"http:\/\/alquilerdeinstrumentos.com\/wp-content\/uploads\/2022\/03\/maudio61.jpg\" alt=\"\" width=\"244\" height=\"95\" \/><\/a> Precio de alquiler: 25 euros.<\/p><\/div><\/div>\n<div class='content-column one_half last_column'><div style=\"padding-right:5px;padding-left:5px;\"><span style=\"font-family: Arial;\"><strong>ACORDE\u00d3N HOHNER<\/strong><\/span><\/p>\n<p><span style=\"font-family: Arial;\">CONCERTO III. <\/span><b><span style=\"color: #0000ff; font-family: Arial;\">\u00a0<\/span><\/b><span style=\"font-family: Arial;\">5 registros en el teclado y dos en los bajos. 72 bajos. 34 teclas.<\/span><\/p>\n<p style=\"text-align: center;\"><a href=\"http:\/\/alquilerdeinstrumentos.com\/wp-content\/uploads\/2022\/03\/23102009330.jpg\"><img loading=\"lazy\" decoding=\"async\" class=\"alignnone wp-image-569 size-thumbnail\" src=\"http:\/\/alquilerdeinstrumentos.com\/wp-content\/uploads\/2022\/03\/23102009330-150x150.jpg\" alt=\"\" width=\"150\" height=\"150\" \/><\/a> <a href=\"http:\/\/alquilerdeinstrumentos.com\/wp-content\/uploads\/2022\/03\/23102009331.jpg\"><img loading=\"lazy\" decoding=\"async\" class=\"alignnone wp-image-570 size-thumbnail\" src=\"http:\/\/alquilerdeinstrumentos.com\/wp-content\/uploads\/2022\/03\/23102009331-150x150.jpg\" alt=\"\" width=\"150\" height=\"150\" \/><\/a>\u00a0 \u00a0 Precio de alquiler: 40 euros.<\/p><\/div><\/div><div class='clear_column'><\/div>\n<hr \/>\n<h2 style=\"text-align: center;\"><strong>AMPLIFICADORES DE TECLADOS:\u00a0<\/strong><strong>\u00a0<\/strong><\/h2>\n<div class='content-column one_half'><div style=\"padding-right:5px;padding-left:5px;\"><strong>Roland KC-550<\/strong><\/p>\n<p>Amplificador combo de teclado, 180W, 4 canales. Woofer de 15&#8243; + tweeter\/bocina. Interruptor de selecci\u00f3n de salida. Funci\u00f3n Shape Tacer para un r\u00e1pido ajuste de sonido. Salida XLR. Entrada XLR para micr\u00f3fono o instrumentos ac\u00fasticos. Entrada y salida izquierda est\u00e9reo para la conexi\u00f3n de un segundo KC-550 para un sonido estereof\u00f3nico. Entrada auxiliar para reproductor de CD\/MD<br \/>\nDimensiones (incluyendo ruedas): 59 x 44.5 x 53.6cm. Peso: 29kg.<\/p>\n<p style=\"text-align: center;\"><a href=\"http:\/\/alquilerdeinstrumentos.com\/wp-content\/uploads\/2022\/03\/roland-kc-550.jpg\"><img loading=\"lazy\" decoding=\"async\" class=\"alignnone wp-image-571 size-thumbnail\" src=\"http:\/\/alquilerdeinstrumentos.com\/wp-content\/uploads\/2022\/03\/roland-kc-550-150x150.jpg\" alt=\"\" width=\"150\" height=\"150\" srcset=\"https:\/\/alquilerdeinstrumentos.com\/wp-content\/uploads\/2022\/03\/roland-kc-550-150x150.jpg 150w, https:\/\/alquilerdeinstrumentos.com\/wp-content\/uploads\/2022\/03\/roland-kc-550-300x300.jpg 300w, https:\/\/alquilerdeinstrumentos.com\/wp-content\/uploads\/2022\/03\/roland-kc-550.jpg 601w\" sizes=\"auto, (max-width: 150px) 100vw, 150px\" \/><\/a>\u00a0 Precio de alquiler: 50 euros.<\/p><\/div><\/div>\n<div class='content-column one_half last_column'><div style=\"padding-right:5px;padding-left:5px;\"><span style=\"font-family: Arial;\"><strong>LANEY AH 100<\/strong><\/span><\/p>\n<p><span style=\"font-family: Arial;\">Amplificador combo para teclado\u00a0 de 80 vatios RMS de potencia, 2 canales con posibilidad de canon en el canal 1 especialmente dise\u00f1ado para micro, ecualizaci\u00f3n global de graves y agudos, reverb, 1 bafle de 10&#8243; custom driver y tweeter, entrada auxiliar rca para CD, posibilidad de colocar el amplificador en cu\u00f1a (tipo monitor) o recto.<\/span><\/p>\n<p style=\"text-align: center;\"><a href=\"http:\/\/alquilerdeinstrumentos.com\/wp-content\/uploads\/2022\/03\/HS_AH100.gif\"><img loading=\"lazy\" decoding=\"async\" class=\"alignnone wp-image-572 size-full\" src=\"http:\/\/alquilerdeinstrumentos.com\/wp-content\/uploads\/2022\/03\/HS_AH100.gif\" alt=\"\" width=\"158\" height=\"141\" \/><\/a>\u00a0 \u00a0 \u00a0 Precio de alquiler: 30 euros.<\/p><\/div><\/div><div class='clear_column'><\/div>\n<hr \/>\n<h2 style=\"text-align: center;\"><strong>SOPORTES DE TECLADOS:\u00a0\u00a0<\/strong><\/h2>\n<div class='content-column one_half'><div style=\"padding-right:5px;padding-left:5px;\"><strong>Soporte de tijeras para 1 teclado.<\/strong><\/p>\n<p style=\"text-align: center;\"><a href=\"http:\/\/alquilerdeinstrumentos.com\/wp-content\/uploads\/2022\/03\/sop-de-piano.jpg\"><img loading=\"lazy\" decoding=\"async\" class=\"alignnone wp-image-573\" src=\"http:\/\/alquilerdeinstrumentos.com\/wp-content\/uploads\/2022\/03\/sop-de-piano.jpg\" alt=\"\" width=\"92\" height=\"79\" \/><\/a>\u00a0 \u00a0 Precio de alquiler: 5 euros.<\/p>\n<p>&nbsp;<\/p><\/div><\/div>\n<div class='content-column one_half last_column'><div style=\"padding-right:5px;padding-left:5px;\"><strong>Soporte para 2 teclados.<\/strong><\/p>\n<p>Soporte para teclado de doble altura. Color negro. Altura ajustable.<\/p>\n<p style=\"text-align: center;\"><a href=\"http:\/\/alquilerdeinstrumentos.com\/wp-content\/uploads\/2022\/03\/DM-036big.jpg\"><img loading=\"lazy\" decoding=\"async\" class=\"alignnone wp-image-574 size-full\" src=\"http:\/\/alquilerdeinstrumentos.com\/wp-content\/uploads\/2022\/03\/DM-036big.jpg\" alt=\"\" width=\"141\" height=\"100\" \/><\/a> Precio de alquiler: 10 euros.<\/p><\/div><\/div><div class='clear_column'><\/div>\n<div class='content-column one_half'><div style=\"padding-right:5px;padding-left:5px;\"><strong>Hercules KS210B Soporte Tijera Simple con Extensi\u00f3n.<\/strong><\/p>\n<p>Soporte de 2 teclados en X. Tubo de acero redondo y cuadrado de 30 mm para mayor<br \/>\nresistencia. Altura del segundo teclado ajustable de 198 a 300 mm.<\/p>\n<p><img loading=\"lazy\" decoding=\"async\" class=\"sFlh5c FyHeAf iPVvYb aligncenter\" src=\"https:\/\/dolibarr-new-prod.madridhifi.com\/crm\/documents\/produit\/9\/2\/10145529\/photos\/detalle\/ks210b-hercules.jpg\" alt=\"Hercules KS210B Soporte Tijera Simple con Extensi\u00f3n\" width=\"152\" height=\"76\" \/><\/p>\n<p style=\"text-align: center;\">Precio de alquiler: 10 euros.<\/p><\/div><\/div>\n<div class='content-column one_half last_column'><div style=\"padding-right:5px;padding-left:5px;\"><strong>Hercules KS410B Soporte Pro para 2 Teclados.<\/strong><\/p>\n<p>Soporte para 2 teclados en Z. Pins de bloqueo para montajes r\u00e1pidos y seguros. Patas de goma ajustables para un mejor posicionamiento y equilibrio.<\/p>\n<p><img loading=\"lazy\" decoding=\"async\" class=\"KfAt4d aligncenter\" role=\"presentation\" src=\"https:\/\/encrypted-tbn3.gstatic.com\/shopping?q=tbn:ANd9GcT8kW_3qaKnBVlOfICT8Ovl642-Y6zWFzp3DlikLw_8hzbthUaf5Cp4b-gVF9YUW47YFsjW8WL7\" alt=\"\" width=\"76\" height=\"117\" aria-hidden=\"true\" \/><\/p>\n<p style=\"text-align: center;\">Precio de alquiler:20 euros.<\/p><\/div><\/div><div class='clear_column'><\/div>\n","protected":false},"excerpt":{"rendered":"<p>&nbsp; &nbsp; &nbsp; &nbsp; &nbsp; &nbsp; &nbsp; &nbsp; &nbsp; &nbsp; &nbsp; &nbsp; &nbsp; &nbsp; AMPLIFICADORES DE TECLADOS:\u00a0\u00a0 SOPORTES DE TECLADOS:\u00a0\u00a0<\/p>\n","protected":false},"author":1,"featured_media":0,"parent":0,"menu_order":0,"comment_status":"closed","ping_status":"closed","template":"","meta":{"spay_email":"","footnotes":""},"class_list":["post-553","page","type-page","status-publish","hentry"],"_links":{"self":[{"href":"https:\/\/alquilerdeinstrumentos.com\/index.php\/wp-json\/wp\/v2\/pages\/553","targetHints":{"allow":["GET"]}}],"collection":[{"href":"https:\/\/alquilerdeinstrumentos.com\/index.php\/wp-json\/wp\/v2\/pages"}],"about":[{"href":"https:\/\/alquilerdeinstrumentos.com\/index.php\/wp-json\/wp\/v2\/types\/page"}],"author":[{"embeddable":true,"href":"https:\/\/alquilerdeinstrumentos.com\/index.php\/wp-json\/wp\/v2\/users\/1"}],"replies":[{"embeddable":true,"href":"https:\/\/alquilerdeinstrumentos.com\/index.php\/wp-json\/wp\/v2\/comments?post=553"}],"version-history":[{"count":15,"href":"https:\/\/alquilerdeinstrumentos.com\/index.php\/wp-json\/wp\/v2\/pages\/553\/revisions"}],"predecessor-version":[{"id":1469,"href":"https:\/\/alquilerdeinstrumentos.com\/index.php\/wp-json\/wp\/v2\/pages\/553\/revisions\/1469"}],"wp:attachment":[{"href":"https:\/\/alquilerdeinstrumentos.com\/index.php\/wp-json\/wp\/v2\/media?parent=553"}],"curies":[{"name":"wp","href":"https:\/\/api.w.org\/{rel}","templated":true}]}}