{"id":577,"date":"2022-03-09T17:17:03","date_gmt":"2022-03-09T16:17:03","guid":{"rendered":"http:\/\/alquilerdeinstrumentos.com\/?page_id=577"},"modified":"2025-02-09T01:03:58","modified_gmt":"2025-02-09T00:03:58","slug":"percusion-2","status":"publish","type":"page","link":"https:\/\/alquilerdeinstrumentos.com\/index.php\/percusion-2\/","title":{"rendered":"PERCUSI\u00d3N"},"content":{"rendered":"<div class='content-column one_half'><div style=\"padding-right:5px;padding-left:5px;\"><span style=\"font-family: Arial;\"><strong>LP SET DE CONGAS<\/strong><\/span><\/p>\n<p><span style=\"font-family: Arial;\">Conga y Tumbadora Giovanni Galaxy Series.\u00a0<\/span><span class=\"descripcion_art\"><span style=\"font-family: Arial;\">Estos modelos de LP son ya un cl\u00e1sico. Utilizadas en todo el mundo por renombrados percusionistas, estos tambores tienen algunas de las mas novedosas patentes de construcci\u00f3n utilizadas en instrumentos de percusi\u00f3n\u00a0latina.<\/span><\/span><\/p>\n<p style=\"text-align: center;\"><a href=\"http:\/\/alquilerdeinstrumentos.com\/wp-content\/uploads\/2022\/03\/galaxy.jpg\"><img loading=\"lazy\" decoding=\"async\" class=\"alignnone wp-image-578 size-thumbnail\" src=\"http:\/\/alquilerdeinstrumentos.com\/wp-content\/uploads\/2022\/03\/galaxy-150x150.jpg\" alt=\"\" width=\"150\" height=\"150\" \/><\/a>\u00a0 \u00a0 Precio de alquiler: 50 euros.<\/p><\/div><\/div>\n<div class='content-column one_half last_column'><div style=\"padding-right:5px;padding-left:5px;\"><span style=\"font-family: Arial;\"><strong>CONGAS: TUMBADORA, CONGA Y QUINTO<\/strong><\/span><\/p>\n<p><span style=\"font-family: Arial;\">La l\u00ednea de congas LP Matador de Latin Percussion es ideal para el m\u00fasico activo que busca sonido y calidad, construidas de madera ecol\u00f3gica de roble del Siam, secada en horno Aros Matador Soft Strike.<\/span><\/p>\n<p style=\"text-align: center;\"><a href=\"http:\/\/alquilerdeinstrumentos.com\/wp-content\/uploads\/2022\/03\/CONGA-LP.jpg\"><img loading=\"lazy\" decoding=\"async\" class=\"alignnone wp-image-579\" src=\"http:\/\/alquilerdeinstrumentos.com\/wp-content\/uploads\/2022\/03\/CONGA-LP.jpg\" alt=\"\" width=\"141\" height=\"141\" \/><\/a> Precio de alquiler: 25 euros cada una.<\/p><\/div><\/div><div class='clear_column'><\/div>\n<div class='content-column one_half'><div style=\"padding-right:5px;padding-left:5px;\"><span style=\"font-family: Arial;\"><strong>CAJ\u00d3N FLAMENCO <\/strong><\/span><span style=\"font-family: Arial;\"><strong>Schlagwerk la Per\u00fa CP4007<\/strong><\/span><\/p>\n<p><span style=\"font-family: Arial;\">Superficie\u00a0de golpeo: Madera de ra\u00edz. Cuerpo: Aliso. Medidas: 30 x 30 x 50 cm.\u00a0 Efecto caja: Lados de la caja regulables.<\/span><\/p>\n<p style=\"text-align: center;\"><a href=\"http:\/\/alquilerdeinstrumentos.com\/wp-content\/uploads\/2022\/03\/cajon-flamenco-.jpg\"><img loading=\"lazy\" decoding=\"async\" class=\"alignnone wp-image-580\" src=\"http:\/\/alquilerdeinstrumentos.com\/wp-content\/uploads\/2022\/03\/cajon-flamenco-.jpg\" alt=\"\" width=\"110\" height=\"150\" \/><\/a>\u00a0 Precio de alquiler: 30 euros.<\/p><\/div><\/div>\n<div class='content-column one_half last_column'><div style=\"padding-right:5px;padding-left:5px;\"><span style=\"font-family: Arial;\"><strong>RUMBERAS &#8211; PAILAS serie LP Matador<\/strong><\/span><\/p>\n<p><span style=\"font-family: Arial;\">Estos tambores te dan la garant\u00eda LP. Los acabados son de una gran calidad y en el precio incluyen soporte para las pailas, cencerro y soporte para cencerro. Medidas de 14 y 15.<\/span><\/p>\n<p style=\"text-align: center;\"><a href=\"http:\/\/alquilerdeinstrumentos.com\/wp-content\/uploads\/2022\/03\/lp-matador.jpg\"><img loading=\"lazy\" decoding=\"async\" class=\"alignnone wp-image-582\" src=\"http:\/\/alquilerdeinstrumentos.com\/wp-content\/uploads\/2022\/03\/lp-matador.jpg\" alt=\"\" width=\"137\" height=\"133\" \/><\/a> Precio de alquiler: 30 euros.<\/p><\/div><\/div><div class='clear_column'><\/div>\n<div class='content-column one_half'><div style=\"padding-right:5px;padding-left:5px;\"><strong>RUMBERAS &#8211; PAILAS Meinl serie MARATHON CLASSIC 14 Y 15<\/strong><\/p>\n<p style=\"text-align: center;\"><a href=\"http:\/\/alquilerdeinstrumentos.com\/wp-content\/uploads\/2022\/03\/meinl-pailas.jpg\"><img loading=\"lazy\" decoding=\"async\" class=\"alignnone wp-image-584 size-full\" src=\"http:\/\/alquilerdeinstrumentos.com\/wp-content\/uploads\/2022\/03\/meinl-pailas.jpg\" alt=\"\" width=\"210\" height=\"177\" \/><\/a> Precio de alquiler: 30 euros.<\/p><\/div><\/div>\n<div class='content-column one_half last_column'><div style=\"padding-right:5px;padding-left:5px;\"><span class=\"titulo\" style=\"font-family: Arial;\"><strong>Bongo LP Generation II<\/strong><\/span><\/p>\n<p><span style=\"font-family: Arial;\">Bongos fabricado con madera de Roble de Siam secada en horno. Placas interiores reforzadas. Base de aleaci\u00f3n de aluminio. El contorno de los bongos es m\u00e1s pronunciado para conseguir un tono m\u00e1s claro en los agudos.<\/span><\/p>\n<p style=\"text-align: center;\"><a href=\"http:\/\/alquilerdeinstrumentos.com\/wp-content\/uploads\/2022\/03\/bongos-lp.jpg\"><img loading=\"lazy\" decoding=\"async\" class=\"alignnone wp-image-585 size-full\" src=\"http:\/\/alquilerdeinstrumentos.com\/wp-content\/uploads\/2022\/03\/bongos-lp.jpg\" alt=\"\" width=\"124\" height=\"79\" \/><\/a>\u00a0 Precio de alquiler: 30 euros.<\/p><\/div><\/div><div class='clear_column'><\/div>\n<div class='content-column one_half'><div style=\"padding-right:5px;padding-left:5px;\"><span style=\"font-family: Arial;\"><strong>TAMBORA CALYPSO<\/strong><\/span><\/p>\n<p><span style=\"font-family: Arial;\">Casco de ROBLE de Siam con parches seleccionados de piel de b\u00fafalo de 11&#8243;. Hardware cromado. Incluye correa de Nylon, batidor de madera y llave de afinaci\u00f3n.<\/span><\/p>\n<p style=\"text-align: center;\"><a href=\"http:\/\/alquilerdeinstrumentos.com\/wp-content\/uploads\/2022\/03\/tambora.jpg\"><img loading=\"lazy\" decoding=\"async\" class=\"alignnone wp-image-586\" src=\"http:\/\/alquilerdeinstrumentos.com\/wp-content\/uploads\/2022\/03\/tambora.jpg\" alt=\"\" width=\"129\" height=\"129\" \/><\/a>\u00a0 Precio de alquiler: 20 euros.<\/p><\/div><\/div>\n<div class='content-column one_half last_column'><div style=\"padding-right:5px;padding-left:5px;\"><strong>Djembe Pearl Fiberglass 14&#8243;<\/strong><\/p>\n<p style=\"text-align: center;\"><a href=\"http:\/\/alquilerdeinstrumentos.com\/wp-content\/uploads\/2023\/01\/djembe.jpg\"><img loading=\"lazy\" decoding=\"async\" class=\"alignnone wp-image-1056\" src=\"http:\/\/alquilerdeinstrumentos.com\/wp-content\/uploads\/2023\/01\/djembe-300x300.jpg\" alt=\"\" width=\"116\" height=\"116\" srcset=\"https:\/\/alquilerdeinstrumentos.com\/wp-content\/uploads\/2023\/01\/djembe-300x300.jpg 300w, https:\/\/alquilerdeinstrumentos.com\/wp-content\/uploads\/2023\/01\/djembe-150x150.jpg 150w, https:\/\/alquilerdeinstrumentos.com\/wp-content\/uploads\/2023\/01\/djembe-450x450.jpg 450w, https:\/\/alquilerdeinstrumentos.com\/wp-content\/uploads\/2023\/01\/djembe-100x100.jpg 100w, https:\/\/alquilerdeinstrumentos.com\/wp-content\/uploads\/2023\/01\/djembe.jpg 575w\" sizes=\"auto, (max-width: 116px) 100vw, 116px\" \/><\/a>\u00a0 \u00a0 Precio de alquiler: 30 euros.<\/p><\/div><\/div><div class='clear_column'><\/div>\n<div class='content-column one_half'><div style=\"padding-right:5px;padding-left:5px;\"><strong><span style=\"font-family: Arial;\">DJEMBE LP. <\/span><\/strong><span style=\"font-family: Arial;\"><strong>Galaxy Giovanni Serie<\/strong><\/span><\/p>\n<p><span style=\"font-family: Arial;\">Acabado: Natural brillante. Madera de fresno norteamericano<br \/>\nAros LP Comfort Curve II. 12 1\/2 &#8220;, alto 65cm<\/span><\/p>\n<p style=\"text-align: center;\"><a href=\"http:\/\/alquilerdeinstrumentos.com\/wp-content\/uploads\/2022\/03\/DJEMBE-LP.jpg\"><img loading=\"lazy\" decoding=\"async\" class=\"alignnone wp-image-588\" src=\"http:\/\/alquilerdeinstrumentos.com\/wp-content\/uploads\/2022\/03\/DJEMBE-LP-195x300.jpg\" alt=\"\" width=\"83\" height=\"128\" srcset=\"https:\/\/alquilerdeinstrumentos.com\/wp-content\/uploads\/2022\/03\/DJEMBE-LP-195x300.jpg 195w, https:\/\/alquilerdeinstrumentos.com\/wp-content\/uploads\/2022\/03\/DJEMBE-LP.jpg 389w\" sizes=\"auto, (max-width: 83px) 100vw, 83px\" \/><\/a> \u00a0 Precio de alquiler: 30 euros.<\/p><\/div><\/div>\n<div class='content-column one_half last_column'><div style=\"padding-right:5px;padding-left:5px;\"><span style=\"font-family: Arial;\"><strong>Meinl Udu Ibo ID1<\/strong><\/span><\/p>\n<p><span style=\"font-family: Arial;\">Grande. Estos instrumentos est\u00e1n fabricados con fibra, lo que los hace pr\u00e1cticamente\u00a0indestructibles y tienen una sonoridad excelente.<\/span><\/p>\n<p style=\"text-align: center;\"><a href=\"http:\/\/alquilerdeinstrumentos.com\/wp-content\/uploads\/2022\/03\/ibo.jpg\"><img loading=\"lazy\" decoding=\"async\" class=\"alignnone wp-image-590\" src=\"http:\/\/alquilerdeinstrumentos.com\/wp-content\/uploads\/2022\/03\/ibo-200x300.jpg\" alt=\"\" width=\"93\" height=\"140\" srcset=\"https:\/\/alquilerdeinstrumentos.com\/wp-content\/uploads\/2022\/03\/ibo-200x300.jpg 200w, https:\/\/alquilerdeinstrumentos.com\/wp-content\/uploads\/2022\/03\/ibo.jpg 235w\" sizes=\"auto, (max-width: 93px) 100vw, 93px\" \/><\/a>Precio de alquiler: 20 euros.<\/p><\/div><\/div><div class='clear_column'><\/div>\n<div class='content-column one_half'><div style=\"padding-right:5px;padding-left:5px;\"><strong><span style=\"font-family: Arial;\">PEQUE\u00d1A PERCUSI\u00d3N: <\/span><span style=\"font-family: Arial;\">CENCERRO, JAMBLOCK, TRIANGULO, PANDERETA, WOODBLOCK, CAJA CHINA, CLAVES, AGOGO, SHEKERES, MARACAS AFUCHE &#8211; CABAZA, VIBRA SLAP, GAJATE.<\/span><\/strong><\/p>\n<p style=\"text-align: center;\"><a href=\"http:\/\/alquilerdeinstrumentos.com\/wp-content\/uploads\/2022\/03\/pequena-percusion_big.png\"><img loading=\"lazy\" decoding=\"async\" class=\"alignnone wp-image-688\" src=\"http:\/\/alquilerdeinstrumentos.com\/wp-content\/uploads\/2022\/03\/pequena-percusion_big.png\" alt=\"\" width=\"115\" height=\"140\" \/><\/a>\u00a0 Precio de alquiler: 5 euros.<\/p><\/div><\/div>\n<div class='content-column one_half last_column'><div style=\"padding-right:5px;padding-left:5px;\"><strong>CORTINA DE TUBOS LP.<\/strong><\/p>\n<p style=\"text-align: center;\"><a href=\"http:\/\/alquilerdeinstrumentos.com\/wp-content\/uploads\/2022\/03\/tubos-lp.jpg\"><img loading=\"lazy\" decoding=\"async\" class=\"alignnone wp-image-591\" src=\"http:\/\/alquilerdeinstrumentos.com\/wp-content\/uploads\/2022\/03\/tubos-lp-300x209.jpg\" alt=\"\" width=\"164\" height=\"114\" srcset=\"https:\/\/alquilerdeinstrumentos.com\/wp-content\/uploads\/2022\/03\/tubos-lp-300x209.jpg 300w, https:\/\/alquilerdeinstrumentos.com\/wp-content\/uploads\/2022\/03\/tubos-lp.jpg 400w\" sizes=\"auto, (max-width: 164px) 100vw, 164px\" \/><\/a>\u00a0 Precio de alquiler: 10 euros.<\/p><\/div><\/div><div class='clear_column'><\/div>\n<div class='content-column one_half'><div style=\"padding-right:5px;padding-left:5px;\"><strong>MESA DE PERCUSI\u00d3N.<\/strong><\/p>\n<p style=\"text-align: center;\"><a href=\"http:\/\/alquilerdeinstrumentos.com\/wp-content\/uploads\/2022\/03\/mesa-percu-1.jpg\"><img loading=\"lazy\" decoding=\"async\" class=\"alignnone wp-image-592\" src=\"http:\/\/alquilerdeinstrumentos.com\/wp-content\/uploads\/2022\/03\/mesa-percu-1.jpg\" alt=\"\" width=\"71\" height=\"106\" \/><\/a>\u00a0 Precio de alquiler: 10 euros.<\/p><\/div><\/div>\n<div class='content-column one_half last_column'><div style=\"padding-right:5px;padding-left:5px;\"><strong><span style=\"font-family: Arial;\">DARBUKA ARTESANAL DE EGIPTO<\/span><span style=\"font-family: Arial;\">.<\/span><\/strong><\/p>\n<p style=\"text-align: center;\"><a href=\"http:\/\/alquilerdeinstrumentos.com\/wp-content\/uploads\/2022\/03\/derbuca.jpg\"><img loading=\"lazy\" decoding=\"async\" class=\"alignnone wp-image-593\" src=\"http:\/\/alquilerdeinstrumentos.com\/wp-content\/uploads\/2022\/03\/derbuca.jpg\" alt=\"\" width=\"150\" height=\"111\" \/><\/a>\u00a0 \u00a0 Precio de alquiler: 10 euros.<\/p><\/div><\/div><div class='clear_column'><\/div>\n<div class='content-column one_half'><div style=\"padding-right:5px;padding-left:5px;\"><strong>LP LP193 Pandereta Hi-Hat Sonajas de acero<\/strong><\/p>\n<p>F\u00e1cilmente apaga las sonajas con un simple &#8220;click&#8221;. Construcci\u00f3n en duradero pl\u00e1stico ABS. 8 pares de sonajas de lat\u00f3n.<\/p>\n<p style=\"text-align: center;\"><a href=\"http:\/\/alquilerdeinstrumentos.com\/wp-content\/uploads\/2025\/02\/Latin_Percussion_LP861200.jpg\"><img loading=\"lazy\" decoding=\"async\" class=\"alignnone wp-image-1343 \" src=\"http:\/\/alquilerdeinstrumentos.com\/wp-content\/uploads\/2025\/02\/Latin_Percussion_LP861200-300x150.jpg\" alt=\"\" width=\"170\" height=\"85\" srcset=\"https:\/\/alquilerdeinstrumentos.com\/wp-content\/uploads\/2025\/02\/Latin_Percussion_LP861200-300x150.jpg 300w, https:\/\/alquilerdeinstrumentos.com\/wp-content\/uploads\/2025\/02\/Latin_Percussion_LP861200-768x384.jpg 768w, https:\/\/alquilerdeinstrumentos.com\/wp-content\/uploads\/2025\/02\/Latin_Percussion_LP861200-600x300.jpg 600w, https:\/\/alquilerdeinstrumentos.com\/wp-content\/uploads\/2025\/02\/Latin_Percussion_LP861200.jpg 1000w\" sizes=\"auto, (max-width: 170px) 100vw, 170px\" \/><\/a><\/p>\n<p style=\"text-align: center;\">Precio de alquiler: 5 euros.<\/p><\/div><\/div>\n<div class='content-column one_half last_column'><div style=\"padding-right:5px;padding-left:5px;\"><strong>SOPORTES<\/strong><\/p>\n<p>Congas, bongos. caja, platillos, djembe etc<\/p>\n<p style=\"text-align: center;\"><a href=\"http:\/\/alquilerdeinstrumentos.com\/wp-content\/uploads\/2022\/03\/soporte-de-caja-25.jpg\"><img loading=\"lazy\" decoding=\"async\" class=\"alignnone wp-image-495 size-full\" src=\"http:\/\/alquilerdeinstrumentos.com\/wp-content\/uploads\/2022\/03\/soporte-de-caja-25.jpg\" alt=\"\" width=\"53\" height=\"95\" \/><\/a>\u00a0 \u00a0 Precio de alquiler: 10 euros.<\/p><\/div><\/div><div class='clear_column'><\/div>\n","protected":false},"excerpt":{"rendered":"","protected":false},"author":1,"featured_media":0,"parent":0,"menu_order":0,"comment_status":"closed","ping_status":"closed","template":"","meta":{"spay_email":"","footnotes":""},"class_list":["post-577","page","type-page","status-publish","hentry"],"_links":{"self":[{"href":"https:\/\/alquilerdeinstrumentos.com\/index.php\/wp-json\/wp\/v2\/pages\/577","targetHints":{"allow":["GET"]}}],"collection":[{"href":"https:\/\/alquilerdeinstrumentos.com\/index.php\/wp-json\/wp\/v2\/pages"}],"about":[{"href":"https:\/\/alquilerdeinstrumentos.com\/index.php\/wp-json\/wp\/v2\/types\/page"}],"author":[{"embeddable":true,"href":"https:\/\/alquilerdeinstrumentos.com\/index.php\/wp-json\/wp\/v2\/users\/1"}],"replies":[{"embeddable":true,"href":"https:\/\/alquilerdeinstrumentos.com\/index.php\/wp-json\/wp\/v2\/comments?post=577"}],"version-history":[{"count":11,"href":"https:\/\/alquilerdeinstrumentos.com\/index.php\/wp-json\/wp\/v2\/pages\/577\/revisions"}],"predecessor-version":[{"id":1344,"href":"https:\/\/alquilerdeinstrumentos.com\/index.php\/wp-json\/wp\/v2\/pages\/577\/revisions\/1344"}],"wp:attachment":[{"href":"https:\/\/alquilerdeinstrumentos.com\/index.php\/wp-json\/wp\/v2\/media?parent=577"}],"curies":[{"name":"wp","href":"https:\/\/api.w.org\/{rel}","templated":true}]}}