{"id":64,"date":"2022-02-22T21:13:48","date_gmt":"2022-02-22T20:13:48","guid":{"rendered":"http:\/\/alquilerdeinstrumentos.com\/?page_id=64"},"modified":"2023-08-10T10:45:11","modified_gmt":"2023-08-10T08:45:11","slug":"iluminacion","status":"publish","type":"page","link":"https:\/\/alquilerdeinstrumentos.com\/index.php\/iluminacion\/","title":{"rendered":"ILUMINACI\u00d3N"},"content":{"rendered":"<p><a href=\"http:\/\/alquilerdeinstrumentos.com\/index.php\/focos-led\/\"><img loading=\"lazy\" decoding=\"async\" class=\"alignnone wp-image-844 size-thumbnail\" src=\"http:\/\/alquilerdeinstrumentos.com\/wp-content\/uploads\/2022\/08\/focos-led-150x150.png\" alt=\"\" width=\"150\" height=\"150\" srcset=\"https:\/\/alquilerdeinstrumentos.com\/wp-content\/uploads\/2022\/08\/focos-led-150x150.png 150w, https:\/\/alquilerdeinstrumentos.com\/wp-content\/uploads\/2022\/08\/focos-led-300x300.png 300w, https:\/\/alquilerdeinstrumentos.com\/wp-content\/uploads\/2022\/08\/focos-led-768x766.png 768w, https:\/\/alquilerdeinstrumentos.com\/wp-content\/uploads\/2022\/08\/focos-led-450x450.png 450w, https:\/\/alquilerdeinstrumentos.com\/wp-content\/uploads\/2022\/08\/focos-led-600x599.png 600w, https:\/\/alquilerdeinstrumentos.com\/wp-content\/uploads\/2022\/08\/focos-led-100x100.png 100w, https:\/\/alquilerdeinstrumentos.com\/wp-content\/uploads\/2022\/08\/focos-led.png 910w\" sizes=\"auto, (max-width: 150px) 100vw, 150px\" \/><\/a>\u00a0 \u00a0 \u00a0\u00a0<a href=\"http:\/\/alquilerdeinstrumentos.com\/index.php\/cabezas-moviles\/\"><img loading=\"lazy\" decoding=\"async\" class=\"alignnone wp-image-845 size-thumbnail\" src=\"http:\/\/alquilerdeinstrumentos.com\/wp-content\/uploads\/2022\/08\/cabezas-moviles-150x150.png\" alt=\"\" width=\"150\" height=\"150\" srcset=\"https:\/\/alquilerdeinstrumentos.com\/wp-content\/uploads\/2022\/08\/cabezas-moviles-150x150.png 150w, https:\/\/alquilerdeinstrumentos.com\/wp-content\/uploads\/2022\/08\/cabezas-moviles-300x300.png 300w, https:\/\/alquilerdeinstrumentos.com\/wp-content\/uploads\/2022\/08\/cabezas-moviles-768x766.png 768w, https:\/\/alquilerdeinstrumentos.com\/wp-content\/uploads\/2022\/08\/cabezas-moviles-450x450.png 450w, https:\/\/alquilerdeinstrumentos.com\/wp-content\/uploads\/2022\/08\/cabezas-moviles-600x599.png 600w, https:\/\/alquilerdeinstrumentos.com\/wp-content\/uploads\/2022\/08\/cabezas-moviles-100x100.png 100w, https:\/\/alquilerdeinstrumentos.com\/wp-content\/uploads\/2022\/08\/cabezas-moviles.png 910w\" sizes=\"auto, (max-width: 150px) 100vw, 150px\" \/><\/a>\u00a0 \u00a0 \u00a0<a href=\"http:\/\/alquilerdeinstrumentos.com\/index.php\/mesas-dmx\/\"><img loading=\"lazy\" decoding=\"async\" class=\"alignnone wp-image-846 size-thumbnail\" src=\"http:\/\/alquilerdeinstrumentos.com\/wp-content\/uploads\/2022\/08\/mesas-DMX-150x150.png\" alt=\"\" width=\"150\" height=\"150\" srcset=\"https:\/\/alquilerdeinstrumentos.com\/wp-content\/uploads\/2022\/08\/mesas-DMX-150x150.png 150w, https:\/\/alquilerdeinstrumentos.com\/wp-content\/uploads\/2022\/08\/mesas-DMX-300x300.png 300w, https:\/\/alquilerdeinstrumentos.com\/wp-content\/uploads\/2022\/08\/mesas-DMX-768x766.png 768w, https:\/\/alquilerdeinstrumentos.com\/wp-content\/uploads\/2022\/08\/mesas-DMX-450x450.png 450w, https:\/\/alquilerdeinstrumentos.com\/wp-content\/uploads\/2022\/08\/mesas-DMX-600x599.png 600w, https:\/\/alquilerdeinstrumentos.com\/wp-content\/uploads\/2022\/08\/mesas-DMX-100x100.png 100w, https:\/\/alquilerdeinstrumentos.com\/wp-content\/uploads\/2022\/08\/mesas-DMX.png 910w\" sizes=\"auto, (max-width: 150px) 100vw, 150px\" \/><\/a>\u00a0 \u00a0 \u00a0<a href=\"http:\/\/alquilerdeinstrumentos.com\/index.php\/efectos-led\/\"><img loading=\"lazy\" decoding=\"async\" class=\"alignnone wp-image-847 size-thumbnail\" src=\"http:\/\/alquilerdeinstrumentos.com\/wp-content\/uploads\/2022\/08\/efectos-LED-150x150.png\" alt=\"\" width=\"150\" height=\"150\" srcset=\"https:\/\/alquilerdeinstrumentos.com\/wp-content\/uploads\/2022\/08\/efectos-LED-150x150.png 150w, https:\/\/alquilerdeinstrumentos.com\/wp-content\/uploads\/2022\/08\/efectos-LED-300x300.png 300w, https:\/\/alquilerdeinstrumentos.com\/wp-content\/uploads\/2022\/08\/efectos-LED-768x766.png 768w, https:\/\/alquilerdeinstrumentos.com\/wp-content\/uploads\/2022\/08\/efectos-LED-450x450.png 450w, https:\/\/alquilerdeinstrumentos.com\/wp-content\/uploads\/2022\/08\/efectos-LED-600x599.png 600w, https:\/\/alquilerdeinstrumentos.com\/wp-content\/uploads\/2022\/08\/efectos-LED-100x100.png 100w, https:\/\/alquilerdeinstrumentos.com\/wp-content\/uploads\/2022\/08\/efectos-LED.png 910w\" sizes=\"auto, (max-width: 150px) 100vw, 150px\" \/><\/a><\/p>\n<p>Alquiler de iluminaci\u00f3n<\/p>\n<p><strong>PRODUCTOS DESTACADOS:<\/strong><\/p>\n<p><span style=\"font-family: Arial;\">Barra de 4 luces:\u00a0<\/span><span style=\"font-family: Arial;\">LED KLS-200 RGB DMX. Conjunto completo con 4 puntos, los puntos individuales controlados v\u00cda DMX, tama\u00f1o compacto para facilitar el transporte,\u00a0 controlado por el sonido a trav\u00e9s del micr\u00f3fono integrado, efecto de luz estrobosc\u00f3pica, modo autom\u00e1tico, los programas internos, master \/ slave funci\u00f3n, ideal para las bandas, escenarios o artistas solistas.<\/span><\/p>\n<p style=\"text-align: center;\"><a href=\"http:\/\/alquilerdeinstrumentos.com\/wp-content\/uploads\/2022\/03\/Eurolite-LED-KLS-200-RGB-DMX.jpg\"><img loading=\"lazy\" decoding=\"async\" class=\"alignnone wp-image-264 size-thumbnail\" src=\"http:\/\/alquilerdeinstrumentos.com\/wp-content\/uploads\/2022\/03\/Eurolite-LED-KLS-200-RGB-DMX-150x150.jpg\" alt=\"\" width=\"150\" height=\"150\" srcset=\"https:\/\/alquilerdeinstrumentos.com\/wp-content\/uploads\/2022\/03\/Eurolite-LED-KLS-200-RGB-DMX-150x150.jpg 150w, https:\/\/alquilerdeinstrumentos.com\/wp-content\/uploads\/2022\/03\/Eurolite-LED-KLS-200-RGB-DMX.jpg 225w\" sizes=\"auto, (max-width: 150px) 100vw, 150px\" \/><\/a>\u00a0 \u00a0 \u00a0 \u00a0 Precio de alquiler: 15 euros.<\/p>\n<hr \/>\n<p>Audibax Kentucky 24 Doble barra m\u00f3vil.<\/p>\n<p style=\"text-align: center;\"><a href=\"http:\/\/alquilerdeinstrumentos.com\/wp-content\/uploads\/2022\/03\/audibax-kentucky-24-efecto-led.jpg\"><img loading=\"lazy\" decoding=\"async\" class=\"alignnone wp-image-267\" src=\"http:\/\/alquilerdeinstrumentos.com\/wp-content\/uploads\/2022\/03\/audibax-kentucky-24-efecto-led-300x165.jpg\" alt=\"\" width=\"165\" height=\"91\" srcset=\"https:\/\/alquilerdeinstrumentos.com\/wp-content\/uploads\/2022\/03\/audibax-kentucky-24-efecto-led-300x165.jpg 300w, https:\/\/alquilerdeinstrumentos.com\/wp-content\/uploads\/2022\/03\/audibax-kentucky-24-efecto-led.jpg 686w\" sizes=\"auto, (max-width: 165px) 100vw, 165px\" \/><\/a>\u00a0 \u00a0 \u00a0 \u00a0 Precio de alquiler: 20 euros.<\/p>\n<hr \/>\n<p>BEAMZ Nomia Doble Mini Sky RGBW. 80x 5mm leds RGBW. Shows Pre programados. Ritmo de la m\u00fasica con ajuste de sensibilidad.\u00a0 Auto con ajuste de velocidad.<\/p>\n<p style=\"text-align: center;\"><a href=\"http:\/\/alquilerdeinstrumentos.com\/wp-content\/uploads\/2022\/03\/BEAMZ-Nomia.jpg\"><img loading=\"lazy\" decoding=\"async\" class=\"alignnone wp-image-268\" src=\"http:\/\/alquilerdeinstrumentos.com\/wp-content\/uploads\/2022\/03\/BEAMZ-Nomia-300x232.jpg\" alt=\"\" width=\"139\" height=\"107\" srcset=\"https:\/\/alquilerdeinstrumentos.com\/wp-content\/uploads\/2022\/03\/BEAMZ-Nomia-300x232.jpg 300w, https:\/\/alquilerdeinstrumentos.com\/wp-content\/uploads\/2022\/03\/BEAMZ-Nomia.jpg 620w\" sizes=\"auto, (max-width: 139px) 100vw, 139px\" \/><\/a>\u00a0 \u00a0 Precio de alquiler: 20 euros.<\/p>\n","protected":false},"excerpt":{"rendered":"<p>\u00a0 \u00a0 \u00a0\u00a0\u00a0 \u00a0 \u00a0\u00a0 \u00a0 \u00a0 Alquiler de iluminaci\u00f3n PRODUCTOS DESTACADOS: Barra de 4 luces:\u00a0LED KLS-200 RGB DMX. Conjunto completo con 4 puntos, los puntos individuales controlados v\u00cda DMX, tama\u00f1o compacto para facilitar el transporte,\u00a0 controlado por el sonido a trav\u00e9s del micr\u00f3fono integrado, efecto de luz estrobosc\u00f3pica, modo autom\u00e1tico, los programas internos, master [&hellip;]<\/p>\n","protected":false},"author":1,"featured_media":0,"parent":0,"menu_order":0,"comment_status":"closed","ping_status":"closed","template":"","meta":{"spay_email":"","footnotes":""},"class_list":["post-64","page","type-page","status-publish","hentry"],"_links":{"self":[{"href":"https:\/\/alquilerdeinstrumentos.com\/index.php\/wp-json\/wp\/v2\/pages\/64","targetHints":{"allow":["GET"]}}],"collection":[{"href":"https:\/\/alquilerdeinstrumentos.com\/index.php\/wp-json\/wp\/v2\/pages"}],"about":[{"href":"https:\/\/alquilerdeinstrumentos.com\/index.php\/wp-json\/wp\/v2\/types\/page"}],"author":[{"embeddable":true,"href":"https:\/\/alquilerdeinstrumentos.com\/index.php\/wp-json\/wp\/v2\/users\/1"}],"replies":[{"embeddable":true,"href":"https:\/\/alquilerdeinstrumentos.com\/index.php\/wp-json\/wp\/v2\/comments?post=64"}],"version-history":[{"count":7,"href":"https:\/\/alquilerdeinstrumentos.com\/index.php\/wp-json\/wp\/v2\/pages\/64\/revisions"}],"predecessor-version":[{"id":1092,"href":"https:\/\/alquilerdeinstrumentos.com\/index.php\/wp-json\/wp\/v2\/pages\/64\/revisions\/1092"}],"wp:attachment":[{"href":"https:\/\/alquilerdeinstrumentos.com\/index.php\/wp-json\/wp\/v2\/media?parent=64"}],"curies":[{"name":"wp","href":"https:\/\/api.w.org\/{rel}","templated":true}]}}