{"id":72,"date":"2022-02-22T21:15:13","date_gmt":"2022-02-22T20:15:13","guid":{"rendered":"http:\/\/alquilerdeinstrumentos.com\/?page_id=72"},"modified":"2024-01-07T17:55:47","modified_gmt":"2024-01-07T16:55:47","slug":"waves","status":"publish","type":"page","link":"https:\/\/alquilerdeinstrumentos.com\/index.php\/waves\/","title":{"rendered":"Waves"},"content":{"rendered":"<p><img loading=\"lazy\" decoding=\"async\" class=\"aligncenter wp-image-1146 size-full\" src=\"http:\/\/alquilerdeinstrumentos.com\/wp-content\/uploads\/2023\/12\/images.png\" alt=\"\" width=\"273\" height=\"185\" \/><\/p>\n<p>&nbsp;<\/p>\n<p style=\"text-align: center;\">eMotion LV1 Live Mixer \u2013 32 Stereo Channels<\/p>\n<p style=\"text-align: center;\">Con 32 canales est\u00e9reo de audio inmejorable, integraci\u00f3n completa del complemento Waves y un dise\u00f1o personalizable para adaptarse a su flujo de trabajo personal, eMotion LV1 aborda cualquier desaf\u00edo de sonido en vivo.<br \/>\nEjecute ocho complementos compatibles con SoundGrid directamente en cada canal<br \/>\n32 canales de entrada est\u00e9reo\/mono, 44 canales de bus\/retorno, 8 matrices<br \/>\n16 auxiliares de monitor, 8 auxiliares de efectos, 8 grupos de audio, L\/R\/C\/Mono<br \/>\nLos complementos Waves eMo optimizados para vivo brindan procesamiento de canales<br \/>\nControl remoto con la aplicaci\u00f3n MyFOH iOS\/Android incluida<br \/>\nMezcla de monitor personal con la aplicaci\u00f3n MyMon iOS\/Android incluida<br \/>\nAdmite frecuencias de muestreo de 44,1 a 96 kHz<br \/>\nIntegraci\u00f3n fluida con el complemento de mezclador autom\u00e1tico Dugan Speech<br \/>\nComparta el mismo escenario entre m\u00faltiples LV1 en FOH y monitores<\/p>\n<p>&nbsp;<\/p>\n<p><img loading=\"lazy\" decoding=\"async\" class=\"size-full wp-image-1147 alignleft\" src=\"http:\/\/alquilerdeinstrumentos.com\/wp-content\/uploads\/2023\/12\/lv1-2.jpg\" alt=\"\" width=\"259\" height=\"194\" \/><img loading=\"lazy\" decoding=\"async\" class=\"size-full wp-image-1148 alignright\" src=\"http:\/\/alquilerdeinstrumentos.com\/wp-content\/uploads\/2023\/12\/lv1-3.jpg\" alt=\"\" width=\"278\" height=\"182\" \/><\/p>\n<p>&nbsp;<\/p>\n<hr \/>\n<p style=\"text-align: center;\"><img loading=\"lazy\" decoding=\"async\" class=\"alignnone size-medium wp-image-1149\" src=\"http:\/\/alquilerdeinstrumentos.com\/wp-content\/uploads\/2023\/12\/wsg-logo-white-300x152.jpg\" alt=\"\" width=\"300\" height=\"152\" srcset=\"https:\/\/alquilerdeinstrumentos.com\/wp-content\/uploads\/2023\/12\/wsg-logo-white-300x152.jpg 300w, https:\/\/alquilerdeinstrumentos.com\/wp-content\/uploads\/2023\/12\/wsg-logo-white-1024x518.jpg 1024w, https:\/\/alquilerdeinstrumentos.com\/wp-content\/uploads\/2023\/12\/wsg-logo-white-768x389.jpg 768w, https:\/\/alquilerdeinstrumentos.com\/wp-content\/uploads\/2023\/12\/wsg-logo-white-1536x778.jpg 1536w, https:\/\/alquilerdeinstrumentos.com\/wp-content\/uploads\/2023\/12\/wsg-logo-white-1320x668.jpg 1320w, https:\/\/alquilerdeinstrumentos.com\/wp-content\/uploads\/2023\/12\/wsg-logo-white-600x304.jpg 600w, https:\/\/alquilerdeinstrumentos.com\/wp-content\/uploads\/2023\/12\/wsg-logo-white.jpg 1596w\" sizes=\"auto, (max-width: 300px) 100vw, 300px\" \/><\/p>\n<p>&nbsp;<\/p>\n<p>Waves SuperRack- SoundGrid<br \/>\nWaves Proton Server SuperRack Combo para Consolas X32\/M32 Caracter\u00edsticas<br \/>\nMezcla, graba y realiza pruebas de sonido en tiempo real con plug-ins compatibles con SoundGrid<br \/>\nDise\u00f1ado para las consolas de mezclas en directo X32 y M32<br \/>\nAl mezclar en vivo, use el servidor Proton con una interfaz de audio SoundGrid y cualquier consola de mezclas compatible para procesar audio usando complementos de Waves con una latencia ultrabaja. El servidor Proton es ideal para usar con consolas de hardware de sonido en vivo de 16 canales (a trav\u00e9s del rack de complementos SuperRack) o con la configuraci\u00f3n de 16 canales del mezclador de software Waves eMotion LV1.<br \/>\nUtilizaci\u00f3n con cualquier interfaz SoundGrid.<br \/>\nLleve su sonido en directo al siguiente nivel conectando su mezclador X32 o M32 a la potencia del procesamiento de plugins SoundGrid a trav\u00e9s de un \u00fanico cable Ethernet. Ejecuta los plugins de ecualizaci\u00f3n, compresi\u00f3n, retardo, reverberaci\u00f3n y mejora de graves incluidos en tu mezclador (consulta los puntos de referencia m\u00e1s abajo), o elige entre cientos de plugins compatibles con SoundGrid de Waves y otras empresas.<\/p>\n<p>&nbsp;<\/p>\n<p><img loading=\"lazy\" decoding=\"async\" class=\"aligncenter wp-image-1150 size-full\" src=\"http:\/\/alquilerdeinstrumentos.com\/wp-content\/uploads\/2023\/12\/dn32-wsg-card-behringer.jpg\" alt=\"\" width=\"720\" height=\"400\" srcset=\"https:\/\/alquilerdeinstrumentos.com\/wp-content\/uploads\/2023\/12\/dn32-wsg-card-behringer.jpg 720w, https:\/\/alquilerdeinstrumentos.com\/wp-content\/uploads\/2023\/12\/dn32-wsg-card-behringer-300x167.jpg 300w, https:\/\/alquilerdeinstrumentos.com\/wp-content\/uploads\/2023\/12\/dn32-wsg-card-behringer-600x333.jpg 600w\" sizes=\"auto, (max-width: 720px) 100vw, 720px\" \/><\/p>\n<p>&nbsp;<\/p>\n<p>&nbsp;<\/p>\n<p>&nbsp;<\/p>\n<p>&nbsp;<\/p>\n<hr \/>\n<pre><\/pre>\n","protected":false},"excerpt":{"rendered":"<p>&nbsp; eMotion LV1 Live Mixer \u2013 32 Stereo Channels Con 32 canales est\u00e9reo de audio inmejorable, integraci\u00f3n completa del complemento Waves y un dise\u00f1o personalizable para adaptarse a su flujo de trabajo personal, eMotion LV1 aborda cualquier desaf\u00edo de sonido en vivo. Ejecute ocho complementos compatibles con SoundGrid directamente en cada canal 32 canales de [&hellip;]<\/p>\n","protected":false},"author":1,"featured_media":0,"parent":0,"menu_order":0,"comment_status":"closed","ping_status":"closed","template":"","meta":{"spay_email":"","footnotes":""},"class_list":["post-72","page","type-page","status-publish","hentry"],"_links":{"self":[{"href":"https:\/\/alquilerdeinstrumentos.com\/index.php\/wp-json\/wp\/v2\/pages\/72","targetHints":{"allow":["GET"]}}],"collection":[{"href":"https:\/\/alquilerdeinstrumentos.com\/index.php\/wp-json\/wp\/v2\/pages"}],"about":[{"href":"https:\/\/alquilerdeinstrumentos.com\/index.php\/wp-json\/wp\/v2\/types\/page"}],"author":[{"embeddable":true,"href":"https:\/\/alquilerdeinstrumentos.com\/index.php\/wp-json\/wp\/v2\/users\/1"}],"replies":[{"embeddable":true,"href":"https:\/\/alquilerdeinstrumentos.com\/index.php\/wp-json\/wp\/v2\/comments?post=72"}],"version-history":[{"count":13,"href":"https:\/\/alquilerdeinstrumentos.com\/index.php\/wp-json\/wp\/v2\/pages\/72\/revisions"}],"predecessor-version":[{"id":1157,"href":"https:\/\/alquilerdeinstrumentos.com\/index.php\/wp-json\/wp\/v2\/pages\/72\/revisions\/1157"}],"wp:attachment":[{"href":"https:\/\/alquilerdeinstrumentos.com\/index.php\/wp-json\/wp\/v2\/media?parent=72"}],"curies":[{"name":"wp","href":"https:\/\/api.w.org\/{rel}","templated":true}]}}