{"id":96,"date":"2022-03-06T11:20:53","date_gmt":"2022-03-06T10:20:53","guid":{"rendered":"http:\/\/alquilerdeinstrumentos.com\/?page_id=96"},"modified":"2025-12-17T13:08:26","modified_gmt":"2025-12-17T12:08:26","slug":"backline","status":"publish","type":"page","link":"https:\/\/alquilerdeinstrumentos.com\/index.php\/backline\/","title":{"rendered":"BACKLINE"},"content":{"rendered":"<p><a href=\"http:\/\/alquilerdeinstrumentos.com\/index.php\/bateria\/\"><img loading=\"lazy\" decoding=\"async\" class=\"alignnone wp-image-821 size-thumbnail\" src=\"http:\/\/alquilerdeinstrumentos.com\/wp-content\/uploads\/2022\/08\/bateria-150x150.png\" alt=\"\" width=\"150\" height=\"150\" srcset=\"https:\/\/alquilerdeinstrumentos.com\/wp-content\/uploads\/2022\/08\/bateria-150x150.png 150w, https:\/\/alquilerdeinstrumentos.com\/wp-content\/uploads\/2022\/08\/bateria-300x300.png 300w, https:\/\/alquilerdeinstrumentos.com\/wp-content\/uploads\/2022\/08\/bateria-768x766.png 768w, https:\/\/alquilerdeinstrumentos.com\/wp-content\/uploads\/2022\/08\/bateria-450x450.png 450w, https:\/\/alquilerdeinstrumentos.com\/wp-content\/uploads\/2022\/08\/bateria-600x599.png 600w, https:\/\/alquilerdeinstrumentos.com\/wp-content\/uploads\/2022\/08\/bateria-100x100.png 100w, https:\/\/alquilerdeinstrumentos.com\/wp-content\/uploads\/2022\/08\/bateria.png 910w\" sizes=\"auto, (max-width: 150px) 100vw, 150px\" \/><\/a>\u00a0 \u00a0\u00a0 <a href=\"http:\/\/alquilerdeinstrumentos.com\/index.php\/guitarra\/\"><img loading=\"lazy\" decoding=\"async\" class=\"alignnone wp-image-822 size-thumbnail\" src=\"http:\/\/alquilerdeinstrumentos.com\/wp-content\/uploads\/2022\/08\/Guitarra-150x150.png\" alt=\"\" width=\"150\" height=\"150\" srcset=\"https:\/\/alquilerdeinstrumentos.com\/wp-content\/uploads\/2022\/08\/Guitarra-150x150.png 150w, https:\/\/alquilerdeinstrumentos.com\/wp-content\/uploads\/2022\/08\/Guitarra-300x300.png 300w, https:\/\/alquilerdeinstrumentos.com\/wp-content\/uploads\/2022\/08\/Guitarra-768x766.png 768w, https:\/\/alquilerdeinstrumentos.com\/wp-content\/uploads\/2022\/08\/Guitarra-450x450.png 450w, https:\/\/alquilerdeinstrumentos.com\/wp-content\/uploads\/2022\/08\/Guitarra-600x599.png 600w, https:\/\/alquilerdeinstrumentos.com\/wp-content\/uploads\/2022\/08\/Guitarra-100x100.png 100w, https:\/\/alquilerdeinstrumentos.com\/wp-content\/uploads\/2022\/08\/Guitarra.png 910w\" sizes=\"auto, (max-width: 150px) 100vw, 150px\" \/><\/a> \u00a0 \u00a0 <a href=\"http:\/\/alquilerdeinstrumentos.com\/index.php\/bajo\/\"><img loading=\"lazy\" decoding=\"async\" class=\"alignnone wp-image-820 size-thumbnail\" src=\"http:\/\/alquilerdeinstrumentos.com\/wp-content\/uploads\/2022\/08\/Bajo-150x150.png\" alt=\"\" width=\"150\" height=\"150\" srcset=\"https:\/\/alquilerdeinstrumentos.com\/wp-content\/uploads\/2022\/08\/Bajo-150x150.png 150w, https:\/\/alquilerdeinstrumentos.com\/wp-content\/uploads\/2022\/08\/Bajo-300x300.png 300w, https:\/\/alquilerdeinstrumentos.com\/wp-content\/uploads\/2022\/08\/Bajo-768x766.png 768w, https:\/\/alquilerdeinstrumentos.com\/wp-content\/uploads\/2022\/08\/Bajo-450x450.png 450w, https:\/\/alquilerdeinstrumentos.com\/wp-content\/uploads\/2022\/08\/Bajo-600x599.png 600w, https:\/\/alquilerdeinstrumentos.com\/wp-content\/uploads\/2022\/08\/Bajo-100x100.png 100w, https:\/\/alquilerdeinstrumentos.com\/wp-content\/uploads\/2022\/08\/Bajo.png 910w\" sizes=\"auto, (max-width: 150px) 100vw, 150px\" \/><\/a>\u00a0 \u00a0\u00a0 <a href=\"http:\/\/alquilerdeinstrumentos.com\/index.php\/teclados\/\"><img loading=\"lazy\" decoding=\"async\" class=\"alignnone wp-image-824 size-thumbnail\" src=\"http:\/\/alquilerdeinstrumentos.com\/wp-content\/uploads\/2022\/08\/Teclados-150x150.png\" alt=\"\" width=\"150\" height=\"150\" srcset=\"https:\/\/alquilerdeinstrumentos.com\/wp-content\/uploads\/2022\/08\/Teclados-150x150.png 150w, https:\/\/alquilerdeinstrumentos.com\/wp-content\/uploads\/2022\/08\/Teclados-300x300.png 300w, https:\/\/alquilerdeinstrumentos.com\/wp-content\/uploads\/2022\/08\/Teclados-768x766.png 768w, https:\/\/alquilerdeinstrumentos.com\/wp-content\/uploads\/2022\/08\/Teclados-450x450.png 450w, https:\/\/alquilerdeinstrumentos.com\/wp-content\/uploads\/2022\/08\/Teclados-600x599.png 600w, https:\/\/alquilerdeinstrumentos.com\/wp-content\/uploads\/2022\/08\/Teclados-100x100.png 100w, https:\/\/alquilerdeinstrumentos.com\/wp-content\/uploads\/2022\/08\/Teclados.png 910w\" sizes=\"auto, (max-width: 150px) 100vw, 150px\" \/><\/a>\u00a0 \u00a0 \u00a0<a href=\"http:\/\/alquilerdeinstrumentos.com\/index.php\/percusion-2\/\"><img loading=\"lazy\" decoding=\"async\" class=\"alignnone wp-image-823 size-thumbnail\" src=\"http:\/\/alquilerdeinstrumentos.com\/wp-content\/uploads\/2022\/08\/Percusion-150x150.png\" alt=\"\" width=\"150\" height=\"150\" srcset=\"https:\/\/alquilerdeinstrumentos.com\/wp-content\/uploads\/2022\/08\/Percusion-150x150.png 150w, https:\/\/alquilerdeinstrumentos.com\/wp-content\/uploads\/2022\/08\/Percusion-300x300.png 300w, https:\/\/alquilerdeinstrumentos.com\/wp-content\/uploads\/2022\/08\/Percusion-768x766.png 768w, https:\/\/alquilerdeinstrumentos.com\/wp-content\/uploads\/2022\/08\/Percusion-450x450.png 450w, https:\/\/alquilerdeinstrumentos.com\/wp-content\/uploads\/2022\/08\/Percusion-600x599.png 600w, https:\/\/alquilerdeinstrumentos.com\/wp-content\/uploads\/2022\/08\/Percusion-100x100.png 100w, https:\/\/alquilerdeinstrumentos.com\/wp-content\/uploads\/2022\/08\/Percusion.png 910w\" sizes=\"auto, (max-width: 150px) 100vw, 150px\" \/><\/a><\/p>\n<p style=\"text-align: center;\">Alquiler de backline.<\/p>\n<p style=\"text-align: center;\"><strong>PRODUCTOS DESTACADOS:<\/strong><\/p>\n<div class='content-column one_fourth'><div style=\"padding-right:2px;padding-left:2px;\"><p><strong>DW Collector Standard Finish\u00a0<\/strong><\/p>\n<p>&nbsp;<\/p>\n<p>Set de bater\u00eda de alta gama de la serie Collector\u2019s de DW, acabado <em data-start=\"212\" data-end=\"224\">Finish Ply<\/em> en color <strong data-start=\"234\" data-end=\"249\">Green Glass<\/strong>. Combina est\u00e9tica impactante con la reconocida calidad sonora de DW. Ideal para bateristas profesionales que buscan rendimiento, durabilidad y un look distintivo.<\/p>\n<p>Bass Drum, 22X16. Tom 1 10\u00d708;. Tom 2 12X09;. Floor Tom 16X14<\/p>\n<p><img loading=\"lazy\" decoding=\"async\" class=\"sFlh5c FyHeAf iPVvYb aligncenter\" src=\"https:\/\/www.tamtampercusion.com\/26917-large_default\/dw-collector-standard-finish-ply-green-glass.jpg\" alt=\"DW Collector Standard Finish Ply Green Glass, comprar online\" width=\"156\" height=\"156\" \/><\/p>\n<p>Precio de alquiler: 100 euros.<\/p><\/div><\/div>\n<div class='content-column one_fourth'><div style=\"padding-right:2px;padding-left:2px;\"><p><strong>GIBSON LES PAUL<\/strong><\/p>\n<p>&nbsp;<\/p>\n<div>La Gibson Les Paul es una guitarra el\u00e9ctrica ic\u00f3nica, conocida por su dise\u00f1o de cuerpo s\u00f3lido de caoba con tapa de arce, que ofrece un tono c\u00e1lido, sostenido y vers\u00e1til. Tiene un m\u00e1stil encolado, diapas\u00f3n de palisandro y, t\u00edpicamente, dos pastillas humbucker que proporcionan un sonido potente, ideal para rock, blues y jazz. Su est\u00e9tica cl\u00e1sica, con acabados como sunburst, y su construcci\u00f3n robusta la han convertido en un est\u00e1ndar en la m\u00fasica desde los a\u00f1os 50.<\/div>\n<p><a href=\"https:\/\/alquilerdeinstrumentos.com\/wp-content\/uploads\/2025\/05\/Imagen-de-WhatsApp-2025-05-07-a-las-11.40.42_7466a690.jpg\"><img loading=\"lazy\" decoding=\"async\" class=\"alignnone wp-image-1373 \" src=\"https:\/\/alquilerdeinstrumentos.com\/wp-content\/uploads\/2025\/05\/Imagen-de-WhatsApp-2025-05-07-a-las-11.40.42_7466a690-225x300.jpg\" sizes=\"auto, (max-width: 149px) 100vw, 149px\" srcset=\"https:\/\/alquilerdeinstrumentos.com\/wp-content\/uploads\/2025\/05\/Imagen-de-WhatsApp-2025-05-07-a-las-11.40.42_7466a690-225x300.jpg 225w, https:\/\/alquilerdeinstrumentos.com\/wp-content\/uploads\/2025\/05\/Imagen-de-WhatsApp-2025-05-07-a-las-11.40.42_7466a690-768x1024.jpg 768w, https:\/\/alquilerdeinstrumentos.com\/wp-content\/uploads\/2025\/05\/Imagen-de-WhatsApp-2025-05-07-a-las-11.40.42_7466a690-1152x1536.jpg 1152w, https:\/\/alquilerdeinstrumentos.com\/wp-content\/uploads\/2025\/05\/Imagen-de-WhatsApp-2025-05-07-a-las-11.40.42_7466a690-1320x1760.jpg 1320w, https:\/\/alquilerdeinstrumentos.com\/wp-content\/uploads\/2025\/05\/Imagen-de-WhatsApp-2025-05-07-a-las-11.40.42_7466a690-600x800.jpg 600w, https:\/\/alquilerdeinstrumentos.com\/wp-content\/uploads\/2025\/05\/Imagen-de-WhatsApp-2025-05-07-a-las-11.40.42_7466a690.jpg 1530w\" alt=\"\" width=\"149\" height=\"199\" \/><\/a><\/p>\n<p>Precio de alquiler: 70 euros.<\/p><\/div><\/div>\n<div class='content-column one_fourth'><div style=\"padding-right:2px;padding-left:2px;\"><p style=\"font-weight: 400;\"><strong>YAMAHA MODX8<\/strong><\/p>\n<p>&nbsp;<\/p>\n<p>Dise\u00f1ado para pianistas profesionales, el sintetizador MODX M8 de 88 teclas ofrece<br \/>\nun sonido excepcional, control expresivo, un flujo de trabajo optimizado y un<br \/>\nmecanismo realista de martillo graduado en un dise\u00f1o compacto y liviano. Con tres<br \/>\nmotores que crean una impresionante variedad de sonidos, as\u00ed como el ADN<br \/>\ncompartido de nuestro ic\u00f3nico MONTAGE M, el MODX M eleva la expresi\u00f3n musical<br \/>\nen cualquier escenario.<\/p>\n<p><img loading=\"lazy\" decoding=\"async\" class=\"sFlh5c FyHeAf\" src=\"https:\/\/encrypted-tbn0.gstatic.com\/images?q=tbn:ANd9GcR4tRYZmosXgIk5E35S3xpVVkLTuT-3gd2whQ&amp;s\" alt=\"Yamaha MODX8+ Synthesizer Workstation | Bax Music\" width=\"212\" height=\"212\" data-ilt=\"1765886629668\" \/><\/p>\n<p>Precio de alquiler: 80 euros.<\/p><\/div><\/div>\n<div class='content-column one_fourth last_column'><div style=\"padding-right:2px;padding-left:2px;\"><p><strong>Pearl Crystal Beat Standard Blue\u00a0<\/strong><\/p>\n<p>&nbsp;<\/p>\n<p>Cascos acr\u00edlicos sin fisuras (Bombo de 7 mm \/ Toms de 6 mm). Herrajes de cromo. Bombo de 20\u2033 x 15\u2033. Tom de 10\u2033 x 07\u2033. Tom de 12\u2033 x 08\u2033. Tom de suelo de 14\u2033 x 13\u2033.<\/p>\n<p><img loading=\"lazy\" decoding=\"async\" class=\"sFlh5c FyHeAf iPVvYb aligncenter\" src=\"https:\/\/www.tamtampercusion.com\/43966-large_default\/pearl-crystal-beat-standard-blue-sapphire.jpg\" alt=\"Pearl Crystal Beat Standard Blue Sapphire\" width=\"168\" height=\"168\" \/><\/p>\n<p>Precio de alquiler: 80 euros.<\/p><\/div><\/div><div class='clear_column'><\/div>\n","protected":false},"excerpt":{"rendered":"<p>\u00a0 \u00a0\u00a0 \u00a0 \u00a0 \u00a0 \u00a0\u00a0 \u00a0 \u00a0 \u00a0 Alquiler de backline. PRODUCTOS DESTACADOS:<\/p>\n","protected":false},"author":1,"featured_media":0,"parent":0,"menu_order":0,"comment_status":"closed","ping_status":"closed","template":"","meta":{"spay_email":"","footnotes":""},"class_list":["post-96","page","type-page","status-publish","hentry"],"_links":{"self":[{"href":"https:\/\/alquilerdeinstrumentos.com\/index.php\/wp-json\/wp\/v2\/pages\/96","targetHints":{"allow":["GET"]}}],"collection":[{"href":"https:\/\/alquilerdeinstrumentos.com\/index.php\/wp-json\/wp\/v2\/pages"}],"about":[{"href":"https:\/\/alquilerdeinstrumentos.com\/index.php\/wp-json\/wp\/v2\/types\/page"}],"author":[{"embeddable":true,"href":"https:\/\/alquilerdeinstrumentos.com\/index.php\/wp-json\/wp\/v2\/users\/1"}],"replies":[{"embeddable":true,"href":"https:\/\/alquilerdeinstrumentos.com\/index.php\/wp-json\/wp\/v2\/comments?post=96"}],"version-history":[{"count":20,"href":"https:\/\/alquilerdeinstrumentos.com\/index.php\/wp-json\/wp\/v2\/pages\/96\/revisions"}],"predecessor-version":[{"id":1474,"href":"https:\/\/alquilerdeinstrumentos.com\/index.php\/wp-json\/wp\/v2\/pages\/96\/revisions\/1474"}],"wp:attachment":[{"href":"https:\/\/alquilerdeinstrumentos.com\/index.php\/wp-json\/wp\/v2\/media?parent=96"}],"curies":[{"name":"wp","href":"https:\/\/api.w.org\/{rel}","templated":true}]}}